{"id":11012,"date":"2025-12-05T22:09:09","date_gmt":"2025-12-05T22:09:09","guid":{"rendered":"https:\/\/senzorika.ajvonidol.si\/?post_type=product&#038;p=11012"},"modified":"2025-12-27T19:44:43","modified_gmt":"2025-12-27T19:44:43","slug":"serso-igra-spretnosti","status":"publish","type":"product","link":"https:\/\/senzorika-varga.si\/en\/product\/serso-igra-spretnosti\/","title":{"rendered":"Serso &#8211; Igra spretnosti"},"content":{"rendered":"<p>Serso je odli\u010den za skupinsko igro na sve\u017eem zraku, prav tako pa nudi veliko zabave tudi v zaprtih prostorih, ko de\u017euje. Poleg tega trenira motori\u010dne sposobnosti, koordinacijo rok in o\u010di ter pomaga krepiti socialne vezi. Komplet vsebuje 6 obro\u010dev, 2 jeklena nosilca in kovinsko stojalo v obliki kri\u017ea z gumijasto nogo na dnu. 9 kosov: material: kovina, plastika, guma<\/p>","protected":false},"excerpt":{"rendered":"<p>Serso je odli\u010den za skupinsko igro na sve\u017eem zraku, prav tako pa nudi veliko zabave tudi v zaprtih prostorih, ko de\u017euje. Poleg tega trenira motori\u010dne sposobnosti, koordinacijo rok in o\u010di ter pomaga krepiti socialne vezi. Komplet vsebuje 6 obro\u010dev, 2 jeklena nosilca in kovinsko stojalo v obliki kri\u017ea z gumijasto nogo na dnu. 9 kosov: material: kovina, plastika, guma<\/p>","protected":false},"featured_media":12657,"menu_order":0,"comment_status":"open","ping_status":"closed","template":"","meta":[],"product_brand":[],"product_cat":[106,101,67,105],"product_tag":[],"class_list":{"0":"post-11012","1":"product","2":"type-product","3":"status-publish","4":"has-post-thumbnail","6":"product_cat-gibanje","7":"product_cat-motorika","8":"product_cat-ravnotezje","9":"product_cat-terapija","11":"first","12":"instock","13":"taxable","14":"shipping-taxable","15":"purchasable","16":"product-type-simple"},"jetpack_sharing_enabled":true,"_links":{"self":[{"href":"https:\/\/senzorika-varga.si\/en\/wp-json\/wp\/v2\/product\/11012","targetHints":{"allow":["GET"]}}],"collection":[{"href":"https:\/\/senzorika-varga.si\/en\/wp-json\/wp\/v2\/product"}],"about":[{"href":"https:\/\/senzorika-varga.si\/en\/wp-json\/wp\/v2\/types\/product"}],"replies":[{"embeddable":true,"href":"https:\/\/senzorika-varga.si\/en\/wp-json\/wp\/v2\/comments?post=11012"}],"version-history":[{"count":1,"href":"https:\/\/senzorika-varga.si\/en\/wp-json\/wp\/v2\/product\/11012\/revisions"}],"predecessor-version":[{"id":11013,"href":"https:\/\/senzorika-varga.si\/en\/wp-json\/wp\/v2\/product\/11012\/revisions\/11013"}],"wp:featuredmedia":[{"embeddable":true,"href":"https:\/\/senzorika-varga.si\/en\/wp-json\/wp\/v2\/media\/12657"}],"wp:attachment":[{"href":"https:\/\/senzorika-varga.si\/en\/wp-json\/wp\/v2\/media?parent=11012"}],"wp:term":[{"taxonomy":"product_brand","embeddable":true,"href":"https:\/\/senzorika-varga.si\/en\/wp-json\/wp\/v2\/product_brand?post=11012"},{"taxonomy":"product_cat","embeddable":true,"href":"https:\/\/senzorika-varga.si\/en\/wp-json\/wp\/v2\/product_cat?post=11012"},{"taxonomy":"product_tag","embeddable":true,"href":"https:\/\/senzorika-varga.si\/en\/wp-json\/wp\/v2\/product_tag?post=11012"}],"curies":[{"name":"wp","href":"https:\/\/api.w.org\/{rel}","templated":true}]}}