{"id":11004,"date":"2025-12-05T22:09:05","date_gmt":"2025-12-05T22:09:05","guid":{"rendered":"https:\/\/senzorika.ajvonidol.si\/?post_type=product&#038;p=11004"},"modified":"2025-12-27T19:44:40","modified_gmt":"2025-12-27T19:44:40","slug":"kegljanje-s-stevilkami","status":"publish","type":"product","link":"https:\/\/senzorika-varga.si\/en\/product\/kegljanje-s-stevilkami\/","title":{"rendered":"Kegljanje s \u0161tevilkami"},"content":{"rendered":"<p>O\u0161tevil\u010deni keglji za kegljanje so izobra\u017eevalna razli\u010dica klasi\u010dne igre, ki zdru\u017euje telesno aktivnost z u\u010denjem \u0161tevilk. Komplet je sestavljen iz 6 pisanih kegljev, od katerih je vsak ozna\u010den z druga\u010dno \u0161tevilko, in kroglice za njihovo podiranje. To otrokom omogo\u010da, da izbolj\u0161ajo svoje matemati\u010dne spretnosti, kot so prepoznavanje \u0161tevilk, preprosta aritmetika in razvr\u0161\u010danje barv.<\/p>\n<p>Igra podpira razvoj motori\u010dne koordinacije, natan\u010dnosti in koncentracije. Skupinska igra spodbuja socialno interakcijo in timsko delo, zaradi \u010desar je odli\u010den dodatek k dejavnostim v izobra\u017eevalnih in terapevtskih okoljih.<\/p>\n<p>Komplet vsebuje: 6 kegljev in 2 kroglici<\/p>\n<p>Material: Pena<\/p>\n<p>Dimenzije (keglji): 8 x 8 x 20 cm<\/p>\n<p>Starost: 3+<\/p>","protected":false},"excerpt":{"rendered":"<p>O\u0161tevil\u010deni keglji za kegljanje so izobra\u017eevalna razli\u010dica klasi\u010dne igre, ki zdru\u017euje telesno aktivnost z u\u010denjem \u0161tevilk. Komplet je sestavljen iz 6 pisanih kegljev, od katerih je vsak ozna\u010den z druga\u010dno \u0161tevilko, in kroglice za njihovo podiranje. To otrokom omogo\u010da, da izbolj\u0161ajo svoje matemati\u010dne spretnosti, kot so prepoznavanje \u0161tevilk, preprosta aritmetika in razvr\u0161\u010danje barv.<\/p>\n<p>Igra podpira razvoj motori\u010dne koordinacije, natan\u010dnosti in koncentracije. Skupinska igra spodbuja socialno interakcijo in timsko delo, zaradi \u010desar je odli\u010den dodatek k dejavnostim v izobra\u017eevalnih in terapevtskih okoljih.<\/p>\n<p>Komplet vsebuje: 6 kegljev in 2 kroglici<\/p>\n<p>Material: Pena<\/p>\n<p>Dimenzije (keglji): 8 x 8 x 20 cm<\/p>\n<p>Starost: 3+<\/p>","protected":false},"featured_media":12650,"menu_order":0,"comment_status":"open","ping_status":"closed","template":"","meta":[],"product_brand":[],"product_cat":[106,101,67,105],"product_tag":[],"class_list":{"0":"post-11004","1":"product","2":"type-product","3":"status-publish","4":"has-post-thumbnail","6":"product_cat-gibanje","7":"product_cat-motorika","8":"product_cat-ravnotezje","9":"product_cat-terapija","11":"first","12":"instock","13":"taxable","14":"shipping-taxable","15":"purchasable","16":"product-type-simple"},"jetpack_sharing_enabled":true,"_links":{"self":[{"href":"https:\/\/senzorika-varga.si\/en\/wp-json\/wp\/v2\/product\/11004","targetHints":{"allow":["GET"]}}],"collection":[{"href":"https:\/\/senzorika-varga.si\/en\/wp-json\/wp\/v2\/product"}],"about":[{"href":"https:\/\/senzorika-varga.si\/en\/wp-json\/wp\/v2\/types\/product"}],"replies":[{"embeddable":true,"href":"https:\/\/senzorika-varga.si\/en\/wp-json\/wp\/v2\/comments?post=11004"}],"version-history":[{"count":1,"href":"https:\/\/senzorika-varga.si\/en\/wp-json\/wp\/v2\/product\/11004\/revisions"}],"predecessor-version":[{"id":11005,"href":"https:\/\/senzorika-varga.si\/en\/wp-json\/wp\/v2\/product\/11004\/revisions\/11005"}],"wp:featuredmedia":[{"embeddable":true,"href":"https:\/\/senzorika-varga.si\/en\/wp-json\/wp\/v2\/media\/12650"}],"wp:attachment":[{"href":"https:\/\/senzorika-varga.si\/en\/wp-json\/wp\/v2\/media?parent=11004"}],"wp:term":[{"taxonomy":"product_brand","embeddable":true,"href":"https:\/\/senzorika-varga.si\/en\/wp-json\/wp\/v2\/product_brand?post=11004"},{"taxonomy":"product_cat","embeddable":true,"href":"https:\/\/senzorika-varga.si\/en\/wp-json\/wp\/v2\/product_cat?post=11004"},{"taxonomy":"product_tag","embeddable":true,"href":"https:\/\/senzorika-varga.si\/en\/wp-json\/wp\/v2\/product_tag?post=11004"}],"curies":[{"name":"wp","href":"https:\/\/api.w.org\/{rel}","templated":true}]}}