{"id":11002,"date":"2025-12-05T22:09:05","date_gmt":"2025-12-05T22:09:05","guid":{"rendered":"https:\/\/senzorika.ajvonidol.si\/?post_type=product&#038;p=11002"},"modified":"2025-12-27T19:44:40","modified_gmt":"2025-12-27T19:44:40","slug":"finsko-kegljanje","status":"publish","type":"product","link":"https:\/\/senzorika-varga.si\/en\/product\/finsko-kegljanje\/","title":{"rendered":"Finsko kegljanje"},"content":{"rendered":"<p>Spretnostna igra, v kateri morate natan\u010dno metati, u\u010dinkovito \u0161teti in uporabljati pravilno strategijo. Igralci me\u010dejo leseno palico tako, da podrejo o\u0161tevil\u010dene keglje in prvi dose\u017eejo 50 to\u010dk. 12 kegljev, o\u0161tevil\u010denih od 1 do 12, 1 palica; dimenzije 22 x 4,6 cm; material: les; \u0161tevilo igralcev: 2 ali ve\u010d; starost 6+<\/p>","protected":false},"excerpt":{"rendered":"<p>Spretnostna igra, v kateri morate natan\u010dno metati, u\u010dinkovito \u0161teti in uporabljati pravilno strategijo. Igralci me\u010dejo leseno palico tako, da podrejo o\u0161tevil\u010dene keglje in prvi dose\u017eejo 50 to\u010dk. 12 kegljev, o\u0161tevil\u010denih od 1 do 12, 1 palica; dimenzije 22 x 4,6 cm; material: les; \u0161tevilo igralcev: 2 ali ve\u010d; starost 6+<\/p>","protected":false},"featured_media":12649,"menu_order":0,"comment_status":"open","ping_status":"closed","template":"","meta":[],"product_brand":[],"product_cat":[106,101,67,105],"product_tag":[],"class_list":{"0":"post-11002","1":"product","2":"type-product","3":"status-publish","4":"has-post-thumbnail","6":"product_cat-gibanje","7":"product_cat-motorika","8":"product_cat-ravnotezje","9":"product_cat-terapija","11":"first","12":"instock","13":"taxable","14":"shipping-taxable","15":"purchasable","16":"product-type-simple"},"jetpack_sharing_enabled":true,"_links":{"self":[{"href":"https:\/\/senzorika-varga.si\/en\/wp-json\/wp\/v2\/product\/11002","targetHints":{"allow":["GET"]}}],"collection":[{"href":"https:\/\/senzorika-varga.si\/en\/wp-json\/wp\/v2\/product"}],"about":[{"href":"https:\/\/senzorika-varga.si\/en\/wp-json\/wp\/v2\/types\/product"}],"replies":[{"embeddable":true,"href":"https:\/\/senzorika-varga.si\/en\/wp-json\/wp\/v2\/comments?post=11002"}],"version-history":[{"count":1,"href":"https:\/\/senzorika-varga.si\/en\/wp-json\/wp\/v2\/product\/11002\/revisions"}],"predecessor-version":[{"id":11003,"href":"https:\/\/senzorika-varga.si\/en\/wp-json\/wp\/v2\/product\/11002\/revisions\/11003"}],"wp:featuredmedia":[{"embeddable":true,"href":"https:\/\/senzorika-varga.si\/en\/wp-json\/wp\/v2\/media\/12649"}],"wp:attachment":[{"href":"https:\/\/senzorika-varga.si\/en\/wp-json\/wp\/v2\/media?parent=11002"}],"wp:term":[{"taxonomy":"product_brand","embeddable":true,"href":"https:\/\/senzorika-varga.si\/en\/wp-json\/wp\/v2\/product_brand?post=11002"},{"taxonomy":"product_cat","embeddable":true,"href":"https:\/\/senzorika-varga.si\/en\/wp-json\/wp\/v2\/product_cat?post=11002"},{"taxonomy":"product_tag","embeddable":true,"href":"https:\/\/senzorika-varga.si\/en\/wp-json\/wp\/v2\/product_tag?post=11002"}],"curies":[{"name":"wp","href":"https:\/\/api.w.org\/{rel}","templated":true}]}}