{"id":10998,"date":"2025-12-05T22:09:04","date_gmt":"2025-12-05T22:09:04","guid":{"rendered":"https:\/\/senzorika.ajvonidol.si\/?post_type=product&#038;p=10998"},"modified":"2025-12-27T19:44:40","modified_gmt":"2025-12-27T19:44:40","slug":"pihalna-zoga-igra-spretnosti-z-nalogami","status":"publish","type":"product","link":"https:\/\/senzorika-varga.si\/en\/product\/pihalna-zoga-igra-spretnosti-z-nalogami\/","title":{"rendered":"Pihalna \u017eoga &#8211; igra spretnosti z nalogami"},"content":{"rendered":"<p>Igra spretnosti Blow Ball z nalogami na karticah je dinami\u010dna igra, ki zdru\u017euje zabavo in razvoj spretnosti. Igralci z dihom premikajo majhno \u017eogico po mizi, pri \u010demer jo posku\u0161ajo postaviti na dolo\u010deno mesto ali opraviti nalogo, predstavljeno na kartici. Kartice vsebujejo razli\u010dne izzive, ki spodbujajo tako motori\u010dne sposobnosti kot koncentracijo. Igra izbolj\u0161uje koordinacijo, natan\u010dnost in reflekse, hkrati pa podpira tudi osredoto\u010denost in na\u010drtovanje gibanja.<\/p>\n<p>Material: plastika, papir (kartice).<\/p>\n<p>Dimenzije: 14 x 14 x 3 cm<\/p>\n<p>Starost: 3+<\/p>","protected":false},"excerpt":{"rendered":"<p>Igra spretnosti Blow Ball z nalogami na karticah je dinami\u010dna igra, ki zdru\u017euje zabavo in razvoj spretnosti. Igralci z dihom premikajo majhno \u017eogico po mizi, pri \u010demer jo posku\u0161ajo postaviti na dolo\u010deno mesto ali opraviti nalogo, predstavljeno na kartici. Kartice vsebujejo razli\u010dne izzive, ki spodbujajo tako motori\u010dne sposobnosti kot koncentracijo. Igra izbolj\u0161uje koordinacijo, natan\u010dnost in reflekse, hkrati pa podpira tudi osredoto\u010denost in na\u010drtovanje gibanja.<\/p>\n<p>Material: plastika, papir (kartice).<\/p>\n<p>Dimenzije: 14 x 14 x 3 cm<\/p>\n<p>Starost: 3+<\/p>","protected":false},"featured_media":12645,"menu_order":0,"comment_status":"open","ping_status":"closed","template":"","meta":[],"product_brand":[],"product_cat":[106,101,67,105],"product_tag":[],"class_list":{"0":"post-10998","1":"product","2":"type-product","3":"status-publish","4":"has-post-thumbnail","6":"product_cat-gibanje","7":"product_cat-motorika","8":"product_cat-ravnotezje","9":"product_cat-terapija","11":"first","12":"instock","13":"taxable","14":"shipping-taxable","15":"purchasable","16":"product-type-simple"},"jetpack_sharing_enabled":true,"_links":{"self":[{"href":"https:\/\/senzorika-varga.si\/en\/wp-json\/wp\/v2\/product\/10998","targetHints":{"allow":["GET"]}}],"collection":[{"href":"https:\/\/senzorika-varga.si\/en\/wp-json\/wp\/v2\/product"}],"about":[{"href":"https:\/\/senzorika-varga.si\/en\/wp-json\/wp\/v2\/types\/product"}],"replies":[{"embeddable":true,"href":"https:\/\/senzorika-varga.si\/en\/wp-json\/wp\/v2\/comments?post=10998"}],"version-history":[{"count":1,"href":"https:\/\/senzorika-varga.si\/en\/wp-json\/wp\/v2\/product\/10998\/revisions"}],"predecessor-version":[{"id":10999,"href":"https:\/\/senzorika-varga.si\/en\/wp-json\/wp\/v2\/product\/10998\/revisions\/10999"}],"wp:featuredmedia":[{"embeddable":true,"href":"https:\/\/senzorika-varga.si\/en\/wp-json\/wp\/v2\/media\/12645"}],"wp:attachment":[{"href":"https:\/\/senzorika-varga.si\/en\/wp-json\/wp\/v2\/media?parent=10998"}],"wp:term":[{"taxonomy":"product_brand","embeddable":true,"href":"https:\/\/senzorika-varga.si\/en\/wp-json\/wp\/v2\/product_brand?post=10998"},{"taxonomy":"product_cat","embeddable":true,"href":"https:\/\/senzorika-varga.si\/en\/wp-json\/wp\/v2\/product_cat?post=10998"},{"taxonomy":"product_tag","embeddable":true,"href":"https:\/\/senzorika-varga.si\/en\/wp-json\/wp\/v2\/product_tag?post=10998"}],"curies":[{"name":"wp","href":"https:\/\/api.w.org\/{rel}","templated":true}]}}