{"id":10996,"date":"2025-12-05T22:09:04","date_gmt":"2025-12-05T22:09:04","guid":{"rendered":"https:\/\/senzorika.ajvonidol.si\/?post_type=product&#038;p=10996"},"modified":"2025-12-27T19:44:40","modified_gmt":"2025-12-27T19:44:40","slug":"rokavice-za-metanje-in-lovljenje-zoge","status":"publish","type":"product","link":"https:\/\/senzorika-varga.si\/en\/product\/rokavice-za-metanje-in-lovljenje-zoge\/","title":{"rendered":"Rokavice za metanje in lovljenje \u017eoge"},"content":{"rendered":"<p>Trpe\u017ene rokavice iz lahkega materiala z je\u017ekom za lovljenje \u017eoge. 3 elementi: 2 rokavici, 1 \u017eoga; dimenzije rokavice: 19,5 x 18,5 cm (univerzalna velikost); premer \u017eoge 6,2 cm; materiali: blago, plastika; starost 5+<\/p>","protected":false},"excerpt":{"rendered":"<p>Trpe\u017ene rokavice iz lahkega materiala z je\u017ekom za lovljenje \u017eoge. 3 elementi: 2 rokavici, 1 \u017eoga; dimenzije rokavice: 19,5 x 18,5 cm (univerzalna velikost); premer \u017eoge 6,2 cm; materiali: blago, plastika; starost 5+<\/p>","protected":false},"featured_media":12644,"menu_order":0,"comment_status":"open","ping_status":"closed","template":"","meta":[],"product_brand":[],"product_cat":[106,101,67,105],"product_tag":[],"class_list":{"0":"post-10996","1":"product","2":"type-product","3":"status-publish","4":"has-post-thumbnail","6":"product_cat-gibanje","7":"product_cat-motorika","8":"product_cat-ravnotezje","9":"product_cat-terapija","11":"first","12":"instock","13":"taxable","14":"shipping-taxable","15":"purchasable","16":"product-type-simple"},"jetpack_sharing_enabled":true,"_links":{"self":[{"href":"https:\/\/senzorika-varga.si\/en\/wp-json\/wp\/v2\/product\/10996","targetHints":{"allow":["GET"]}}],"collection":[{"href":"https:\/\/senzorika-varga.si\/en\/wp-json\/wp\/v2\/product"}],"about":[{"href":"https:\/\/senzorika-varga.si\/en\/wp-json\/wp\/v2\/types\/product"}],"replies":[{"embeddable":true,"href":"https:\/\/senzorika-varga.si\/en\/wp-json\/wp\/v2\/comments?post=10996"}],"version-history":[{"count":1,"href":"https:\/\/senzorika-varga.si\/en\/wp-json\/wp\/v2\/product\/10996\/revisions"}],"predecessor-version":[{"id":10997,"href":"https:\/\/senzorika-varga.si\/en\/wp-json\/wp\/v2\/product\/10996\/revisions\/10997"}],"wp:featuredmedia":[{"embeddable":true,"href":"https:\/\/senzorika-varga.si\/en\/wp-json\/wp\/v2\/media\/12644"}],"wp:attachment":[{"href":"https:\/\/senzorika-varga.si\/en\/wp-json\/wp\/v2\/media?parent=10996"}],"wp:term":[{"taxonomy":"product_brand","embeddable":true,"href":"https:\/\/senzorika-varga.si\/en\/wp-json\/wp\/v2\/product_brand?post=10996"},{"taxonomy":"product_cat","embeddable":true,"href":"https:\/\/senzorika-varga.si\/en\/wp-json\/wp\/v2\/product_cat?post=10996"},{"taxonomy":"product_tag","embeddable":true,"href":"https:\/\/senzorika-varga.si\/en\/wp-json\/wp\/v2\/product_tag?post=10996"}],"curies":[{"name":"wp","href":"https:\/\/api.w.org\/{rel}","templated":true}]}}