{"id":10986,"date":"2025-12-05T22:09:04","date_gmt":"2025-12-05T22:09:04","guid":{"rendered":"https:\/\/senzorika.ajvonidol.si\/?post_type=product&#038;p=10986"},"modified":"2025-12-27T19:44:33","modified_gmt":"2025-12-27T19:44:33","slug":"lena-kaca","status":"publish","type":"product","link":"https:\/\/senzorika-varga.si\/en\/product\/lena-kaca\/","title":{"rendered":"Lena ka\u010da"},"content":{"rendered":"<p>Okrogla plo\u0161\u010da s progo, leseno \u017eogo in ro\u010daji za la\u017eje rokovanje. Med igro naj u\u010denci ravnajo z plo\u0161\u010do tako, da se \u017eoga premika po progi. Cilj je prepre\u010diti padec \u017eoge. Ta dejavnost razvija ro\u010dno spretnost, izbolj\u0161uje koordinacijo rok in o\u010di, pa tudi koncentracijo. dimenzije: 32 x 3 x 28 cm; material: MDF plo\u0161\u010da, debeline 12 mm v modri barvi, rde\u010da lesena \u017eoga, dimenzije 18 mm; starost: 3+<\/p>","protected":false},"excerpt":{"rendered":"<p>Okrogla plo\u0161\u010da s progo, leseno \u017eogo in ro\u010daji za la\u017eje rokovanje. Med igro naj u\u010denci ravnajo z plo\u0161\u010do tako, da se \u017eoga premika po progi. Cilj je prepre\u010diti padec \u017eoge. Ta dejavnost razvija ro\u010dno spretnost, izbolj\u0161uje koordinacijo rok in o\u010di, pa tudi koncentracijo. dimenzije: 32 x 3 x 28 cm; material: MDF plo\u0161\u010da, debeline 12 mm v modri barvi, rde\u010da lesena \u017eoga, dimenzije 18 mm; starost: 3+<\/p>","protected":false},"featured_media":12639,"menu_order":0,"comment_status":"open","ping_status":"closed","template":"","meta":[],"product_brand":[],"product_cat":[106,101,67,105],"product_tag":[],"class_list":{"0":"post-10986","1":"product","2":"type-product","3":"status-publish","4":"has-post-thumbnail","6":"product_cat-gibanje","7":"product_cat-motorika","8":"product_cat-ravnotezje","9":"product_cat-terapija","11":"first","12":"instock","13":"taxable","14":"shipping-taxable","15":"purchasable","16":"product-type-simple"},"jetpack_sharing_enabled":true,"_links":{"self":[{"href":"https:\/\/senzorika-varga.si\/en\/wp-json\/wp\/v2\/product\/10986","targetHints":{"allow":["GET"]}}],"collection":[{"href":"https:\/\/senzorika-varga.si\/en\/wp-json\/wp\/v2\/product"}],"about":[{"href":"https:\/\/senzorika-varga.si\/en\/wp-json\/wp\/v2\/types\/product"}],"replies":[{"embeddable":true,"href":"https:\/\/senzorika-varga.si\/en\/wp-json\/wp\/v2\/comments?post=10986"}],"version-history":[{"count":1,"href":"https:\/\/senzorika-varga.si\/en\/wp-json\/wp\/v2\/product\/10986\/revisions"}],"predecessor-version":[{"id":10987,"href":"https:\/\/senzorika-varga.si\/en\/wp-json\/wp\/v2\/product\/10986\/revisions\/10987"}],"wp:featuredmedia":[{"embeddable":true,"href":"https:\/\/senzorika-varga.si\/en\/wp-json\/wp\/v2\/media\/12639"}],"wp:attachment":[{"href":"https:\/\/senzorika-varga.si\/en\/wp-json\/wp\/v2\/media?parent=10986"}],"wp:term":[{"taxonomy":"product_brand","embeddable":true,"href":"https:\/\/senzorika-varga.si\/en\/wp-json\/wp\/v2\/product_brand?post=10986"},{"taxonomy":"product_cat","embeddable":true,"href":"https:\/\/senzorika-varga.si\/en\/wp-json\/wp\/v2\/product_cat?post=10986"},{"taxonomy":"product_tag","embeddable":true,"href":"https:\/\/senzorika-varga.si\/en\/wp-json\/wp\/v2\/product_tag?post=10986"}],"curies":[{"name":"wp","href":"https:\/\/api.w.org\/{rel}","templated":true}]}}