{"id":10982,"date":"2025-12-05T22:09:02","date_gmt":"2025-12-05T22:09:02","guid":{"rendered":"https:\/\/senzorika.ajvonidol.si\/?post_type=product&#038;p=10982"},"modified":"2025-12-27T19:44:33","modified_gmt":"2025-12-27T19:44:33","slug":"komplet-6-nihajnih-zog","status":"publish","type":"product","link":"https:\/\/senzorika-varga.si\/en\/product\/komplet-6-nihajnih-zog\/","title":{"rendered":"Komplet 6 nihajnih \u017eog"},"content":{"rendered":"<p>Stopalo vtaknite v zanko na gle\u017enju in z nogo naredite majhen kro\u017eni gib, da se \u017eoga zavrti okoli te noge. Ko \u017eoga pride do druge noge, presko\u010dite vrv. Dobro za razvoj koordinacije in krepitev mi\u0161ic nog. Celotna igra\u010da je izdelana iz plastike. 6 kosov, D 73 cm, premer zanke 14 cm.<\/p>","protected":false},"excerpt":{"rendered":"<p>Stopalo vtaknite v zanko na gle\u017enju in z nogo naredite majhen kro\u017eni gib, da se \u017eoga zavrti okoli te noge. Ko \u017eoga pride do druge noge, presko\u010dite vrv. Dobro za razvoj koordinacije in krepitev mi\u0161ic nog. Celotna igra\u010da je izdelana iz plastike. 6 kosov, D 73 cm, premer zanke 14 cm.<\/p>","protected":false},"featured_media":12636,"menu_order":0,"comment_status":"open","ping_status":"closed","template":"","meta":[],"product_brand":[],"product_cat":[106,101,67,105],"product_tag":[],"class_list":{"0":"post-10982","1":"product","2":"type-product","3":"status-publish","4":"has-post-thumbnail","6":"product_cat-gibanje","7":"product_cat-motorika","8":"product_cat-ravnotezje","9":"product_cat-terapija","11":"first","12":"instock","13":"taxable","14":"shipping-taxable","15":"purchasable","16":"product-type-simple"},"jetpack_sharing_enabled":true,"_links":{"self":[{"href":"https:\/\/senzorika-varga.si\/en\/wp-json\/wp\/v2\/product\/10982","targetHints":{"allow":["GET"]}}],"collection":[{"href":"https:\/\/senzorika-varga.si\/en\/wp-json\/wp\/v2\/product"}],"about":[{"href":"https:\/\/senzorika-varga.si\/en\/wp-json\/wp\/v2\/types\/product"}],"replies":[{"embeddable":true,"href":"https:\/\/senzorika-varga.si\/en\/wp-json\/wp\/v2\/comments?post=10982"}],"version-history":[{"count":1,"href":"https:\/\/senzorika-varga.si\/en\/wp-json\/wp\/v2\/product\/10982\/revisions"}],"predecessor-version":[{"id":10983,"href":"https:\/\/senzorika-varga.si\/en\/wp-json\/wp\/v2\/product\/10982\/revisions\/10983"}],"wp:featuredmedia":[{"embeddable":true,"href":"https:\/\/senzorika-varga.si\/en\/wp-json\/wp\/v2\/media\/12636"}],"wp:attachment":[{"href":"https:\/\/senzorika-varga.si\/en\/wp-json\/wp\/v2\/media?parent=10982"}],"wp:term":[{"taxonomy":"product_brand","embeddable":true,"href":"https:\/\/senzorika-varga.si\/en\/wp-json\/wp\/v2\/product_brand?post=10982"},{"taxonomy":"product_cat","embeddable":true,"href":"https:\/\/senzorika-varga.si\/en\/wp-json\/wp\/v2\/product_cat?post=10982"},{"taxonomy":"product_tag","embeddable":true,"href":"https:\/\/senzorika-varga.si\/en\/wp-json\/wp\/v2\/product_tag?post=10982"}],"curies":[{"name":"wp","href":"https:\/\/api.w.org\/{rel}","templated":true}]}}