{"id":10980,"date":"2025-12-05T22:09:02","date_gmt":"2025-12-05T22:09:02","guid":{"rendered":"https:\/\/senzorika.ajvonidol.si\/?post_type=product&#038;p=10980"},"modified":"2025-12-27T19:44:33","modified_gmt":"2025-12-27T19:44:33","slug":"ujemi-zogo","status":"publish","type":"product","link":"https:\/\/senzorika-varga.si\/en\/product\/ujemi-zogo\/","title":{"rendered":"Ujemi \u017eogo"},"content":{"rendered":"<p>Udari \u017eogico in jo poskusi ujeti v sto\u017eec, ki je z \u017eogico povezan z vrvico. Igra razvija koordinacijo in reflekse. 6 kosov v 6 barvah, dol\u017eina vrvice 85 cm, premer kroglice 7 cm, vi\u0161ina sto\u017eca 16 cm.<\/p>","protected":false},"excerpt":{"rendered":"<p>Udari \u017eogico in jo poskusi ujeti v sto\u017eec, ki je z \u017eogico povezan z vrvico. Igra razvija koordinacijo in reflekse. 6 kosov v 6 barvah, dol\u017eina vrvice 85 cm, premer kroglice 7 cm, vi\u0161ina sto\u017eca 16 cm.<\/p>","protected":false},"featured_media":12635,"menu_order":0,"comment_status":"open","ping_status":"closed","template":"","meta":[],"product_brand":[],"product_cat":[106,101,67,105],"product_tag":[],"class_list":{"0":"post-10980","1":"product","2":"type-product","3":"status-publish","4":"has-post-thumbnail","6":"product_cat-gibanje","7":"product_cat-motorika","8":"product_cat-ravnotezje","9":"product_cat-terapija","11":"first","12":"instock","13":"taxable","14":"shipping-taxable","15":"purchasable","16":"product-type-simple"},"jetpack_sharing_enabled":true,"_links":{"self":[{"href":"https:\/\/senzorika-varga.si\/en\/wp-json\/wp\/v2\/product\/10980","targetHints":{"allow":["GET"]}}],"collection":[{"href":"https:\/\/senzorika-varga.si\/en\/wp-json\/wp\/v2\/product"}],"about":[{"href":"https:\/\/senzorika-varga.si\/en\/wp-json\/wp\/v2\/types\/product"}],"replies":[{"embeddable":true,"href":"https:\/\/senzorika-varga.si\/en\/wp-json\/wp\/v2\/comments?post=10980"}],"version-history":[{"count":1,"href":"https:\/\/senzorika-varga.si\/en\/wp-json\/wp\/v2\/product\/10980\/revisions"}],"predecessor-version":[{"id":10981,"href":"https:\/\/senzorika-varga.si\/en\/wp-json\/wp\/v2\/product\/10980\/revisions\/10981"}],"wp:featuredmedia":[{"embeddable":true,"href":"https:\/\/senzorika-varga.si\/en\/wp-json\/wp\/v2\/media\/12635"}],"wp:attachment":[{"href":"https:\/\/senzorika-varga.si\/en\/wp-json\/wp\/v2\/media?parent=10980"}],"wp:term":[{"taxonomy":"product_brand","embeddable":true,"href":"https:\/\/senzorika-varga.si\/en\/wp-json\/wp\/v2\/product_brand?post=10980"},{"taxonomy":"product_cat","embeddable":true,"href":"https:\/\/senzorika-varga.si\/en\/wp-json\/wp\/v2\/product_cat?post=10980"},{"taxonomy":"product_tag","embeddable":true,"href":"https:\/\/senzorika-varga.si\/en\/wp-json\/wp\/v2\/product_tag?post=10980"}],"curies":[{"name":"wp","href":"https:\/\/api.w.org\/{rel}","templated":true}]}}