{"id":10960,"date":"2025-12-05T22:09:00","date_gmt":"2025-12-05T22:09:00","guid":{"rendered":"https:\/\/senzorika.ajvonidol.si\/?post_type=product&#038;p=10960"},"modified":"2025-12-27T19:44:29","modified_gmt":"2025-12-27T19:44:29","slug":"sal-v-obliki-vrece-za-sedenje","status":"publish","type":"product","link":"https:\/\/senzorika-varga.si\/en\/product\/sal-v-obliki-vrece-za-sedenje\/","title":{"rendered":"\u0160al v obliki vre\u010de za sedenje"},"content":{"rendered":"<p>Izdelano iz poliestrske tkanine z mo\u0161kim je\u017ekom na konicah. Za uporabo pri razli\u010dnih dejavnostih za izbolj\u0161anje koordinacije o\u010di in rok ter za igre na tar\u010do, na katere se lahko pritrdi mo\u0161ki je\u017eek. Komplet 6 kosov (oran\u017een, rumen, moder, zelen, rde\u010d in vijoli\u010den)<\/p>","protected":false},"excerpt":{"rendered":"<p>Izdelano iz poliestrske tkanine z mo\u0161kim je\u017ekom na konicah. Za uporabo pri razli\u010dnih dejavnostih za izbolj\u0161anje koordinacije o\u010di in rok ter za igre na tar\u010do, na katere se lahko pritrdi mo\u0161ki je\u017eek. Komplet 6 kosov (oran\u017een, rumen, moder, zelen, rde\u010d in vijoli\u010den)<\/p>","protected":false},"featured_media":12623,"menu_order":0,"comment_status":"open","ping_status":"closed","template":"","meta":[],"product_brand":[],"product_cat":[106,101,67,105],"product_tag":[],"class_list":{"0":"post-10960","1":"product","2":"type-product","3":"status-publish","4":"has-post-thumbnail","6":"product_cat-gibanje","7":"product_cat-motorika","8":"product_cat-ravnotezje","9":"product_cat-terapija","11":"first","12":"instock","13":"taxable","14":"shipping-taxable","15":"purchasable","16":"product-type-simple"},"jetpack_sharing_enabled":true,"_links":{"self":[{"href":"https:\/\/senzorika-varga.si\/en\/wp-json\/wp\/v2\/product\/10960","targetHints":{"allow":["GET"]}}],"collection":[{"href":"https:\/\/senzorika-varga.si\/en\/wp-json\/wp\/v2\/product"}],"about":[{"href":"https:\/\/senzorika-varga.si\/en\/wp-json\/wp\/v2\/types\/product"}],"replies":[{"embeddable":true,"href":"https:\/\/senzorika-varga.si\/en\/wp-json\/wp\/v2\/comments?post=10960"}],"version-history":[{"count":1,"href":"https:\/\/senzorika-varga.si\/en\/wp-json\/wp\/v2\/product\/10960\/revisions"}],"predecessor-version":[{"id":10961,"href":"https:\/\/senzorika-varga.si\/en\/wp-json\/wp\/v2\/product\/10960\/revisions\/10961"}],"wp:featuredmedia":[{"embeddable":true,"href":"https:\/\/senzorika-varga.si\/en\/wp-json\/wp\/v2\/media\/12623"}],"wp:attachment":[{"href":"https:\/\/senzorika-varga.si\/en\/wp-json\/wp\/v2\/media?parent=10960"}],"wp:term":[{"taxonomy":"product_brand","embeddable":true,"href":"https:\/\/senzorika-varga.si\/en\/wp-json\/wp\/v2\/product_brand?post=10960"},{"taxonomy":"product_cat","embeddable":true,"href":"https:\/\/senzorika-varga.si\/en\/wp-json\/wp\/v2\/product_cat?post=10960"},{"taxonomy":"product_tag","embeddable":true,"href":"https:\/\/senzorika-varga.si\/en\/wp-json\/wp\/v2\/product_tag?post=10960"}],"curies":[{"name":"wp","href":"https:\/\/api.w.org\/{rel}","templated":true}]}}