{"id":10958,"date":"2025-12-05T22:09:00","date_gmt":"2025-12-05T22:09:00","guid":{"rendered":"https:\/\/senzorika.ajvonidol.si\/?post_type=product&#038;p=10958"},"modified":"2025-12-27T19:44:29","modified_gmt":"2025-12-27T19:44:29","slug":"noge-acupad","status":"publish","type":"product","link":"https:\/\/senzorika-varga.si\/en\/product\/noge-acupad\/","title":{"rendered":"Noge Acupad"},"content":{"rendered":"<p>Blazinice za stopala z dvignjenimi plasti\u010dnimi vozli\u010dki. Stopanje nanje je odli\u010dna terapevtska vadba \u2013 pomaga zmanj\u0161ati stres in stimulirati \u017eiv\u010dne receptorje. Par blazinic, dol\u017eina 20 cm.<\/p>","protected":false},"excerpt":{"rendered":"<p>Blazinice za stopala z dvignjenimi plasti\u010dnimi vozli\u010dki. Stopanje nanje je odli\u010dna terapevtska vadba \u2013 pomaga zmanj\u0161ati stres in stimulirati \u017eiv\u010dne receptorje. Par blazinic, dol\u017eina 20 cm.<\/p>","protected":false},"featured_media":12622,"menu_order":0,"comment_status":"open","ping_status":"closed","template":"","meta":[],"product_brand":[],"product_cat":[106,101,67,105],"product_tag":[],"class_list":{"0":"post-10958","1":"product","2":"type-product","3":"status-publish","4":"has-post-thumbnail","6":"product_cat-gibanje","7":"product_cat-motorika","8":"product_cat-ravnotezje","9":"product_cat-terapija","11":"first","12":"instock","13":"taxable","14":"shipping-taxable","15":"purchasable","16":"product-type-simple"},"jetpack_sharing_enabled":true,"_links":{"self":[{"href":"https:\/\/senzorika-varga.si\/en\/wp-json\/wp\/v2\/product\/10958","targetHints":{"allow":["GET"]}}],"collection":[{"href":"https:\/\/senzorika-varga.si\/en\/wp-json\/wp\/v2\/product"}],"about":[{"href":"https:\/\/senzorika-varga.si\/en\/wp-json\/wp\/v2\/types\/product"}],"replies":[{"embeddable":true,"href":"https:\/\/senzorika-varga.si\/en\/wp-json\/wp\/v2\/comments?post=10958"}],"version-history":[{"count":1,"href":"https:\/\/senzorika-varga.si\/en\/wp-json\/wp\/v2\/product\/10958\/revisions"}],"predecessor-version":[{"id":10959,"href":"https:\/\/senzorika-varga.si\/en\/wp-json\/wp\/v2\/product\/10958\/revisions\/10959"}],"wp:featuredmedia":[{"embeddable":true,"href":"https:\/\/senzorika-varga.si\/en\/wp-json\/wp\/v2\/media\/12622"}],"wp:attachment":[{"href":"https:\/\/senzorika-varga.si\/en\/wp-json\/wp\/v2\/media?parent=10958"}],"wp:term":[{"taxonomy":"product_brand","embeddable":true,"href":"https:\/\/senzorika-varga.si\/en\/wp-json\/wp\/v2\/product_brand?post=10958"},{"taxonomy":"product_cat","embeddable":true,"href":"https:\/\/senzorika-varga.si\/en\/wp-json\/wp\/v2\/product_cat?post=10958"},{"taxonomy":"product_tag","embeddable":true,"href":"https:\/\/senzorika-varga.si\/en\/wp-json\/wp\/v2\/product_tag?post=10958"}],"curies":[{"name":"wp","href":"https:\/\/api.w.org\/{rel}","templated":true}]}}