{"id":10956,"date":"2025-12-05T22:09:00","date_gmt":"2025-12-05T22:09:00","guid":{"rendered":"https:\/\/senzorika.ajvonidol.si\/?post_type=product&#038;p=10956"},"modified":"2025-12-27T19:44:29","modified_gmt":"2025-12-27T19:44:29","slug":"roka-acupad","status":"publish","type":"product","link":"https:\/\/senzorika-varga.si\/en\/product\/roka-acupad\/","title":{"rendered":"Roka Acupad"},"content":{"rendered":"<p>Stimulirajte razli\u010dne dele telesa z na\u0161o roko acupad. Pomaga zmanj\u0161ati stres in tesnobo, pove\u010dati prekrvavitev in pretok energije po telesu. Idealno za terapevtsko uporabo. 2 kosa &#8211; levi in \u200b\u200bdesni.<\/p>","protected":false},"excerpt":{"rendered":"<p>Stimulirajte razli\u010dne dele telesa z na\u0161o roko acupad. Pomaga zmanj\u0161ati stres in tesnobo, pove\u010dati prekrvavitev in pretok energije po telesu. Idealno za terapevtsko uporabo. 2 kosa &#8211; levi in \u200b\u200bdesni.<\/p>","protected":false},"featured_media":12621,"menu_order":0,"comment_status":"open","ping_status":"closed","template":"","meta":[],"product_brand":[],"product_cat":[106,101,67,105],"product_tag":[],"class_list":{"0":"post-10956","1":"product","2":"type-product","3":"status-publish","4":"has-post-thumbnail","6":"product_cat-gibanje","7":"product_cat-motorika","8":"product_cat-ravnotezje","9":"product_cat-terapija","11":"first","12":"instock","13":"taxable","14":"shipping-taxable","15":"purchasable","16":"product-type-simple"},"jetpack_sharing_enabled":true,"_links":{"self":[{"href":"https:\/\/senzorika-varga.si\/en\/wp-json\/wp\/v2\/product\/10956","targetHints":{"allow":["GET"]}}],"collection":[{"href":"https:\/\/senzorika-varga.si\/en\/wp-json\/wp\/v2\/product"}],"about":[{"href":"https:\/\/senzorika-varga.si\/en\/wp-json\/wp\/v2\/types\/product"}],"replies":[{"embeddable":true,"href":"https:\/\/senzorika-varga.si\/en\/wp-json\/wp\/v2\/comments?post=10956"}],"version-history":[{"count":1,"href":"https:\/\/senzorika-varga.si\/en\/wp-json\/wp\/v2\/product\/10956\/revisions"}],"predecessor-version":[{"id":10957,"href":"https:\/\/senzorika-varga.si\/en\/wp-json\/wp\/v2\/product\/10956\/revisions\/10957"}],"wp:featuredmedia":[{"embeddable":true,"href":"https:\/\/senzorika-varga.si\/en\/wp-json\/wp\/v2\/media\/12621"}],"wp:attachment":[{"href":"https:\/\/senzorika-varga.si\/en\/wp-json\/wp\/v2\/media?parent=10956"}],"wp:term":[{"taxonomy":"product_brand","embeddable":true,"href":"https:\/\/senzorika-varga.si\/en\/wp-json\/wp\/v2\/product_brand?post=10956"},{"taxonomy":"product_cat","embeddable":true,"href":"https:\/\/senzorika-varga.si\/en\/wp-json\/wp\/v2\/product_cat?post=10956"},{"taxonomy":"product_tag","embeddable":true,"href":"https:\/\/senzorika-varga.si\/en\/wp-json\/wp\/v2\/product_tag?post=10956"}],"curies":[{"name":"wp","href":"https:\/\/api.w.org\/{rel}","templated":true}]}}