{"id":10942,"date":"2025-12-05T22:08:57","date_gmt":"2025-12-05T22:08:57","guid":{"rendered":"https:\/\/senzorika.ajvonidol.si\/?post_type=product&#038;p=10942"},"modified":"2025-12-27T19:44:25","modified_gmt":"2025-12-27T19:44:25","slug":"senzoricne-vrecke-v-vrecki","status":"publish","type":"product","link":"https:\/\/senzorika-varga.si\/en\/product\/senzoricne-vrecke-v-vrecki\/","title":{"rendered":"Senzori\u010dne vre\u010dke v vre\u010dki"},"content":{"rendered":"<p>Komplet okroglih vre\u010dk za sedenje, napolnjenih s plastiko, z vezenimi sme\u0161ki, ki ponazarjajo osnovna \u010dustva. Izdelane so iz trpe\u017ene, prijetne tkanine v izrazitih barvah. Vsako \u010dustvo predstavlja druga\u010dna barva. 7 elementov: rumena vre\u010dka &#8211; veselje, oran\u017ena &#8211; brezbri\u017enost, vijoli\u010dna &#8211; presene\u010denje, modra &#8211; \u017ealost, zelena &#8211; strah, rde\u010da &#8211; jeza. Celoten komplet je dobavljen v lepi vre\u010dki z vrvico (19 x 22 cm); polnilo: plasti\u010dne kroglice; vre\u010dka \u0160 12,5 cm<\/p>","protected":false},"excerpt":{"rendered":"<p>Komplet okroglih vre\u010dk za sedenje, napolnjenih s plastiko, z vezenimi sme\u0161ki, ki ponazarjajo osnovna \u010dustva. Izdelane so iz trpe\u017ene, prijetne tkanine v izrazitih barvah. Vsako \u010dustvo predstavlja druga\u010dna barva. 7 elementov: rumena vre\u010dka &#8211; veselje, oran\u017ena &#8211; brezbri\u017enost, vijoli\u010dna &#8211; presene\u010denje, modra &#8211; \u017ealost, zelena &#8211; strah, rde\u010da &#8211; jeza. Celoten komplet je dobavljen v lepi vre\u010dki z vrvico (19 x 22 cm); polnilo: plasti\u010dne kroglice; vre\u010dka \u0160 12,5 cm<\/p>","protected":false},"featured_media":12617,"menu_order":0,"comment_status":"open","ping_status":"closed","template":"","meta":[],"product_brand":[],"product_cat":[106,101,67,105],"product_tag":[],"class_list":{"0":"post-10942","1":"product","2":"type-product","3":"status-publish","4":"has-post-thumbnail","6":"product_cat-gibanje","7":"product_cat-motorika","8":"product_cat-ravnotezje","9":"product_cat-terapija","11":"first","12":"instock","13":"taxable","14":"shipping-taxable","15":"purchasable","16":"product-type-simple"},"jetpack_sharing_enabled":true,"_links":{"self":[{"href":"https:\/\/senzorika-varga.si\/en\/wp-json\/wp\/v2\/product\/10942","targetHints":{"allow":["GET"]}}],"collection":[{"href":"https:\/\/senzorika-varga.si\/en\/wp-json\/wp\/v2\/product"}],"about":[{"href":"https:\/\/senzorika-varga.si\/en\/wp-json\/wp\/v2\/types\/product"}],"replies":[{"embeddable":true,"href":"https:\/\/senzorika-varga.si\/en\/wp-json\/wp\/v2\/comments?post=10942"}],"version-history":[{"count":1,"href":"https:\/\/senzorika-varga.si\/en\/wp-json\/wp\/v2\/product\/10942\/revisions"}],"predecessor-version":[{"id":10943,"href":"https:\/\/senzorika-varga.si\/en\/wp-json\/wp\/v2\/product\/10942\/revisions\/10943"}],"wp:featuredmedia":[{"embeddable":true,"href":"https:\/\/senzorika-varga.si\/en\/wp-json\/wp\/v2\/media\/12617"}],"wp:attachment":[{"href":"https:\/\/senzorika-varga.si\/en\/wp-json\/wp\/v2\/media?parent=10942"}],"wp:term":[{"taxonomy":"product_brand","embeddable":true,"href":"https:\/\/senzorika-varga.si\/en\/wp-json\/wp\/v2\/product_brand?post=10942"},{"taxonomy":"product_cat","embeddable":true,"href":"https:\/\/senzorika-varga.si\/en\/wp-json\/wp\/v2\/product_cat?post=10942"},{"taxonomy":"product_tag","embeddable":true,"href":"https:\/\/senzorika-varga.si\/en\/wp-json\/wp\/v2\/product_tag?post=10942"}],"curies":[{"name":"wp","href":"https:\/\/api.w.org\/{rel}","templated":true}]}}