{"id":10928,"date":"2025-12-05T22:08:57","date_gmt":"2025-12-05T22:08:57","guid":{"rendered":"https:\/\/senzorika.ajvonidol.si\/?post_type=product&#038;p=10928"},"modified":"2025-12-27T19:44:25","modified_gmt":"2025-12-27T19:44:25","slug":"solska-ovira","status":"publish","type":"product","link":"https:\/\/senzorika-varga.si\/en\/product\/solska-ovira\/","title":{"rendered":"\u0160olska jeklena ovira"},"content":{"rendered":"<p>Izdelana iz jekla, lahka, a robustna. To je ena najbolj\u0161ih ovir za tekmovanja in treninge na \u0161olski ravni. Ima pocinkane noge ovir, pra\u0161no barvano zgornjo plast in plasti\u010dno ograjo s 5 nastavitvami vi\u0161ine v skladu s pravili IAAF. Ta ovira je pakirana v \u0161katli v razstavljenem stanju. Za la\u017eje shranjevanje in transport jo je mogo\u010de enostavno sestaviti\/razstaviti. 1 kos.<\/p>","protected":false},"excerpt":{"rendered":"<p>Izdelana iz jekla, lahka, a robustna. To je ena najbolj\u0161ih ovir za tekmovanja in treninge na \u0161olski ravni. Ima pocinkane noge ovir, pra\u0161no barvano zgornjo plast in plasti\u010dno ograjo s 5 nastavitvami vi\u0161ine v skladu s pravili IAAF. Ta ovira je pakirana v \u0161katli v razstavljenem stanju. Za la\u017eje shranjevanje in transport jo je mogo\u010de enostavno sestaviti\/razstaviti. 1 kos.<\/p>","protected":false},"featured_media":12610,"menu_order":0,"comment_status":"open","ping_status":"closed","template":"","meta":[],"product_brand":[],"product_cat":[106,101,67,105],"product_tag":[],"class_list":{"0":"post-10928","1":"product","2":"type-product","3":"status-publish","4":"has-post-thumbnail","6":"product_cat-gibanje","7":"product_cat-motorika","8":"product_cat-ravnotezje","9":"product_cat-terapija","11":"first","12":"instock","13":"taxable","14":"shipping-taxable","15":"purchasable","16":"product-type-simple"},"jetpack_sharing_enabled":true,"_links":{"self":[{"href":"https:\/\/senzorika-varga.si\/en\/wp-json\/wp\/v2\/product\/10928","targetHints":{"allow":["GET"]}}],"collection":[{"href":"https:\/\/senzorika-varga.si\/en\/wp-json\/wp\/v2\/product"}],"about":[{"href":"https:\/\/senzorika-varga.si\/en\/wp-json\/wp\/v2\/types\/product"}],"replies":[{"embeddable":true,"href":"https:\/\/senzorika-varga.si\/en\/wp-json\/wp\/v2\/comments?post=10928"}],"version-history":[{"count":2,"href":"https:\/\/senzorika-varga.si\/en\/wp-json\/wp\/v2\/product\/10928\/revisions"}],"predecessor-version":[{"id":13067,"href":"https:\/\/senzorika-varga.si\/en\/wp-json\/wp\/v2\/product\/10928\/revisions\/13067"}],"wp:featuredmedia":[{"embeddable":true,"href":"https:\/\/senzorika-varga.si\/en\/wp-json\/wp\/v2\/media\/12610"}],"wp:attachment":[{"href":"https:\/\/senzorika-varga.si\/en\/wp-json\/wp\/v2\/media?parent=10928"}],"wp:term":[{"taxonomy":"product_brand","embeddable":true,"href":"https:\/\/senzorika-varga.si\/en\/wp-json\/wp\/v2\/product_brand?post=10928"},{"taxonomy":"product_cat","embeddable":true,"href":"https:\/\/senzorika-varga.si\/en\/wp-json\/wp\/v2\/product_cat?post=10928"},{"taxonomy":"product_tag","embeddable":true,"href":"https:\/\/senzorika-varga.si\/en\/wp-json\/wp\/v2\/product_tag?post=10928"}],"curies":[{"name":"wp","href":"https:\/\/api.w.org\/{rel}","templated":true}]}}