{"id":10878,"date":"2025-12-05T22:08:50","date_gmt":"2025-12-05T22:08:50","guid":{"rendered":"https:\/\/senzorika.ajvonidol.si\/?post_type=product&#038;p=10878"},"modified":"2025-12-27T19:44:15","modified_gmt":"2025-12-27T19:44:15","slug":"opicji-raj-plezalna-lestev","status":"publish","type":"product","link":"https:\/\/senzorika-varga.si\/en\/product\/opicji-raj-plezalna-lestev\/","title":{"rendered":"Opi\u010dji raj &#8211; Plezalna lestev"},"content":{"rendered":"<p>dim.: 300 x 300 x 152 cm; te\u017ea: 44 kg; konstrukcija iz pocinkanih jeklenih cevi s premerom 2,5 cm; 16 plasti\u010dnih priklju\u010dkov z dimenzijami: 8 x 8 x 3,5 cm; najve\u010dja obremenitev: 100 kg; ni potrebna pritrditev na tla; za uporabo pod nadzorom odrasle osebe; starost: 3+<\/p>","protected":false},"excerpt":{"rendered":"<p>dim.: 300 x 300 x 152 cm; te\u017ea: 44 kg; konstrukcija iz pocinkanih jeklenih cevi s premerom 2,5 cm; 16 plasti\u010dnih priklju\u010dkov z dimenzijami: 8 x 8 x 3,5 cm; najve\u010dja obremenitev: 100 kg; ni potrebna pritrditev na tla; za uporabo pod nadzorom odrasle osebe; starost: 3+<\/p>","protected":false},"featured_media":12584,"menu_order":0,"comment_status":"open","ping_status":"closed","template":"","meta":[],"product_brand":[],"product_cat":[106,101,67,105],"product_tag":[],"class_list":{"0":"post-10878","1":"product","2":"type-product","3":"status-publish","4":"has-post-thumbnail","6":"product_cat-gibanje","7":"product_cat-motorika","8":"product_cat-ravnotezje","9":"product_cat-terapija","11":"first","12":"instock","13":"taxable","14":"shipping-taxable","15":"purchasable","16":"product-type-simple"},"jetpack_sharing_enabled":true,"_links":{"self":[{"href":"https:\/\/senzorika-varga.si\/en\/wp-json\/wp\/v2\/product\/10878","targetHints":{"allow":["GET"]}}],"collection":[{"href":"https:\/\/senzorika-varga.si\/en\/wp-json\/wp\/v2\/product"}],"about":[{"href":"https:\/\/senzorika-varga.si\/en\/wp-json\/wp\/v2\/types\/product"}],"replies":[{"embeddable":true,"href":"https:\/\/senzorika-varga.si\/en\/wp-json\/wp\/v2\/comments?post=10878"}],"version-history":[{"count":2,"href":"https:\/\/senzorika-varga.si\/en\/wp-json\/wp\/v2\/product\/10878\/revisions"}],"predecessor-version":[{"id":13066,"href":"https:\/\/senzorika-varga.si\/en\/wp-json\/wp\/v2\/product\/10878\/revisions\/13066"}],"wp:featuredmedia":[{"embeddable":true,"href":"https:\/\/senzorika-varga.si\/en\/wp-json\/wp\/v2\/media\/12584"}],"wp:attachment":[{"href":"https:\/\/senzorika-varga.si\/en\/wp-json\/wp\/v2\/media?parent=10878"}],"wp:term":[{"taxonomy":"product_brand","embeddable":true,"href":"https:\/\/senzorika-varga.si\/en\/wp-json\/wp\/v2\/product_brand?post=10878"},{"taxonomy":"product_cat","embeddable":true,"href":"https:\/\/senzorika-varga.si\/en\/wp-json\/wp\/v2\/product_cat?post=10878"},{"taxonomy":"product_tag","embeddable":true,"href":"https:\/\/senzorika-varga.si\/en\/wp-json\/wp\/v2\/product_tag?post=10878"}],"curies":[{"name":"wp","href":"https:\/\/api.w.org\/{rel}","templated":true}]}}