{"id":10870,"date":"2025-12-05T22:08:50","date_gmt":"2025-12-05T22:08:50","guid":{"rendered":"https:\/\/senzorika.ajvonidol.si\/?post_type=product&#038;p=10870"},"modified":"2025-12-27T19:44:15","modified_gmt":"2025-12-27T19:44:15","slug":"sportna-omarica-s-pripomocki","status":"publish","type":"product","link":"https:\/\/senzorika-varga.si\/en\/product\/sportna-omarica-s-pripomocki\/","title":{"rendered":"\u0160portna omarica s pripomo\u010dki"},"content":{"rendered":"<p>na kolesih, vsebuje razli\u010dne dodatke (13 vrst), 90 x 60 x 80 cm<\/p>","protected":false},"excerpt":{"rendered":"<p>na kolesih, vsebuje razli\u010dne dodatke (13 vrst), 90 x 60 x 80 cm<\/p>","protected":false},"featured_media":12579,"menu_order":0,"comment_status":"open","ping_status":"closed","template":"","meta":[],"product_brand":[],"product_cat":[106,101,67,105],"product_tag":[],"class_list":{"0":"post-10870","1":"product","2":"type-product","3":"status-publish","4":"has-post-thumbnail","6":"product_cat-gibanje","7":"product_cat-motorika","8":"product_cat-ravnotezje","9":"product_cat-terapija","11":"first","12":"instock","13":"taxable","14":"shipping-taxable","15":"purchasable","16":"product-type-simple"},"jetpack_sharing_enabled":true,"_links":{"self":[{"href":"https:\/\/senzorika-varga.si\/en\/wp-json\/wp\/v2\/product\/10870","targetHints":{"allow":["GET"]}}],"collection":[{"href":"https:\/\/senzorika-varga.si\/en\/wp-json\/wp\/v2\/product"}],"about":[{"href":"https:\/\/senzorika-varga.si\/en\/wp-json\/wp\/v2\/types\/product"}],"replies":[{"embeddable":true,"href":"https:\/\/senzorika-varga.si\/en\/wp-json\/wp\/v2\/comments?post=10870"}],"version-history":[{"count":1,"href":"https:\/\/senzorika-varga.si\/en\/wp-json\/wp\/v2\/product\/10870\/revisions"}],"predecessor-version":[{"id":10871,"href":"https:\/\/senzorika-varga.si\/en\/wp-json\/wp\/v2\/product\/10870\/revisions\/10871"}],"wp:featuredmedia":[{"embeddable":true,"href":"https:\/\/senzorika-varga.si\/en\/wp-json\/wp\/v2\/media\/12579"}],"wp:attachment":[{"href":"https:\/\/senzorika-varga.si\/en\/wp-json\/wp\/v2\/media?parent=10870"}],"wp:term":[{"taxonomy":"product_brand","embeddable":true,"href":"https:\/\/senzorika-varga.si\/en\/wp-json\/wp\/v2\/product_brand?post=10870"},{"taxonomy":"product_cat","embeddable":true,"href":"https:\/\/senzorika-varga.si\/en\/wp-json\/wp\/v2\/product_cat?post=10870"},{"taxonomy":"product_tag","embeddable":true,"href":"https:\/\/senzorika-varga.si\/en\/wp-json\/wp\/v2\/product_tag?post=10870"}],"curies":[{"name":"wp","href":"https:\/\/api.w.org\/{rel}","templated":true}]}}