{"id":10866,"date":"2025-12-05T22:08:48","date_gmt":"2025-12-05T22:08:48","guid":{"rendered":"https:\/\/senzorika.ajvonidol.si\/?post_type=product&#038;p=10866"},"modified":"2025-12-27T19:44:14","modified_gmt":"2025-12-27T19:44:14","slug":"skrinja-za-sportno-opremo","status":"publish","type":"product","link":"https:\/\/senzorika-varga.si\/en\/product\/skrinja-za-sportno-opremo\/","title":{"rendered":"Skrinja za \u0161portno opremo"},"content":{"rendered":"<p>Prakti\u010dna \u0161katla s pokrovom in kolesci za enostavno shranjevanje \u0161portne opreme v zaprtih prostorih. Zaklepanje z \u017eico. MDF iverka v sivi in \u200b\u200boran\u017eni barvi. 138 cm x 63 cm x 70 cm.<\/p>","protected":false},"excerpt":{"rendered":"<p>Prakti\u010dna \u0161katla s pokrovom in kolesci za enostavno shranjevanje \u0161portne opreme v zaprtih prostorih. Zaklepanje z \u017eico. MDF iverka v sivi in \u200b\u200boran\u017eni barvi. 138 cm x 63 cm x 70 cm.<\/p>","protected":false},"featured_media":12576,"menu_order":0,"comment_status":"open","ping_status":"closed","template":"","meta":[],"product_brand":[],"product_cat":[106,101,67,105],"product_tag":[],"class_list":{"0":"post-10866","1":"product","2":"type-product","3":"status-publish","4":"has-post-thumbnail","6":"product_cat-gibanje","7":"product_cat-motorika","8":"product_cat-ravnotezje","9":"product_cat-terapija","11":"first","12":"instock","13":"taxable","14":"shipping-taxable","15":"purchasable","16":"product-type-simple"},"jetpack_sharing_enabled":true,"_links":{"self":[{"href":"https:\/\/senzorika-varga.si\/en\/wp-json\/wp\/v2\/product\/10866","targetHints":{"allow":["GET"]}}],"collection":[{"href":"https:\/\/senzorika-varga.si\/en\/wp-json\/wp\/v2\/product"}],"about":[{"href":"https:\/\/senzorika-varga.si\/en\/wp-json\/wp\/v2\/types\/product"}],"replies":[{"embeddable":true,"href":"https:\/\/senzorika-varga.si\/en\/wp-json\/wp\/v2\/comments?post=10866"}],"version-history":[{"count":1,"href":"https:\/\/senzorika-varga.si\/en\/wp-json\/wp\/v2\/product\/10866\/revisions"}],"predecessor-version":[{"id":10867,"href":"https:\/\/senzorika-varga.si\/en\/wp-json\/wp\/v2\/product\/10866\/revisions\/10867"}],"wp:featuredmedia":[{"embeddable":true,"href":"https:\/\/senzorika-varga.si\/en\/wp-json\/wp\/v2\/media\/12576"}],"wp:attachment":[{"href":"https:\/\/senzorika-varga.si\/en\/wp-json\/wp\/v2\/media?parent=10866"}],"wp:term":[{"taxonomy":"product_brand","embeddable":true,"href":"https:\/\/senzorika-varga.si\/en\/wp-json\/wp\/v2\/product_brand?post=10866"},{"taxonomy":"product_cat","embeddable":true,"href":"https:\/\/senzorika-varga.si\/en\/wp-json\/wp\/v2\/product_cat?post=10866"},{"taxonomy":"product_tag","embeddable":true,"href":"https:\/\/senzorika-varga.si\/en\/wp-json\/wp\/v2\/product_tag?post=10866"}],"curies":[{"name":"wp","href":"https:\/\/api.w.org\/{rel}","templated":true}]}}