{"id":10862,"date":"2025-12-05T22:08:48","date_gmt":"2025-12-05T22:08:48","guid":{"rendered":"https:\/\/senzorika.ajvonidol.si\/?post_type=product&#038;p=10862"},"modified":"2025-12-27T19:44:12","modified_gmt":"2025-12-27T19:44:12","slug":"kovinska-kosara-za-zogo","status":"publish","type":"product","link":"https:\/\/senzorika-varga.si\/en\/product\/kovinska-kosara-za-zogo\/","title":{"rendered":"Kovinska ko\u0161ara za \u017eogo"},"content":{"rendered":"<p>Kovinska ko\u0161ara za \u017eoge je prakti\u010dna re\u0161itev za shranjevanje \u0161portne opreme v izobra\u017eevalnih ustanovah. Ko\u0161ara je izdelana iz trpe\u017enih cevi s premerom 15 mm in ima \u0161tiri vrtljiva kolesa za enostavno premikanje na katero koli lokacijo. Njena trdna kovinska konstrukcija zagotavlja stabilnost. Prostorna zasnova sprejme veliko \u017eog, kar olaj\u0161a organizacijo in dostopnost \u0161portne opreme. Idealna za telovadnice, \u0161portna igri\u0161\u010da ali rekreacijske prostore.<\/p>\n<p>Dimenzije: 83 x 60 x 83 cm.<\/p>","protected":false},"excerpt":{"rendered":"<p>Kovinska ko\u0161ara za \u017eoge je prakti\u010dna re\u0161itev za shranjevanje \u0161portne opreme v izobra\u017eevalnih ustanovah. Ko\u0161ara je izdelana iz trpe\u017enih cevi s premerom 15 mm in ima \u0161tiri vrtljiva kolesa za enostavno premikanje na katero koli lokacijo. Njena trdna kovinska konstrukcija zagotavlja stabilnost. Prostorna zasnova sprejme veliko \u017eog, kar olaj\u0161a organizacijo in dostopnost \u0161portne opreme. Idealna za telovadnice, \u0161portna igri\u0161\u010da ali rekreacijske prostore.<\/p>\n<p>Dimenzije: 83 x 60 x 83 cm.<\/p>","protected":false},"featured_media":12569,"menu_order":0,"comment_status":"open","ping_status":"closed","template":"","meta":[],"product_brand":[],"product_cat":[106,101,67,105],"product_tag":[],"class_list":{"0":"post-10862","1":"product","2":"type-product","3":"status-publish","4":"has-post-thumbnail","6":"product_cat-gibanje","7":"product_cat-motorika","8":"product_cat-ravnotezje","9":"product_cat-terapija","11":"first","12":"instock","13":"taxable","14":"shipping-taxable","15":"purchasable","16":"product-type-simple"},"jetpack_sharing_enabled":true,"_links":{"self":[{"href":"https:\/\/senzorika-varga.si\/en\/wp-json\/wp\/v2\/product\/10862","targetHints":{"allow":["GET"]}}],"collection":[{"href":"https:\/\/senzorika-varga.si\/en\/wp-json\/wp\/v2\/product"}],"about":[{"href":"https:\/\/senzorika-varga.si\/en\/wp-json\/wp\/v2\/types\/product"}],"replies":[{"embeddable":true,"href":"https:\/\/senzorika-varga.si\/en\/wp-json\/wp\/v2\/comments?post=10862"}],"version-history":[{"count":1,"href":"https:\/\/senzorika-varga.si\/en\/wp-json\/wp\/v2\/product\/10862\/revisions"}],"predecessor-version":[{"id":10863,"href":"https:\/\/senzorika-varga.si\/en\/wp-json\/wp\/v2\/product\/10862\/revisions\/10863"}],"wp:featuredmedia":[{"embeddable":true,"href":"https:\/\/senzorika-varga.si\/en\/wp-json\/wp\/v2\/media\/12569"}],"wp:attachment":[{"href":"https:\/\/senzorika-varga.si\/en\/wp-json\/wp\/v2\/media?parent=10862"}],"wp:term":[{"taxonomy":"product_brand","embeddable":true,"href":"https:\/\/senzorika-varga.si\/en\/wp-json\/wp\/v2\/product_brand?post=10862"},{"taxonomy":"product_cat","embeddable":true,"href":"https:\/\/senzorika-varga.si\/en\/wp-json\/wp\/v2\/product_cat?post=10862"},{"taxonomy":"product_tag","embeddable":true,"href":"https:\/\/senzorika-varga.si\/en\/wp-json\/wp\/v2\/product_tag?post=10862"}],"curies":[{"name":"wp","href":"https:\/\/api.w.org\/{rel}","templated":true}]}}