{"id":10860,"date":"2025-12-05T22:08:48","date_gmt":"2025-12-05T22:08:48","guid":{"rendered":"https:\/\/senzorika.ajvonidol.si\/?post_type=product&#038;p=10860"},"modified":"2025-12-27T19:44:11","modified_gmt":"2025-12-27T19:44:11","slug":"majhen-vozicek-za-prenasanje-zoge","status":"publish","type":"product","link":"https:\/\/senzorika-varga.si\/en\/product\/majhen-vozicek-za-prenasanje-zoge\/","title":{"rendered":"Majhen vozi\u010dek za prena\u0161anje \u017eoge"},"content":{"rendered":"<p>Prenosni vozi\u010dek lahko zlo\u017ei in razstavi ena sama oseba. Izdelan je iz aluminijastega okvirja in trpe\u017ene mre\u017easte tkanine, obrobljene z najlonsko tkanino na vrhu, in ima mo\u010dna kolesa, ki ne pu\u0161\u010dajo sledi.<\/p>","protected":false},"excerpt":{"rendered":"<p>Prenosni vozi\u010dek lahko zlo\u017ei in razstavi ena sama oseba. Izdelan je iz aluminijastega okvirja in trpe\u017ene mre\u017easte tkanine, obrobljene z najlonsko tkanino na vrhu, in ima mo\u010dna kolesa, ki ne pu\u0161\u010dajo sledi.<\/p>","protected":false},"featured_media":12567,"menu_order":0,"comment_status":"open","ping_status":"closed","template":"","meta":[],"product_brand":[],"product_cat":[106,101,67,105],"product_tag":[],"class_list":{"0":"post-10860","1":"product","2":"type-product","3":"status-publish","4":"has-post-thumbnail","6":"product_cat-gibanje","7":"product_cat-motorika","8":"product_cat-ravnotezje","9":"product_cat-terapija","11":"first","12":"instock","13":"taxable","14":"shipping-taxable","15":"purchasable","16":"product-type-simple"},"jetpack_sharing_enabled":true,"_links":{"self":[{"href":"https:\/\/senzorika-varga.si\/en\/wp-json\/wp\/v2\/product\/10860","targetHints":{"allow":["GET"]}}],"collection":[{"href":"https:\/\/senzorika-varga.si\/en\/wp-json\/wp\/v2\/product"}],"about":[{"href":"https:\/\/senzorika-varga.si\/en\/wp-json\/wp\/v2\/types\/product"}],"replies":[{"embeddable":true,"href":"https:\/\/senzorika-varga.si\/en\/wp-json\/wp\/v2\/comments?post=10860"}],"version-history":[{"count":1,"href":"https:\/\/senzorika-varga.si\/en\/wp-json\/wp\/v2\/product\/10860\/revisions"}],"predecessor-version":[{"id":10861,"href":"https:\/\/senzorika-varga.si\/en\/wp-json\/wp\/v2\/product\/10860\/revisions\/10861"}],"wp:featuredmedia":[{"embeddable":true,"href":"https:\/\/senzorika-varga.si\/en\/wp-json\/wp\/v2\/media\/12567"}],"wp:attachment":[{"href":"https:\/\/senzorika-varga.si\/en\/wp-json\/wp\/v2\/media?parent=10860"}],"wp:term":[{"taxonomy":"product_brand","embeddable":true,"href":"https:\/\/senzorika-varga.si\/en\/wp-json\/wp\/v2\/product_brand?post=10860"},{"taxonomy":"product_cat","embeddable":true,"href":"https:\/\/senzorika-varga.si\/en\/wp-json\/wp\/v2\/product_cat?post=10860"},{"taxonomy":"product_tag","embeddable":true,"href":"https:\/\/senzorika-varga.si\/en\/wp-json\/wp\/v2\/product_tag?post=10860"}],"curies":[{"name":"wp","href":"https:\/\/api.w.org\/{rel}","templated":true}]}}