{"id":10774,"date":"2025-12-05T22:08:38","date_gmt":"2025-12-05T22:08:38","guid":{"rendered":"https:\/\/senzorika.ajvonidol.si\/?post_type=product&#038;p=10774"},"modified":"2025-12-27T19:43:48","modified_gmt":"2025-12-27T19:43:48","slug":"zoga-za-skok-60-cm","status":"publish","type":"product","link":"https:\/\/senzorika-varga.si\/en\/product\/zoga-za-skok-60-cm\/","title":{"rendered":"\u017doga za skok 60 cm"},"content":{"rendered":"<p>Odbijajo\u010da \u017eoga z ro\u010dajem. Spodbuja telesno aktivnost in izbolj\u0161uje ravnote\u017eje. Specifikacije izdelka: 1 kos; premer: 60 cm; te\u017ea: 750 g; omejitev te\u017ee: do 150 kg. Barva je naklju\u010dna. \u017doga mora biti napihnjena.<\/p>","protected":false},"excerpt":{"rendered":"<p>Odbijajo\u010da \u017eoga z ro\u010dajem. Spodbuja telesno aktivnost in izbolj\u0161uje ravnote\u017eje. Specifikacije izdelka: 1 kos; premer: 60 cm; te\u017ea: 750 g; omejitev te\u017ee: do 150 kg. Barva je naklju\u010dna. \u017doga mora biti napihnjena.<\/p>","protected":false},"featured_media":12523,"menu_order":0,"comment_status":"open","ping_status":"closed","template":"","meta":[],"product_brand":[],"product_cat":[106,101,67,105],"product_tag":[],"class_list":{"0":"post-10774","1":"product","2":"type-product","3":"status-publish","4":"has-post-thumbnail","6":"product_cat-gibanje","7":"product_cat-motorika","8":"product_cat-ravnotezje","9":"product_cat-terapija","11":"first","12":"instock","13":"taxable","14":"shipping-taxable","15":"purchasable","16":"product-type-simple"},"jetpack_sharing_enabled":true,"_links":{"self":[{"href":"https:\/\/senzorika-varga.si\/en\/wp-json\/wp\/v2\/product\/10774","targetHints":{"allow":["GET"]}}],"collection":[{"href":"https:\/\/senzorika-varga.si\/en\/wp-json\/wp\/v2\/product"}],"about":[{"href":"https:\/\/senzorika-varga.si\/en\/wp-json\/wp\/v2\/types\/product"}],"replies":[{"embeddable":true,"href":"https:\/\/senzorika-varga.si\/en\/wp-json\/wp\/v2\/comments?post=10774"}],"version-history":[{"count":1,"href":"https:\/\/senzorika-varga.si\/en\/wp-json\/wp\/v2\/product\/10774\/revisions"}],"predecessor-version":[{"id":10775,"href":"https:\/\/senzorika-varga.si\/en\/wp-json\/wp\/v2\/product\/10774\/revisions\/10775"}],"wp:featuredmedia":[{"embeddable":true,"href":"https:\/\/senzorika-varga.si\/en\/wp-json\/wp\/v2\/media\/12523"}],"wp:attachment":[{"href":"https:\/\/senzorika-varga.si\/en\/wp-json\/wp\/v2\/media?parent=10774"}],"wp:term":[{"taxonomy":"product_brand","embeddable":true,"href":"https:\/\/senzorika-varga.si\/en\/wp-json\/wp\/v2\/product_brand?post=10774"},{"taxonomy":"product_cat","embeddable":true,"href":"https:\/\/senzorika-varga.si\/en\/wp-json\/wp\/v2\/product_cat?post=10774"},{"taxonomy":"product_tag","embeddable":true,"href":"https:\/\/senzorika-varga.si\/en\/wp-json\/wp\/v2\/product_tag?post=10774"}],"curies":[{"name":"wp","href":"https:\/\/api.w.org\/{rel}","templated":true}]}}