{"id":10752,"date":"2025-12-05T22:08:36","date_gmt":"2025-12-05T22:08:36","guid":{"rendered":"https:\/\/senzorika.ajvonidol.si\/?post_type=product&#038;p=10752"},"modified":"2025-12-27T19:43:44","modified_gmt":"2025-12-27T19:43:44","slug":"gozd-senzoricna-plosca","status":"publish","type":"product","link":"https:\/\/senzorika-varga.si\/en\/product\/gozd-senzoricna-plosca\/","title":{"rendered":"Gozd &#8211; Senzori\u010dna plo\u0161\u010da"},"content":{"rendered":"<p>Gozdna senzori\u010dna plo\u0161\u010da je bila ustvarjena za spodbujanje senzori\u010dnih receptorjev v rokah z replikacijo naravnih tekstur in struktur, ki jih najdemo v gozdnem okolju. Povr\u0161ina plo\u0161\u010de ponuja bogastvo taktilnih dra\u017eljajev, od mehkih in gladkih elementov, ki spominjajo na mah, do hrapavih in grobih povr\u0161in, ki posnemajo drevesno lubje in kamenje. Drsenje rok po teh raznolikih teksturah izbolj\u0161a taktilno zaznavanje, razvija natan\u010dnost gibanja in fino motoriko. Gozdna plo\u0161\u010da omogo\u010da intenzivno senzori\u010dno stimulacijo, podpira koordinacijo rok in o\u010di ter izbolj\u0161uje prostorsko zaznavanje rok. Njena raznolika struktura spodbuja ne le razvoj ob\u010dutka dotika, temve\u010d tudi senzori\u010dno integracijo, kar je pomembno v kontekstu terapije in vsakodnevnega izbolj\u0161anja ro\u010dnih spretnosti.<\/p>\n<p>Dimenzije:<\/p>\n<p>Material: les, akril, naravni materiali<\/p>\n<p>Plo\u0161\u010da je ro\u010dno izdelana, zaradi \u010desar je vsak kos edinstven in nekoliko druga\u010den od fotografij.<\/p>","protected":false},"excerpt":{"rendered":"<p>Gozdna senzori\u010dna plo\u0161\u010da je bila ustvarjena za spodbujanje senzori\u010dnih receptorjev v rokah z replikacijo naravnih tekstur in struktur, ki jih najdemo v gozdnem okolju. Povr\u0161ina plo\u0161\u010de ponuja bogastvo taktilnih dra\u017eljajev, od mehkih in gladkih elementov, ki spominjajo na mah, do hrapavih in grobih povr\u0161in, ki posnemajo drevesno lubje in kamenje. Drsenje rok po teh raznolikih teksturah izbolj\u0161a taktilno zaznavanje, razvija natan\u010dnost gibanja in fino motoriko. Gozdna plo\u0161\u010da omogo\u010da intenzivno senzori\u010dno stimulacijo, podpira koordinacijo rok in o\u010di ter izbolj\u0161uje prostorsko zaznavanje rok. Njena raznolika struktura spodbuja ne le razvoj ob\u010dutka dotika, temve\u010d tudi senzori\u010dno integracijo, kar je pomembno v kontekstu terapije in vsakodnevnega izbolj\u0161anja ro\u010dnih spretnosti.<\/p>\n<p>Dimenzije:<\/p>\n<p>Material: les, akril, naravni materiali<\/p>\n<p>Plo\u0161\u010da je ro\u010dno izdelana, zaradi \u010desar je vsak kos edinstven in nekoliko druga\u010den od fotografij.<\/p>","protected":false},"featured_media":12503,"menu_order":0,"comment_status":"open","ping_status":"closed","template":"","meta":[],"product_brand":[],"product_cat":[84],"product_tag":[],"class_list":{"0":"post-10752","1":"product","2":"type-product","3":"status-publish","4":"has-post-thumbnail","6":"product_cat-taktilno-razlikovanje","8":"first","9":"instock","10":"taxable","11":"shipping-taxable","12":"purchasable","13":"product-type-simple"},"jetpack_sharing_enabled":true,"_links":{"self":[{"href":"https:\/\/senzorika-varga.si\/en\/wp-json\/wp\/v2\/product\/10752","targetHints":{"allow":["GET"]}}],"collection":[{"href":"https:\/\/senzorika-varga.si\/en\/wp-json\/wp\/v2\/product"}],"about":[{"href":"https:\/\/senzorika-varga.si\/en\/wp-json\/wp\/v2\/types\/product"}],"replies":[{"embeddable":true,"href":"https:\/\/senzorika-varga.si\/en\/wp-json\/wp\/v2\/comments?post=10752"}],"version-history":[{"count":1,"href":"https:\/\/senzorika-varga.si\/en\/wp-json\/wp\/v2\/product\/10752\/revisions"}],"predecessor-version":[{"id":10753,"href":"https:\/\/senzorika-varga.si\/en\/wp-json\/wp\/v2\/product\/10752\/revisions\/10753"}],"wp:featuredmedia":[{"embeddable":true,"href":"https:\/\/senzorika-varga.si\/en\/wp-json\/wp\/v2\/media\/12503"}],"wp:attachment":[{"href":"https:\/\/senzorika-varga.si\/en\/wp-json\/wp\/v2\/media?parent=10752"}],"wp:term":[{"taxonomy":"product_brand","embeddable":true,"href":"https:\/\/senzorika-varga.si\/en\/wp-json\/wp\/v2\/product_brand?post=10752"},{"taxonomy":"product_cat","embeddable":true,"href":"https:\/\/senzorika-varga.si\/en\/wp-json\/wp\/v2\/product_cat?post=10752"},{"taxonomy":"product_tag","embeddable":true,"href":"https:\/\/senzorika-varga.si\/en\/wp-json\/wp\/v2\/product_tag?post=10752"}],"curies":[{"name":"wp","href":"https:\/\/api.w.org\/{rel}","templated":true}]}}