{"id":10748,"date":"2025-12-05T22:08:36","date_gmt":"2025-12-05T22:08:36","guid":{"rendered":"https:\/\/senzorika.ajvonidol.si\/?post_type=product&#038;p=10748"},"modified":"2025-12-27T19:43:44","modified_gmt":"2025-12-27T19:43:44","slug":"krogi-komplet-8-senzoricnih-led-talnih-panelov","status":"publish","type":"product","link":"https:\/\/senzorika-varga.si\/en\/product\/krogi-komplet-8-senzoricnih-led-talnih-panelov\/","title":{"rendered":"Krogi &#8211; Komplet 8 senzori\u010dnih  talnih plo\u0161\u010d"},"content":{"rendered":"<p>Senzori\u010dne poti spodbujajo senzori\u010dne receptorje. Ko otroci sledijo poti iz naravnih materialov, \u017eiv\u010dni sistem obdeluje senzori\u010dne dra\u017eljaje razli\u010dnih intenzivnosti. Razli\u010dne teksture zagotavljajo \u0161tevilne fizi\u010dne ob\u010dutke: zbadajo\u010de, mehko, trdo, hladno itd. Z dodatnimi aktivnostmi na poti, kot sta skakanje ali spreminjanje vi\u0161ine, lahko otroci trenirajo propriocepcijo. Vaje, ki so pravilno pripravljene in prilagojene otrokovi starosti, bodo pomagale razviti vse mi\u0161i\u010dne skupine in posturalne reflekse. Prav tako bodo uravnavale mi\u0161i\u010dno napetost in trenirale ob\u010dutek za ravnote\u017eje z vplivom na vse motori\u010dne funkcije.<\/p>\n<p>8 plo\u0161\u010d, dimenzije: premer 15 cm, 25 cm, 30 cm in 35 cm;<\/p>\n<p>material: les, teksture: pomponi, kovinski ore\u0161ki, mehka puhasta tkanina, le\u010da, \u010drni kamen, kav\u010dukove kroglice, umetna trava, himalajska sol;<\/p>\n<p>starost: 3+<\/p>","protected":false},"excerpt":{"rendered":"<p>Senzori\u010dne poti spodbujajo senzori\u010dne receptorje. Ko otroci sledijo poti iz naravnih materialov, \u017eiv\u010dni sistem obdeluje senzori\u010dne dra\u017eljaje razli\u010dnih intenzivnosti. Razli\u010dne teksture zagotavljajo \u0161tevilne fizi\u010dne ob\u010dutke: zbadajo\u010de, mehko, trdo, hladno itd. Z dodatnimi aktivnostmi na poti, kot sta skakanje ali spreminjanje vi\u0161ine, lahko otroci trenirajo propriocepcijo. Vaje, ki so pravilno pripravljene in prilagojene otrokovi starosti, bodo pomagale razviti vse mi\u0161i\u010dne skupine in posturalne reflekse. Prav tako bodo uravnavale mi\u0161i\u010dno napetost in trenirale ob\u010dutek za ravnote\u017eje z vplivom na vse motori\u010dne funkcije.<\/p>\n<p>8 plo\u0161\u010d, dimenzije: premer 15 cm, 25 cm, 30 cm in 35 cm;<\/p>\n<p>material: les, teksture: pomponi, kovinski ore\u0161ki, mehka puhasta tkanina, le\u010da, \u010drni kamen, kav\u010dukove kroglice, umetna trava, himalajska sol;<\/p>\n<p>starost: 3+<\/p>","protected":false},"featured_media":12498,"menu_order":0,"comment_status":"open","ping_status":"closed","template":"","meta":[],"product_brand":[],"product_cat":[106,101,67,105],"product_tag":[],"class_list":{"0":"post-10748","1":"product","2":"type-product","3":"status-publish","4":"has-post-thumbnail","6":"product_cat-gibanje","7":"product_cat-motorika","8":"product_cat-ravnotezje","9":"product_cat-terapija","11":"first","12":"instock","13":"taxable","14":"shipping-taxable","15":"purchasable","16":"product-type-simple"},"jetpack_sharing_enabled":true,"_links":{"self":[{"href":"https:\/\/senzorika-varga.si\/en\/wp-json\/wp\/v2\/product\/10748","targetHints":{"allow":["GET"]}}],"collection":[{"href":"https:\/\/senzorika-varga.si\/en\/wp-json\/wp\/v2\/product"}],"about":[{"href":"https:\/\/senzorika-varga.si\/en\/wp-json\/wp\/v2\/types\/product"}],"replies":[{"embeddable":true,"href":"https:\/\/senzorika-varga.si\/en\/wp-json\/wp\/v2\/comments?post=10748"}],"version-history":[{"count":2,"href":"https:\/\/senzorika-varga.si\/en\/wp-json\/wp\/v2\/product\/10748\/revisions"}],"predecessor-version":[{"id":13061,"href":"https:\/\/senzorika-varga.si\/en\/wp-json\/wp\/v2\/product\/10748\/revisions\/13061"}],"wp:featuredmedia":[{"embeddable":true,"href":"https:\/\/senzorika-varga.si\/en\/wp-json\/wp\/v2\/media\/12498"}],"wp:attachment":[{"href":"https:\/\/senzorika-varga.si\/en\/wp-json\/wp\/v2\/media?parent=10748"}],"wp:term":[{"taxonomy":"product_brand","embeddable":true,"href":"https:\/\/senzorika-varga.si\/en\/wp-json\/wp\/v2\/product_brand?post=10748"},{"taxonomy":"product_cat","embeddable":true,"href":"https:\/\/senzorika-varga.si\/en\/wp-json\/wp\/v2\/product_cat?post=10748"},{"taxonomy":"product_tag","embeddable":true,"href":"https:\/\/senzorika-varga.si\/en\/wp-json\/wp\/v2\/product_tag?post=10748"}],"curies":[{"name":"wp","href":"https:\/\/api.w.org\/{rel}","templated":true}]}}