{"id":10742,"date":"2025-12-05T22:08:33","date_gmt":"2025-12-05T22:08:33","guid":{"rendered":"https:\/\/senzorika.ajvonidol.si\/?post_type=product&#038;p=10742"},"modified":"2025-12-27T19:43:41","modified_gmt":"2025-12-27T19:43:41","slug":"senzoricne-ravne-oblike-velike-in-majhne-komplet","status":"publish","type":"product","link":"https:\/\/senzorika-varga.si\/en\/product\/senzoricne-ravne-oblike-velike-in-majhne-komplet\/","title":{"rendered":"Senzori\u010dne ravne oblike &#8211; velike in majhne. Komplet"},"content":{"rendered":"<p>Senzori\u010dne podloge za terapijo ali igro v petih oblikah in dveh velikostih. Vse velike oblike imajo manj\u0161e okrogle dvojnike v isti barvi in \u200b\u200bz enako teksturo. Vsak par ima druga\u010den vzorec, ki spodbuja ob\u010dutek dotika rok in nog. Izdelane so iz trpe\u017enega, a prijetnega materiala na dotik. Specifikacije izdelka: 10 kosov: 5 majhnih oblik s premerom: 10 cm, 5 velikih oblik s premerom: 24 cm; material: silikon; starost: 1+<\/p>","protected":false},"excerpt":{"rendered":"<p>Senzori\u010dne podloge za terapijo ali igro v petih oblikah in dveh velikostih. Vse velike oblike imajo manj\u0161e okrogle dvojnike v isti barvi in \u200b\u200bz enako teksturo. Vsak par ima druga\u010den vzorec, ki spodbuja ob\u010dutek dotika rok in nog. Izdelane so iz trpe\u017enega, a prijetnega materiala na dotik. Specifikacije izdelka: 10 kosov: 5 majhnih oblik s premerom: 10 cm, 5 velikih oblik s premerom: 24 cm; material: silikon; starost: 1+<\/p>","protected":false},"featured_media":12489,"menu_order":0,"comment_status":"open","ping_status":"closed","template":"","meta":[],"product_brand":[],"product_cat":[106,101,67,105],"product_tag":[],"class_list":{"0":"post-10742","1":"product","2":"type-product","3":"status-publish","4":"has-post-thumbnail","6":"product_cat-gibanje","7":"product_cat-motorika","8":"product_cat-ravnotezje","9":"product_cat-terapija","11":"first","12":"instock","13":"taxable","14":"shipping-taxable","15":"purchasable","16":"product-type-simple"},"jetpack_sharing_enabled":true,"_links":{"self":[{"href":"https:\/\/senzorika-varga.si\/en\/wp-json\/wp\/v2\/product\/10742","targetHints":{"allow":["GET"]}}],"collection":[{"href":"https:\/\/senzorika-varga.si\/en\/wp-json\/wp\/v2\/product"}],"about":[{"href":"https:\/\/senzorika-varga.si\/en\/wp-json\/wp\/v2\/types\/product"}],"replies":[{"embeddable":true,"href":"https:\/\/senzorika-varga.si\/en\/wp-json\/wp\/v2\/comments?post=10742"}],"version-history":[{"count":1,"href":"https:\/\/senzorika-varga.si\/en\/wp-json\/wp\/v2\/product\/10742\/revisions"}],"predecessor-version":[{"id":10743,"href":"https:\/\/senzorika-varga.si\/en\/wp-json\/wp\/v2\/product\/10742\/revisions\/10743"}],"wp:featuredmedia":[{"embeddable":true,"href":"https:\/\/senzorika-varga.si\/en\/wp-json\/wp\/v2\/media\/12489"}],"wp:attachment":[{"href":"https:\/\/senzorika-varga.si\/en\/wp-json\/wp\/v2\/media?parent=10742"}],"wp:term":[{"taxonomy":"product_brand","embeddable":true,"href":"https:\/\/senzorika-varga.si\/en\/wp-json\/wp\/v2\/product_brand?post=10742"},{"taxonomy":"product_cat","embeddable":true,"href":"https:\/\/senzorika-varga.si\/en\/wp-json\/wp\/v2\/product_cat?post=10742"},{"taxonomy":"product_tag","embeddable":true,"href":"https:\/\/senzorika-varga.si\/en\/wp-json\/wp\/v2\/product_tag?post=10742"}],"curies":[{"name":"wp","href":"https:\/\/api.w.org\/{rel}","templated":true}]}}