{"id":10730,"date":"2025-12-05T22:08:33","date_gmt":"2025-12-05T22:08:33","guid":{"rendered":"https:\/\/senzorika.ajvonidol.si\/?post_type=product&#038;p=10730"},"modified":"2025-12-27T19:43:40","modified_gmt":"2025-12-27T19:43:40","slug":"senzoricna-pot-2","status":"publish","type":"product","link":"https:\/\/senzorika-varga.si\/en\/product\/senzoricna-pot-2\/","title":{"rendered":"Senzori\u010dna pot"},"content":{"rendered":"<p>Senzori\u010dna pot, sestavljena iz kvadratnih plo\u0161\u010d, vsaka napolnjena s plasti\u010dnimi kroglicami. Izdelana je iz razli\u010dnih materialov v pastelnih barvah. Robovi plo\u0161\u010d so zavarovani s sivo obrobo. Elementi kompleta so odli\u010dno orodje za spodbujanje in razvoj dotika. Kvadratke je mogo\u010de pregledovati z rokami ali pa lahko otroci hodijo po njih. Odli\u010dni so tudi za korektivno gimnastiko in kot elementi ovirale. 6 kosov. V razli\u010dnih barvah; dimenzije 40 x 40 cm, material: poliester, polnilo: plasti\u010dne kroglice; starost: 3+<\/p>","protected":false},"excerpt":{"rendered":"<p>Senzori\u010dna pot, sestavljena iz kvadratnih plo\u0161\u010d, vsaka napolnjena s plasti\u010dnimi kroglicami. Izdelana je iz razli\u010dnih materialov v pastelnih barvah. Robovi plo\u0161\u010d so zavarovani s sivo obrobo. Elementi kompleta so odli\u010dno orodje za spodbujanje in razvoj dotika. Kvadratke je mogo\u010de pregledovati z rokami ali pa lahko otroci hodijo po njih. Odli\u010dni so tudi za korektivno gimnastiko in kot elementi ovirale. 6 kosov. V razli\u010dnih barvah; dimenzije 40 x 40 cm, material: poliester, polnilo: plasti\u010dne kroglice; starost: 3+<\/p>","protected":false},"featured_media":12476,"menu_order":0,"comment_status":"open","ping_status":"closed","template":"","meta":[],"product_brand":[],"product_cat":[106,101,67,105],"product_tag":[],"class_list":{"0":"post-10730","1":"product","2":"type-product","3":"status-publish","4":"has-post-thumbnail","6":"product_cat-gibanje","7":"product_cat-motorika","8":"product_cat-ravnotezje","9":"product_cat-terapija","11":"first","12":"instock","13":"taxable","14":"shipping-taxable","15":"purchasable","16":"product-type-simple"},"jetpack_sharing_enabled":true,"_links":{"self":[{"href":"https:\/\/senzorika-varga.si\/en\/wp-json\/wp\/v2\/product\/10730","targetHints":{"allow":["GET"]}}],"collection":[{"href":"https:\/\/senzorika-varga.si\/en\/wp-json\/wp\/v2\/product"}],"about":[{"href":"https:\/\/senzorika-varga.si\/en\/wp-json\/wp\/v2\/types\/product"}],"replies":[{"embeddable":true,"href":"https:\/\/senzorika-varga.si\/en\/wp-json\/wp\/v2\/comments?post=10730"}],"version-history":[{"count":1,"href":"https:\/\/senzorika-varga.si\/en\/wp-json\/wp\/v2\/product\/10730\/revisions"}],"predecessor-version":[{"id":10731,"href":"https:\/\/senzorika-varga.si\/en\/wp-json\/wp\/v2\/product\/10730\/revisions\/10731"}],"wp:featuredmedia":[{"embeddable":true,"href":"https:\/\/senzorika-varga.si\/en\/wp-json\/wp\/v2\/media\/12476"}],"wp:attachment":[{"href":"https:\/\/senzorika-varga.si\/en\/wp-json\/wp\/v2\/media?parent=10730"}],"wp:term":[{"taxonomy":"product_brand","embeddable":true,"href":"https:\/\/senzorika-varga.si\/en\/wp-json\/wp\/v2\/product_brand?post=10730"},{"taxonomy":"product_cat","embeddable":true,"href":"https:\/\/senzorika-varga.si\/en\/wp-json\/wp\/v2\/product_cat?post=10730"},{"taxonomy":"product_tag","embeddable":true,"href":"https:\/\/senzorika-varga.si\/en\/wp-json\/wp\/v2\/product_tag?post=10730"}],"curies":[{"name":"wp","href":"https:\/\/api.w.org\/{rel}","templated":true}]}}