{"id":10728,"date":"2025-12-05T22:08:31","date_gmt":"2025-12-05T22:08:31","guid":{"rendered":"https:\/\/senzorika.ajvonidol.si\/?post_type=product&#038;p=10728"},"modified":"2025-12-27T19:43:40","modified_gmt":"2025-12-27T19:43:40","slug":"senzoricne-talne-plosce","status":"publish","type":"product","link":"https:\/\/senzorika-varga.si\/en\/product\/senzoricne-talne-plosce\/","title":{"rendered":"Senzori\u010dne talne plo\u0161\u010de"},"content":{"rendered":"<p>Komplet senzori\u010dnih desk za stimulacijo \u010duta dotika. U\u010ditelju omogo\u010da organizacijo razli\u010dnih zabavnih dejavnosti, ki vklju\u010dujejo stopala. Vaje s kompletom pozitivno vplivajo na ravnote\u017eje, koordinacijo oko-roka-noga in prostorsko zaznavanje. Deske imajo zaobljene robove in pritrjene senzori\u010dne elemente iz materialov, ki zagotavljajo razli\u010dne taktilne stimulacije. \u0160e posebej so lahko uporabne pri delu z otroki s senzori\u010dno preob\u010dutljivostjo. dimenzije: 6 kosov, 25 x 25 cm, material: HDF plo\u0161\u010da, debeline 6 mm, nedrse\u010da PVC tkanina v sivi barvi, temno modra krznena tkanina, rumena pli\u0161asta tkanina, zelena umetna trava, kokosova vlakna, Minky v morski barvi; starost: 3+<\/p>","protected":false},"excerpt":{"rendered":"<p>Komplet senzori\u010dnih desk za stimulacijo \u010duta dotika. U\u010ditelju omogo\u010da organizacijo razli\u010dnih zabavnih dejavnosti, ki vklju\u010dujejo stopala. Vaje s kompletom pozitivno vplivajo na ravnote\u017eje, koordinacijo oko-roka-noga in prostorsko zaznavanje. Deske imajo zaobljene robove in pritrjene senzori\u010dne elemente iz materialov, ki zagotavljajo razli\u010dne taktilne stimulacije. \u0160e posebej so lahko uporabne pri delu z otroki s senzori\u010dno preob\u010dutljivostjo. dimenzije: 6 kosov, 25 x 25 cm, material: HDF plo\u0161\u010da, debeline 6 mm, nedrse\u010da PVC tkanina v sivi barvi, temno modra krznena tkanina, rumena pli\u0161asta tkanina, zelena umetna trava, kokosova vlakna, Minky v morski barvi; starost: 3+<\/p>","protected":false},"featured_media":12469,"menu_order":0,"comment_status":"open","ping_status":"closed","template":"","meta":[],"product_brand":[],"product_cat":[106,101,67,105],"product_tag":[],"class_list":{"0":"post-10728","1":"product","2":"type-product","3":"status-publish","4":"has-post-thumbnail","6":"product_cat-gibanje","7":"product_cat-motorika","8":"product_cat-ravnotezje","9":"product_cat-terapija","11":"first","12":"instock","13":"taxable","14":"shipping-taxable","15":"purchasable","16":"product-type-simple"},"jetpack_sharing_enabled":true,"_links":{"self":[{"href":"https:\/\/senzorika-varga.si\/en\/wp-json\/wp\/v2\/product\/10728","targetHints":{"allow":["GET"]}}],"collection":[{"href":"https:\/\/senzorika-varga.si\/en\/wp-json\/wp\/v2\/product"}],"about":[{"href":"https:\/\/senzorika-varga.si\/en\/wp-json\/wp\/v2\/types\/product"}],"replies":[{"embeddable":true,"href":"https:\/\/senzorika-varga.si\/en\/wp-json\/wp\/v2\/comments?post=10728"}],"version-history":[{"count":1,"href":"https:\/\/senzorika-varga.si\/en\/wp-json\/wp\/v2\/product\/10728\/revisions"}],"predecessor-version":[{"id":10729,"href":"https:\/\/senzorika-varga.si\/en\/wp-json\/wp\/v2\/product\/10728\/revisions\/10729"}],"wp:featuredmedia":[{"embeddable":true,"href":"https:\/\/senzorika-varga.si\/en\/wp-json\/wp\/v2\/media\/12469"}],"wp:attachment":[{"href":"https:\/\/senzorika-varga.si\/en\/wp-json\/wp\/v2\/media?parent=10728"}],"wp:term":[{"taxonomy":"product_brand","embeddable":true,"href":"https:\/\/senzorika-varga.si\/en\/wp-json\/wp\/v2\/product_brand?post=10728"},{"taxonomy":"product_cat","embeddable":true,"href":"https:\/\/senzorika-varga.si\/en\/wp-json\/wp\/v2\/product_cat?post=10728"},{"taxonomy":"product_tag","embeddable":true,"href":"https:\/\/senzorika-varga.si\/en\/wp-json\/wp\/v2\/product_tag?post=10728"}],"curies":[{"name":"wp","href":"https:\/\/api.w.org\/{rel}","templated":true}]}}