{"id":10712,"date":"2025-12-05T22:08:30","date_gmt":"2025-12-05T22:08:30","guid":{"rendered":"https:\/\/senzorika.ajvonidol.si\/?post_type=product&#038;p=10712"},"modified":"2025-12-27T19:43:34","modified_gmt":"2025-12-27T19:43:34","slug":"uravnotezevalni-stozec","status":"publish","type":"product","link":"https:\/\/senzorika-varga.si\/en\/product\/uravnotezevalni-stozec\/","title":{"rendered":"Uravnote\u017eevalni sto\u017eec"},"content":{"rendered":"<p>Ta sto\u017eec za ravnote\u017eje pomaga izbolj\u0161ati dr\u017eo, ravnote\u017eje in koordinacijo. Uporablja se lahko za zabavo, terapijo in rehabilitacijo. Poleg tega sto\u017eec otrokom omogo\u010da vadbo in krepitev ob\u010dutka za ravnote\u017eje, u\u010di pa jih tudi motori\u010dne sposobnosti in koordinacijo med rokami in o\u010dmi. Struktura osnovne povr\u0161ine prepre\u010duje zdrs uporabnika in spodbuja ob\u010dutek dotika. 1 kos; dimenzije: 25 cm, vi\u0161ina: 22 cm; material: plastika; starost: 3+<\/p>","protected":false},"excerpt":{"rendered":"<p>Ta sto\u017eec za ravnote\u017eje pomaga izbolj\u0161ati dr\u017eo, ravnote\u017eje in koordinacijo. Uporablja se lahko za zabavo, terapijo in rehabilitacijo. Poleg tega sto\u017eec otrokom omogo\u010da vadbo in krepitev ob\u010dutka za ravnote\u017eje, u\u010di pa jih tudi motori\u010dne sposobnosti in koordinacijo med rokami in o\u010dmi. Struktura osnovne povr\u0161ine prepre\u010duje zdrs uporabnika in spodbuja ob\u010dutek dotika. 1 kos; dimenzije: 25 cm, vi\u0161ina: 22 cm; material: plastika; starost: 3+<\/p>","protected":false},"featured_media":12460,"menu_order":0,"comment_status":"open","ping_status":"closed","template":"","meta":[],"product_brand":[],"product_cat":[106,101,67,105],"product_tag":[],"class_list":{"0":"post-10712","1":"product","2":"type-product","3":"status-publish","4":"has-post-thumbnail","6":"product_cat-gibanje","7":"product_cat-motorika","8":"product_cat-ravnotezje","9":"product_cat-terapija","11":"first","12":"instock","13":"taxable","14":"shipping-taxable","15":"purchasable","16":"product-type-simple"},"jetpack_sharing_enabled":true,"_links":{"self":[{"href":"https:\/\/senzorika-varga.si\/en\/wp-json\/wp\/v2\/product\/10712","targetHints":{"allow":["GET"]}}],"collection":[{"href":"https:\/\/senzorika-varga.si\/en\/wp-json\/wp\/v2\/product"}],"about":[{"href":"https:\/\/senzorika-varga.si\/en\/wp-json\/wp\/v2\/types\/product"}],"replies":[{"embeddable":true,"href":"https:\/\/senzorika-varga.si\/en\/wp-json\/wp\/v2\/comments?post=10712"}],"version-history":[{"count":1,"href":"https:\/\/senzorika-varga.si\/en\/wp-json\/wp\/v2\/product\/10712\/revisions"}],"predecessor-version":[{"id":10713,"href":"https:\/\/senzorika-varga.si\/en\/wp-json\/wp\/v2\/product\/10712\/revisions\/10713"}],"wp:featuredmedia":[{"embeddable":true,"href":"https:\/\/senzorika-varga.si\/en\/wp-json\/wp\/v2\/media\/12460"}],"wp:attachment":[{"href":"https:\/\/senzorika-varga.si\/en\/wp-json\/wp\/v2\/media?parent=10712"}],"wp:term":[{"taxonomy":"product_brand","embeddable":true,"href":"https:\/\/senzorika-varga.si\/en\/wp-json\/wp\/v2\/product_brand?post=10712"},{"taxonomy":"product_cat","embeddable":true,"href":"https:\/\/senzorika-varga.si\/en\/wp-json\/wp\/v2\/product_cat?post=10712"},{"taxonomy":"product_tag","embeddable":true,"href":"https:\/\/senzorika-varga.si\/en\/wp-json\/wp\/v2\/product_tag?post=10712"}],"curies":[{"name":"wp","href":"https:\/\/api.w.org\/{rel}","templated":true}]}}