{"id":10708,"date":"2025-12-05T22:08:29","date_gmt":"2025-12-05T22:08:29","guid":{"rendered":"https:\/\/senzorika.ajvonidol.si\/?post_type=product&#038;p=10708"},"modified":"2025-12-27T19:43:34","modified_gmt":"2025-12-27T19:43:34","slug":"maksi-teksturirana-pot","status":"publish","type":"product","link":"https:\/\/senzorika-varga.si\/en\/product\/maksi-teksturirana-pot\/","title":{"rendered":"Maksi teksturna pot"},"content":{"rendered":"<p>Ta komplet 20 kosov vklju\u010duje 8 ravnih modulov, 8 ukrivljenih modulov in 4 povezovalne elemente. Vsak kos ima edinstveno teksturo, ki spodbuja ob\u010dutek dotika in podpira senzori\u010dni razvoj. Teksturirana pot je odli\u010dna za vadbo ravnote\u017eja in motori\u010dne koordinacije. Njena modularna zasnova omogo\u010da ustvarjanje razli\u010dnih konfiguracij in poti, prilagojenih potrebam uporabnikov, hkrati pa zagotavlja priro\u010dno shranjevanje in transport.<\/p>\n<p>Material: plastika<\/p>\n<p>Dimenzije: 45 x 13,5 x 7 cm<\/p>\n<p>Starost: 3+<\/p>","protected":false},"excerpt":{"rendered":"<p>Ta komplet 20 kosov vklju\u010duje 8 ravnih modulov, 8 ukrivljenih modulov in 4 povezovalne elemente. Vsak kos ima edinstveno teksturo, ki spodbuja ob\u010dutek dotika in podpira senzori\u010dni razvoj. Teksturirana pot je odli\u010dna za vadbo ravnote\u017eja in motori\u010dne koordinacije. Njena modularna zasnova omogo\u010da ustvarjanje razli\u010dnih konfiguracij in poti, prilagojenih potrebam uporabnikov, hkrati pa zagotavlja priro\u010dno shranjevanje in transport.<\/p>\n<p>Material: plastika<\/p>\n<p>Dimenzije: 45 x 13,5 x 7 cm<\/p>\n<p>Starost: 3+<\/p>","protected":false},"featured_media":12457,"menu_order":0,"comment_status":"open","ping_status":"closed","template":"","meta":[],"product_brand":[],"product_cat":[106,101,67,105],"product_tag":[],"class_list":{"0":"post-10708","1":"product","2":"type-product","3":"status-publish","4":"has-post-thumbnail","6":"product_cat-gibanje","7":"product_cat-motorika","8":"product_cat-ravnotezje","9":"product_cat-terapija","11":"first","12":"instock","13":"taxable","14":"shipping-taxable","15":"purchasable","16":"product-type-simple"},"jetpack_sharing_enabled":true,"_links":{"self":[{"href":"https:\/\/senzorika-varga.si\/en\/wp-json\/wp\/v2\/product\/10708","targetHints":{"allow":["GET"]}}],"collection":[{"href":"https:\/\/senzorika-varga.si\/en\/wp-json\/wp\/v2\/product"}],"about":[{"href":"https:\/\/senzorika-varga.si\/en\/wp-json\/wp\/v2\/types\/product"}],"replies":[{"embeddable":true,"href":"https:\/\/senzorika-varga.si\/en\/wp-json\/wp\/v2\/comments?post=10708"}],"version-history":[{"count":2,"href":"https:\/\/senzorika-varga.si\/en\/wp-json\/wp\/v2\/product\/10708\/revisions"}],"predecessor-version":[{"id":13058,"href":"https:\/\/senzorika-varga.si\/en\/wp-json\/wp\/v2\/product\/10708\/revisions\/13058"}],"wp:featuredmedia":[{"embeddable":true,"href":"https:\/\/senzorika-varga.si\/en\/wp-json\/wp\/v2\/media\/12457"}],"wp:attachment":[{"href":"https:\/\/senzorika-varga.si\/en\/wp-json\/wp\/v2\/media?parent=10708"}],"wp:term":[{"taxonomy":"product_brand","embeddable":true,"href":"https:\/\/senzorika-varga.si\/en\/wp-json\/wp\/v2\/product_brand?post=10708"},{"taxonomy":"product_cat","embeddable":true,"href":"https:\/\/senzorika-varga.si\/en\/wp-json\/wp\/v2\/product_cat?post=10708"},{"taxonomy":"product_tag","embeddable":true,"href":"https:\/\/senzorika-varga.si\/en\/wp-json\/wp\/v2\/product_tag?post=10708"}],"curies":[{"name":"wp","href":"https:\/\/api.w.org\/{rel}","templated":true}]}}