{"id":10702,"date":"2025-12-05T22:08:29","date_gmt":"2025-12-05T22:08:29","guid":{"rendered":"https:\/\/senzorika.ajvonidol.si\/?post_type=product&#038;p=10702"},"modified":"2025-12-27T19:43:21","modified_gmt":"2025-12-27T19:43:21","slug":"kaca-mehka-ravnotezna-pot","status":"publish","type":"product","link":"https:\/\/senzorika-varga.si\/en\/product\/kaca-mehka-ravnotezna-pot\/","title":{"rendered":"Ka\u010da &#8211; Mehka ravnote\u017ena pot"},"content":{"rendered":"<p>Barvita ka\u010da, zasnovana za pomo\u010d pri vadbi ravnote\u017eja. Z hojo po zvijajo\u010di se ka\u010di otroci razvijajo ob\u010dutek za ravnote\u017eje in krepijo mi\u0161ice stopal, kar prepre\u010duje ploska stopala.<\/p>\n<p>Dol\u017eina: 220 cm;<\/p>\n<p>Zunanji material: platno;<\/p>\n<p>Polnilo: polistirenske granule;<\/p>\n<p>Starost: 3+<\/p>","protected":false},"excerpt":{"rendered":"<p>Barvita ka\u010da, zasnovana za pomo\u010d pri vadbi ravnote\u017eja. Z hojo po zvijajo\u010di se ka\u010di otroci razvijajo ob\u010dutek za ravnote\u017eje in krepijo mi\u0161ice stopal, kar prepre\u010duje ploska stopala.<\/p>\n<p>Dol\u017eina: 220 cm;<\/p>\n<p>Zunanji material: platno;<\/p>\n<p>Polnilo: polistirenske granule;<\/p>\n<p>Starost: 3+<\/p>","protected":false},"featured_media":12454,"menu_order":0,"comment_status":"open","ping_status":"closed","template":"","meta":[],"product_brand":[],"product_cat":[106,101,67,105],"product_tag":[],"class_list":{"0":"post-10702","1":"product","2":"type-product","3":"status-publish","4":"has-post-thumbnail","6":"product_cat-gibanje","7":"product_cat-motorika","8":"product_cat-ravnotezje","9":"product_cat-terapija","11":"first","12":"instock","13":"taxable","14":"shipping-taxable","15":"purchasable","16":"product-type-simple"},"jetpack_sharing_enabled":true,"_links":{"self":[{"href":"https:\/\/senzorika-varga.si\/en\/wp-json\/wp\/v2\/product\/10702","targetHints":{"allow":["GET"]}}],"collection":[{"href":"https:\/\/senzorika-varga.si\/en\/wp-json\/wp\/v2\/product"}],"about":[{"href":"https:\/\/senzorika-varga.si\/en\/wp-json\/wp\/v2\/types\/product"}],"replies":[{"embeddable":true,"href":"https:\/\/senzorika-varga.si\/en\/wp-json\/wp\/v2\/comments?post=10702"}],"version-history":[{"count":1,"href":"https:\/\/senzorika-varga.si\/en\/wp-json\/wp\/v2\/product\/10702\/revisions"}],"predecessor-version":[{"id":10703,"href":"https:\/\/senzorika-varga.si\/en\/wp-json\/wp\/v2\/product\/10702\/revisions\/10703"}],"wp:featuredmedia":[{"embeddable":true,"href":"https:\/\/senzorika-varga.si\/en\/wp-json\/wp\/v2\/media\/12454"}],"wp:attachment":[{"href":"https:\/\/senzorika-varga.si\/en\/wp-json\/wp\/v2\/media?parent=10702"}],"wp:term":[{"taxonomy":"product_brand","embeddable":true,"href":"https:\/\/senzorika-varga.si\/en\/wp-json\/wp\/v2\/product_brand?post=10702"},{"taxonomy":"product_cat","embeddable":true,"href":"https:\/\/senzorika-varga.si\/en\/wp-json\/wp\/v2\/product_cat?post=10702"},{"taxonomy":"product_tag","embeddable":true,"href":"https:\/\/senzorika-varga.si\/en\/wp-json\/wp\/v2\/product_tag?post=10702"}],"curies":[{"name":"wp","href":"https:\/\/api.w.org\/{rel}","templated":true}]}}