{"id":10692,"date":"2025-12-05T22:08:28","date_gmt":"2025-12-05T22:08:28","guid":{"rendered":"https:\/\/senzorika.ajvonidol.si\/?post_type=product&#038;p=10692"},"modified":"2025-12-27T19:43:18","modified_gmt":"2025-12-27T19:43:18","slug":"lok-pot-na-zogicah","status":"publish","type":"product","link":"https:\/\/senzorika-varga.si\/en\/product\/lok-pot-na-zogicah\/","title":{"rendered":"Lok &#8211; Pot na \u017eogicah"},"content":{"rendered":"<p>Ta pripomo\u010dek je sestavljen iz platforme, name\u0161\u010dene na gumijastih kroglicah. Uporablja se za ravnote\u017eje in pozitivno vpliva na razvoj vestibularnega sistema, zavedanje telesa in nadzor nad njim. Izdelek je pripravljen za uporabo in monta\u017ea ni potrebna. Lahko pa se kombinira z drugimi loki (NS9186) in tvori senzori\u010dno stimulativne steze za vadbo ravnote\u017eja in koordinacije. Dimenzije: 68 x 57 x 8 cm; lok 60 stopinj; material: vezana plo\u0161\u010da, debeline 15 mm, plastika<\/p>","protected":false},"excerpt":{"rendered":"<p>Ta pripomo\u010dek je sestavljen iz platforme, name\u0161\u010dene na gumijastih kroglicah. Uporablja se za ravnote\u017eje in pozitivno vpliva na razvoj vestibularnega sistema, zavedanje telesa in nadzor nad njim. Izdelek je pripravljen za uporabo in monta\u017ea ni potrebna. Lahko pa se kombinira z drugimi loki (NS9186) in tvori senzori\u010dno stimulativne steze za vadbo ravnote\u017eja in koordinacije. Dimenzije: 68 x 57 x 8 cm; lok 60 stopinj; material: vezana plo\u0161\u010da, debeline 15 mm, plastika<\/p>","protected":false},"featured_media":12442,"menu_order":0,"comment_status":"open","ping_status":"closed","template":"","meta":[],"product_brand":[],"product_cat":[106,101,67,105],"product_tag":[],"class_list":{"0":"post-10692","1":"product","2":"type-product","3":"status-publish","4":"has-post-thumbnail","6":"product_cat-gibanje","7":"product_cat-motorika","8":"product_cat-ravnotezje","9":"product_cat-terapija","11":"first","12":"instock","13":"taxable","14":"shipping-taxable","15":"purchasable","16":"product-type-simple"},"jetpack_sharing_enabled":true,"_links":{"self":[{"href":"https:\/\/senzorika-varga.si\/en\/wp-json\/wp\/v2\/product\/10692","targetHints":{"allow":["GET"]}}],"collection":[{"href":"https:\/\/senzorika-varga.si\/en\/wp-json\/wp\/v2\/product"}],"about":[{"href":"https:\/\/senzorika-varga.si\/en\/wp-json\/wp\/v2\/types\/product"}],"replies":[{"embeddable":true,"href":"https:\/\/senzorika-varga.si\/en\/wp-json\/wp\/v2\/comments?post=10692"}],"version-history":[{"count":1,"href":"https:\/\/senzorika-varga.si\/en\/wp-json\/wp\/v2\/product\/10692\/revisions"}],"predecessor-version":[{"id":10693,"href":"https:\/\/senzorika-varga.si\/en\/wp-json\/wp\/v2\/product\/10692\/revisions\/10693"}],"wp:featuredmedia":[{"embeddable":true,"href":"https:\/\/senzorika-varga.si\/en\/wp-json\/wp\/v2\/media\/12442"}],"wp:attachment":[{"href":"https:\/\/senzorika-varga.si\/en\/wp-json\/wp\/v2\/media?parent=10692"}],"wp:term":[{"taxonomy":"product_brand","embeddable":true,"href":"https:\/\/senzorika-varga.si\/en\/wp-json\/wp\/v2\/product_brand?post=10692"},{"taxonomy":"product_cat","embeddable":true,"href":"https:\/\/senzorika-varga.si\/en\/wp-json\/wp\/v2\/product_cat?post=10692"},{"taxonomy":"product_tag","embeddable":true,"href":"https:\/\/senzorika-varga.si\/en\/wp-json\/wp\/v2\/product_tag?post=10692"}],"curies":[{"name":"wp","href":"https:\/\/api.w.org\/{rel}","templated":true}]}}