{"id":10686,"date":"2025-12-05T22:08:26","date_gmt":"2025-12-05T22:08:26","guid":{"rendered":"https:\/\/senzorika.ajvonidol.si\/?post_type=product&#038;p=10686"},"modified":"2025-12-27T19:43:16","modified_gmt":"2025-12-27T19:43:16","slug":"cikcak","status":"publish","type":"product","link":"https:\/\/senzorika-varga.si\/en\/product\/cikcak\/","title":{"rendered":"Cikcak"},"content":{"rendered":"<p>Lesena deska na 4 gumijastih \u017eogicah. Omogo\u010da vadbo ravnote\u017eja in koordinacije. Cikcak v levo se uporablja za pove\u010danje te\u017eavnosti premagovanja poti do ravnote\u017eja. Velikost: 74 x 54 x 8 cm. najve\u010d 80 kg.<\/p>","protected":false},"excerpt":{"rendered":"<p>Lesena deska na 4 gumijastih \u017eogicah. Omogo\u010da vadbo ravnote\u017eja in koordinacije. Cikcak v levo se uporablja za pove\u010danje te\u017eavnosti premagovanja poti do ravnote\u017eja. Velikost: 74 x 54 x 8 cm. najve\u010d 80 kg.<\/p>","protected":false},"featured_media":12436,"menu_order":0,"comment_status":"open","ping_status":"closed","template":"","meta":[],"product_brand":[],"product_cat":[106,101,67,105],"product_tag":[],"class_list":{"0":"post-10686","1":"product","2":"type-product","3":"status-publish","4":"has-post-thumbnail","6":"product_cat-gibanje","7":"product_cat-motorika","8":"product_cat-ravnotezje","9":"product_cat-terapija","11":"first","12":"instock","13":"taxable","14":"shipping-taxable","15":"purchasable","16":"product-type-simple"},"jetpack_sharing_enabled":true,"_links":{"self":[{"href":"https:\/\/senzorika-varga.si\/en\/wp-json\/wp\/v2\/product\/10686","targetHints":{"allow":["GET"]}}],"collection":[{"href":"https:\/\/senzorika-varga.si\/en\/wp-json\/wp\/v2\/product"}],"about":[{"href":"https:\/\/senzorika-varga.si\/en\/wp-json\/wp\/v2\/types\/product"}],"replies":[{"embeddable":true,"href":"https:\/\/senzorika-varga.si\/en\/wp-json\/wp\/v2\/comments?post=10686"}],"version-history":[{"count":1,"href":"https:\/\/senzorika-varga.si\/en\/wp-json\/wp\/v2\/product\/10686\/revisions"}],"predecessor-version":[{"id":10687,"href":"https:\/\/senzorika-varga.si\/en\/wp-json\/wp\/v2\/product\/10686\/revisions\/10687"}],"wp:featuredmedia":[{"embeddable":true,"href":"https:\/\/senzorika-varga.si\/en\/wp-json\/wp\/v2\/media\/12436"}],"wp:attachment":[{"href":"https:\/\/senzorika-varga.si\/en\/wp-json\/wp\/v2\/media?parent=10686"}],"wp:term":[{"taxonomy":"product_brand","embeddable":true,"href":"https:\/\/senzorika-varga.si\/en\/wp-json\/wp\/v2\/product_brand?post=10686"},{"taxonomy":"product_cat","embeddable":true,"href":"https:\/\/senzorika-varga.si\/en\/wp-json\/wp\/v2\/product_cat?post=10686"},{"taxonomy":"product_tag","embeddable":true,"href":"https:\/\/senzorika-varga.si\/en\/wp-json\/wp\/v2\/product_tag?post=10686"}],"curies":[{"name":"wp","href":"https:\/\/api.w.org\/{rel}","templated":true}]}}