{"id":10684,"date":"2025-12-05T22:08:26","date_gmt":"2025-12-05T22:08:26","guid":{"rendered":"https:\/\/senzorika.ajvonidol.si\/?post_type=product&#038;p=10684"},"modified":"2025-12-27T19:43:02","modified_gmt":"2025-12-27T19:43:02","slug":"rolka-na-gumijastih-zogicah","status":"publish","type":"product","link":"https:\/\/senzorika-varga.si\/en\/product\/rolka-na-gumijastih-zogicah\/","title":{"rendered":"Rolka na gumijastih \u017eogicah"},"content":{"rendered":"<p>Lesena rolka na 4 gumijastih \u017eogicah. Za vadbo ravnote\u017eja in koordinacije. Nedrse\u010di elementi \u0161\u010ditijo otroke pred padci. Velikost: 74 x 19,5 x 8 cm. najve\u010d 80 kg.<\/p>","protected":false},"excerpt":{"rendered":"<p>Lesena rolka na 4 gumijastih \u017eogicah. Za vadbo ravnote\u017eja in koordinacije. Nedrse\u010di elementi \u0161\u010ditijo otroke pred padci. Velikost: 74 x 19,5 x 8 cm. najve\u010d 80 kg.<\/p>","protected":false},"featured_media":12434,"menu_order":0,"comment_status":"open","ping_status":"closed","template":"","meta":[],"product_brand":[],"product_cat":[106,101,67,105],"product_tag":[],"class_list":{"0":"post-10684","1":"product","2":"type-product","3":"status-publish","4":"has-post-thumbnail","6":"product_cat-gibanje","7":"product_cat-motorika","8":"product_cat-ravnotezje","9":"product_cat-terapija","11":"first","12":"instock","13":"taxable","14":"shipping-taxable","15":"purchasable","16":"product-type-simple"},"jetpack_sharing_enabled":true,"_links":{"self":[{"href":"https:\/\/senzorika-varga.si\/en\/wp-json\/wp\/v2\/product\/10684","targetHints":{"allow":["GET"]}}],"collection":[{"href":"https:\/\/senzorika-varga.si\/en\/wp-json\/wp\/v2\/product"}],"about":[{"href":"https:\/\/senzorika-varga.si\/en\/wp-json\/wp\/v2\/types\/product"}],"replies":[{"embeddable":true,"href":"https:\/\/senzorika-varga.si\/en\/wp-json\/wp\/v2\/comments?post=10684"}],"version-history":[{"count":1,"href":"https:\/\/senzorika-varga.si\/en\/wp-json\/wp\/v2\/product\/10684\/revisions"}],"predecessor-version":[{"id":10685,"href":"https:\/\/senzorika-varga.si\/en\/wp-json\/wp\/v2\/product\/10684\/revisions\/10685"}],"wp:featuredmedia":[{"embeddable":true,"href":"https:\/\/senzorika-varga.si\/en\/wp-json\/wp\/v2\/media\/12434"}],"wp:attachment":[{"href":"https:\/\/senzorika-varga.si\/en\/wp-json\/wp\/v2\/media?parent=10684"}],"wp:term":[{"taxonomy":"product_brand","embeddable":true,"href":"https:\/\/senzorika-varga.si\/en\/wp-json\/wp\/v2\/product_brand?post=10684"},{"taxonomy":"product_cat","embeddable":true,"href":"https:\/\/senzorika-varga.si\/en\/wp-json\/wp\/v2\/product_cat?post=10684"},{"taxonomy":"product_tag","embeddable":true,"href":"https:\/\/senzorika-varga.si\/en\/wp-json\/wp\/v2\/product_tag?post=10684"}],"curies":[{"name":"wp","href":"https:\/\/api.w.org\/{rel}","templated":true}]}}