{"id":10676,"date":"2025-12-05T22:08:25","date_gmt":"2025-12-05T22:08:25","guid":{"rendered":"https:\/\/senzorika.ajvonidol.si\/?post_type=product&#038;p=10676"},"modified":"2025-12-27T19:43:01","modified_gmt":"2025-12-27T19:43:01","slug":"trener-za-ravnotezje","status":"publish","type":"product","link":"https:\/\/senzorika-varga.si\/en\/product\/trener-za-ravnotezje\/","title":{"rendered":"Trener za ravnote\u017eje"},"content":{"rendered":"<p>Z zrakom napolnjena gumijasta polobla za vaje ravnote\u017eja. Na njej lahko stojite, sedite ali le\u017eite. Premer podno\u017eja 45 cm, V 22,5 cm<\/p>","protected":false},"excerpt":{"rendered":"<p>Z zrakom napolnjena gumijasta polobla za vaje ravnote\u017eja. Na njej lahko stojite, sedite ali le\u017eite. Premer podno\u017eja 45 cm, V 22,5 cm<\/p>","protected":false},"featured_media":12429,"menu_order":0,"comment_status":"open","ping_status":"closed","template":"","meta":[],"product_brand":[],"product_cat":[106,101,67,105],"product_tag":[],"class_list":{"0":"post-10676","1":"product","2":"type-product","3":"status-publish","4":"has-post-thumbnail","6":"product_cat-gibanje","7":"product_cat-motorika","8":"product_cat-ravnotezje","9":"product_cat-terapija","11":"first","12":"instock","13":"taxable","14":"shipping-taxable","15":"purchasable","16":"product-type-simple"},"jetpack_sharing_enabled":true,"_links":{"self":[{"href":"https:\/\/senzorika-varga.si\/en\/wp-json\/wp\/v2\/product\/10676","targetHints":{"allow":["GET"]}}],"collection":[{"href":"https:\/\/senzorika-varga.si\/en\/wp-json\/wp\/v2\/product"}],"about":[{"href":"https:\/\/senzorika-varga.si\/en\/wp-json\/wp\/v2\/types\/product"}],"replies":[{"embeddable":true,"href":"https:\/\/senzorika-varga.si\/en\/wp-json\/wp\/v2\/comments?post=10676"}],"version-history":[{"count":1,"href":"https:\/\/senzorika-varga.si\/en\/wp-json\/wp\/v2\/product\/10676\/revisions"}],"predecessor-version":[{"id":10677,"href":"https:\/\/senzorika-varga.si\/en\/wp-json\/wp\/v2\/product\/10676\/revisions\/10677"}],"wp:featuredmedia":[{"embeddable":true,"href":"https:\/\/senzorika-varga.si\/en\/wp-json\/wp\/v2\/media\/12429"}],"wp:attachment":[{"href":"https:\/\/senzorika-varga.si\/en\/wp-json\/wp\/v2\/media?parent=10676"}],"wp:term":[{"taxonomy":"product_brand","embeddable":true,"href":"https:\/\/senzorika-varga.si\/en\/wp-json\/wp\/v2\/product_brand?post=10676"},{"taxonomy":"product_cat","embeddable":true,"href":"https:\/\/senzorika-varga.si\/en\/wp-json\/wp\/v2\/product_cat?post=10676"},{"taxonomy":"product_tag","embeddable":true,"href":"https:\/\/senzorika-varga.si\/en\/wp-json\/wp\/v2\/product_tag?post=10676"}],"curies":[{"name":"wp","href":"https:\/\/api.w.org\/{rel}","templated":true}]}}