{"id":10674,"date":"2025-12-05T22:08:25","date_gmt":"2025-12-05T22:08:25","guid":{"rendered":"https:\/\/senzorika.ajvonidol.si\/?post_type=product&#038;p=10674"},"modified":"2025-12-27T19:43:01","modified_gmt":"2025-12-27T19:43:01","slug":"platforma-za-ravnotezje-s-stezo","status":"publish","type":"product","link":"https:\/\/senzorika-varga.si\/en\/product\/platforma-za-ravnotezje-s-stezo\/","title":{"rendered":"Platforma za ravnote\u017eje s stezo"},"content":{"rendered":"<p>Platforma za ravnote\u017eje z marmorno stezo je orodje za vaje za ravnote\u017eje in koordinacijo. Z integrirano marmorno stezo platforma ne omogo\u010da le telesne vadbe, temve\u010d tudi aktivira um, kar zahteva koncentracijo in natan\u010dne gibe. Stabilna konstrukcija platforme zagotavlja varno uporabo, hkrati pa spodbuja razvoj ravnote\u017eja in izbolj\u0161uje koordinacijo telesa. Je idealna re\u0161itev za tiste, ki i\u0161\u010dejo zabavne in zanimive telesne dejavnosti, ki zdru\u017eujejo igro z vadbo.<\/p>\n<p>Dimenzije: 50 x 17 x 9 cm<\/p>\n<p>Material: Plastika<\/p>\n<p>Starost: 3+<\/p>","protected":false},"excerpt":{"rendered":"<p>Platforma za ravnote\u017eje z marmorno stezo je orodje za vaje za ravnote\u017eje in koordinacijo. Z integrirano marmorno stezo platforma ne omogo\u010da le telesne vadbe, temve\u010d tudi aktivira um, kar zahteva koncentracijo in natan\u010dne gibe. Stabilna konstrukcija platforme zagotavlja varno uporabo, hkrati pa spodbuja razvoj ravnote\u017eja in izbolj\u0161uje koordinacijo telesa. Je idealna re\u0161itev za tiste, ki i\u0161\u010dejo zabavne in zanimive telesne dejavnosti, ki zdru\u017eujejo igro z vadbo.<\/p>\n<p>Dimenzije: 50 x 17 x 9 cm<\/p>\n<p>Material: Plastika<\/p>\n<p>Starost: 3+<\/p>","protected":false},"featured_media":12425,"menu_order":0,"comment_status":"open","ping_status":"closed","template":"","meta":[],"product_brand":[],"product_cat":[106,101,67,105],"product_tag":[],"class_list":{"0":"post-10674","1":"product","2":"type-product","3":"status-publish","4":"has-post-thumbnail","6":"product_cat-gibanje","7":"product_cat-motorika","8":"product_cat-ravnotezje","9":"product_cat-terapija","11":"first","12":"instock","13":"taxable","14":"shipping-taxable","15":"purchasable","16":"product-type-simple"},"jetpack_sharing_enabled":true,"_links":{"self":[{"href":"https:\/\/senzorika-varga.si\/en\/wp-json\/wp\/v2\/product\/10674","targetHints":{"allow":["GET"]}}],"collection":[{"href":"https:\/\/senzorika-varga.si\/en\/wp-json\/wp\/v2\/product"}],"about":[{"href":"https:\/\/senzorika-varga.si\/en\/wp-json\/wp\/v2\/types\/product"}],"replies":[{"embeddable":true,"href":"https:\/\/senzorika-varga.si\/en\/wp-json\/wp\/v2\/comments?post=10674"}],"version-history":[{"count":1,"href":"https:\/\/senzorika-varga.si\/en\/wp-json\/wp\/v2\/product\/10674\/revisions"}],"predecessor-version":[{"id":10675,"href":"https:\/\/senzorika-varga.si\/en\/wp-json\/wp\/v2\/product\/10674\/revisions\/10675"}],"wp:featuredmedia":[{"embeddable":true,"href":"https:\/\/senzorika-varga.si\/en\/wp-json\/wp\/v2\/media\/12425"}],"wp:attachment":[{"href":"https:\/\/senzorika-varga.si\/en\/wp-json\/wp\/v2\/media?parent=10674"}],"wp:term":[{"taxonomy":"product_brand","embeddable":true,"href":"https:\/\/senzorika-varga.si\/en\/wp-json\/wp\/v2\/product_brand?post=10674"},{"taxonomy":"product_cat","embeddable":true,"href":"https:\/\/senzorika-varga.si\/en\/wp-json\/wp\/v2\/product_cat?post=10674"},{"taxonomy":"product_tag","embeddable":true,"href":"https:\/\/senzorika-varga.si\/en\/wp-json\/wp\/v2\/product_tag?post=10674"}],"curies":[{"name":"wp","href":"https:\/\/api.w.org\/{rel}","templated":true}]}}