{"id":10662,"date":"2025-12-05T22:08:23","date_gmt":"2025-12-05T22:08:23","guid":{"rendered":"https:\/\/senzorika.ajvonidol.si\/?post_type=product&#038;p=10662"},"modified":"2025-12-27T19:42:56","modified_gmt":"2025-12-27T19:42:56","slug":"morska-zvezda-uravnotezna-in-senzoricna-pot","status":"publish","type":"product","link":"https:\/\/senzorika-varga.si\/en\/product\/morska-zvezda-uravnotezna-in-senzoricna-pot\/","title":{"rendered":"Morska zvezda &#8211; Uravnote\u017ena in senzori\u010dna pot"},"content":{"rendered":"<p>Morska zvezda je komplet 6 pisanih elementov z morsko tematiko, ki so idealni za ustvarjanje ravnote\u017eja in senzori\u010dnih poti. Vsak element omogo\u010da razli\u010dne konfiguracije poti, kar podpira razvoj motori\u010dne koordinacije in ravnote\u017eja. Razli\u010dne velikosti omogo\u010dajo prilagajanje stopnje te\u017eavnosti potrebam uporabnikov, hkrati pa ponujajo privla\u010den videz, ki spodbuja aktivnost.<\/p>\n<p>Material: plastika<\/p>\n<p>Dimenzije:<\/p>\n<p>D: premer 40 cm, vi\u0161ina 20 cm (1 kos)<\/p>\n<p>M: premer 33 cm, vi\u0161ina 8 cm (2 kosa)<\/p>\n<p>S: premer 24 cm, vi\u0161ina 4 cm (3 kosi)<\/p>\n<p>Starost: 3+<\/p>","protected":false},"excerpt":{"rendered":"<p>Morska zvezda je komplet 6 pisanih elementov z morsko tematiko, ki so idealni za ustvarjanje ravnote\u017eja in senzori\u010dnih poti. Vsak element omogo\u010da razli\u010dne konfiguracije poti, kar podpira razvoj motori\u010dne koordinacije in ravnote\u017eja. Razli\u010dne velikosti omogo\u010dajo prilagajanje stopnje te\u017eavnosti potrebam uporabnikov, hkrati pa ponujajo privla\u010den videz, ki spodbuja aktivnost.<\/p>\n<p>Material: plastika<\/p>\n<p>Dimenzije:<\/p>\n<p>D: premer 40 cm, vi\u0161ina 20 cm (1 kos)<\/p>\n<p>M: premer 33 cm, vi\u0161ina 8 cm (2 kosa)<\/p>\n<p>S: premer 24 cm, vi\u0161ina 4 cm (3 kosi)<\/p>\n<p>Starost: 3+<\/p>","protected":false},"featured_media":12413,"menu_order":0,"comment_status":"open","ping_status":"closed","template":"","meta":[],"product_brand":[],"product_cat":[106,101,67,105],"product_tag":[],"class_list":{"0":"post-10662","1":"product","2":"type-product","3":"status-publish","4":"has-post-thumbnail","6":"product_cat-gibanje","7":"product_cat-motorika","8":"product_cat-ravnotezje","9":"product_cat-terapija","11":"first","12":"instock","13":"taxable","14":"shipping-taxable","15":"purchasable","16":"product-type-simple"},"jetpack_sharing_enabled":true,"_links":{"self":[{"href":"https:\/\/senzorika-varga.si\/en\/wp-json\/wp\/v2\/product\/10662","targetHints":{"allow":["GET"]}}],"collection":[{"href":"https:\/\/senzorika-varga.si\/en\/wp-json\/wp\/v2\/product"}],"about":[{"href":"https:\/\/senzorika-varga.si\/en\/wp-json\/wp\/v2\/types\/product"}],"replies":[{"embeddable":true,"href":"https:\/\/senzorika-varga.si\/en\/wp-json\/wp\/v2\/comments?post=10662"}],"version-history":[{"count":1,"href":"https:\/\/senzorika-varga.si\/en\/wp-json\/wp\/v2\/product\/10662\/revisions"}],"predecessor-version":[{"id":10663,"href":"https:\/\/senzorika-varga.si\/en\/wp-json\/wp\/v2\/product\/10662\/revisions\/10663"}],"wp:featuredmedia":[{"embeddable":true,"href":"https:\/\/senzorika-varga.si\/en\/wp-json\/wp\/v2\/media\/12413"}],"wp:attachment":[{"href":"https:\/\/senzorika-varga.si\/en\/wp-json\/wp\/v2\/media?parent=10662"}],"wp:term":[{"taxonomy":"product_brand","embeddable":true,"href":"https:\/\/senzorika-varga.si\/en\/wp-json\/wp\/v2\/product_brand?post=10662"},{"taxonomy":"product_cat","embeddable":true,"href":"https:\/\/senzorika-varga.si\/en\/wp-json\/wp\/v2\/product_cat?post=10662"},{"taxonomy":"product_tag","embeddable":true,"href":"https:\/\/senzorika-varga.si\/en\/wp-json\/wp\/v2\/product_tag?post=10662"}],"curies":[{"name":"wp","href":"https:\/\/api.w.org\/{rel}","templated":true}]}}