{"id":10660,"date":"2025-12-05T22:08:23","date_gmt":"2025-12-05T22:08:23","guid":{"rendered":"https:\/\/senzorika.ajvonidol.si\/?post_type=product&#038;p=10660"},"modified":"2025-12-27T19:42:56","modified_gmt":"2025-12-27T19:42:56","slug":"mavricni-kamencki-uravnotezna-senzoricna-pot","status":"publish","type":"product","link":"https:\/\/senzorika-varga.si\/en\/product\/mavricni-kamencki-uravnotezna-senzoricna-pot\/","title":{"rendered":"Mavri\u010dni kamen\u010dki &#8211; Uravnote\u017ena senzori\u010dna pot"},"content":{"rendered":"<p>Komplet Mavri\u010dni kamen\u010dki je zasnovan za ustvarjanje poti za ravnote\u017eje in senzori\u010dne poti, s ciljem podpiranja razvoja motori\u010dnih sposobnosti uporabnika. Elementi so izdelani iz trpe\u017enih materialov in omogo\u010dajo razli\u010dne konfiguracije poti, kar pomaga izbolj\u0161ati koordinacijo in ravnote\u017ene sposobnosti na varen na\u010din. Ko je komplet sestavljen, ima kompaktne dimenzije, zaradi \u010desar je enostaven za shranjevanje.<\/p>\n<p>Dimenzije:<\/p>\n<p>32 x 32 x 27 cm<\/p>\n<p>32 x 32 x 8,5 cm<\/p>\n<p>29 x 29 x 8 cm<\/p>\n<p>25 x 25 x 8 cm<\/p>\n<p>19 x 19 x 7,5 cm<\/p>\n<p>Material: Plastika<\/p>\n<p>Starost: 3+<\/p>","protected":false},"excerpt":{"rendered":"<p>Komplet Mavri\u010dni kamen\u010dki je zasnovan za ustvarjanje poti za ravnote\u017eje in senzori\u010dne poti, s ciljem podpiranja razvoja motori\u010dnih sposobnosti uporabnika. Elementi so izdelani iz trpe\u017enih materialov in omogo\u010dajo razli\u010dne konfiguracije poti, kar pomaga izbolj\u0161ati koordinacijo in ravnote\u017ene sposobnosti na varen na\u010din. Ko je komplet sestavljen, ima kompaktne dimenzije, zaradi \u010desar je enostaven za shranjevanje.<\/p>\n<p>Dimenzije:<\/p>\n<p>32 x 32 x 27 cm<\/p>\n<p>32 x 32 x 8,5 cm<\/p>\n<p>29 x 29 x 8 cm<\/p>\n<p>25 x 25 x 8 cm<\/p>\n<p>19 x 19 x 7,5 cm<\/p>\n<p>Material: Plastika<\/p>\n<p>Starost: 3+<\/p>","protected":false},"featured_media":12410,"menu_order":0,"comment_status":"open","ping_status":"closed","template":"","meta":[],"product_brand":[],"product_cat":[106,101,67,105],"product_tag":[],"class_list":{"0":"post-10660","1":"product","2":"type-product","3":"status-publish","4":"has-post-thumbnail","6":"product_cat-gibanje","7":"product_cat-motorika","8":"product_cat-ravnotezje","9":"product_cat-terapija","11":"first","12":"instock","13":"taxable","14":"shipping-taxable","15":"purchasable","16":"product-type-simple"},"jetpack_sharing_enabled":true,"_links":{"self":[{"href":"https:\/\/senzorika-varga.si\/en\/wp-json\/wp\/v2\/product\/10660","targetHints":{"allow":["GET"]}}],"collection":[{"href":"https:\/\/senzorika-varga.si\/en\/wp-json\/wp\/v2\/product"}],"about":[{"href":"https:\/\/senzorika-varga.si\/en\/wp-json\/wp\/v2\/types\/product"}],"replies":[{"embeddable":true,"href":"https:\/\/senzorika-varga.si\/en\/wp-json\/wp\/v2\/comments?post=10660"}],"version-history":[{"count":1,"href":"https:\/\/senzorika-varga.si\/en\/wp-json\/wp\/v2\/product\/10660\/revisions"}],"predecessor-version":[{"id":10661,"href":"https:\/\/senzorika-varga.si\/en\/wp-json\/wp\/v2\/product\/10660\/revisions\/10661"}],"wp:featuredmedia":[{"embeddable":true,"href":"https:\/\/senzorika-varga.si\/en\/wp-json\/wp\/v2\/media\/12410"}],"wp:attachment":[{"href":"https:\/\/senzorika-varga.si\/en\/wp-json\/wp\/v2\/media?parent=10660"}],"wp:term":[{"taxonomy":"product_brand","embeddable":true,"href":"https:\/\/senzorika-varga.si\/en\/wp-json\/wp\/v2\/product_brand?post=10660"},{"taxonomy":"product_cat","embeddable":true,"href":"https:\/\/senzorika-varga.si\/en\/wp-json\/wp\/v2\/product_cat?post=10660"},{"taxonomy":"product_tag","embeddable":true,"href":"https:\/\/senzorika-varga.si\/en\/wp-json\/wp\/v2\/product_tag?post=10660"}],"curies":[{"name":"wp","href":"https:\/\/api.w.org\/{rel}","templated":true}]}}