{"id":10658,"date":"2025-12-05T22:08:23","date_gmt":"2025-12-05T22:08:23","guid":{"rendered":"https:\/\/senzorika.ajvonidol.si\/?post_type=product&#038;p=10658"},"modified":"2025-12-27T19:42:56","modified_gmt":"2025-12-27T19:42:56","slug":"ravnotezna-plosca","status":"publish","type":"product","link":"https:\/\/senzorika-varga.si\/en\/product\/ravnotezna-plosca\/","title":{"rendered":"Ravnote\u017ena plo\u0161\u010da"},"content":{"rendered":"<p>Odli\u010den pripomo\u010dek za u\u010denje ravnote\u017eja s celim telesom ali za izvajanje vaj, ki trenirajo ravnote\u017eje in motori\u010dne sposobnosti. Opremljen je z labirintom s 5 \u017eogicami. Otrokom omogo\u010dajo razvoj koordinacije med o\u010dmi in rokami ter spretnosti. Povr\u0161ina ravnote\u017ene plo\u0161\u010de ima posebne nedrse\u010de pike, ki zagotavljajo varnost med vsako aktivnostjo. Specifikacije izdelka: dimenzije: 50 x 40 cm; material: ABS; starost: 3+<\/p>","protected":false},"excerpt":{"rendered":"<p>Odli\u010den pripomo\u010dek za u\u010denje ravnote\u017eja s celim telesom ali za izvajanje vaj, ki trenirajo ravnote\u017eje in motori\u010dne sposobnosti. Opremljen je z labirintom s 5 \u017eogicami. Otrokom omogo\u010dajo razvoj koordinacije med o\u010dmi in rokami ter spretnosti. Povr\u0161ina ravnote\u017ene plo\u0161\u010de ima posebne nedrse\u010de pike, ki zagotavljajo varnost med vsako aktivnostjo. Specifikacije izdelka: dimenzije: 50 x 40 cm; material: ABS; starost: 3+<\/p>","protected":false},"featured_media":12407,"menu_order":0,"comment_status":"open","ping_status":"closed","template":"","meta":[],"product_brand":[],"product_cat":[106,101,67,105],"product_tag":[],"class_list":{"0":"post-10658","1":"product","2":"type-product","3":"status-publish","4":"has-post-thumbnail","6":"product_cat-gibanje","7":"product_cat-motorika","8":"product_cat-ravnotezje","9":"product_cat-terapija","11":"first","12":"instock","13":"taxable","14":"shipping-taxable","15":"purchasable","16":"product-type-simple"},"jetpack_sharing_enabled":true,"_links":{"self":[{"href":"https:\/\/senzorika-varga.si\/en\/wp-json\/wp\/v2\/product\/10658","targetHints":{"allow":["GET"]}}],"collection":[{"href":"https:\/\/senzorika-varga.si\/en\/wp-json\/wp\/v2\/product"}],"about":[{"href":"https:\/\/senzorika-varga.si\/en\/wp-json\/wp\/v2\/types\/product"}],"replies":[{"embeddable":true,"href":"https:\/\/senzorika-varga.si\/en\/wp-json\/wp\/v2\/comments?post=10658"}],"version-history":[{"count":1,"href":"https:\/\/senzorika-varga.si\/en\/wp-json\/wp\/v2\/product\/10658\/revisions"}],"predecessor-version":[{"id":10659,"href":"https:\/\/senzorika-varga.si\/en\/wp-json\/wp\/v2\/product\/10658\/revisions\/10659"}],"wp:featuredmedia":[{"embeddable":true,"href":"https:\/\/senzorika-varga.si\/en\/wp-json\/wp\/v2\/media\/12407"}],"wp:attachment":[{"href":"https:\/\/senzorika-varga.si\/en\/wp-json\/wp\/v2\/media?parent=10658"}],"wp:term":[{"taxonomy":"product_brand","embeddable":true,"href":"https:\/\/senzorika-varga.si\/en\/wp-json\/wp\/v2\/product_brand?post=10658"},{"taxonomy":"product_cat","embeddable":true,"href":"https:\/\/senzorika-varga.si\/en\/wp-json\/wp\/v2\/product_cat?post=10658"},{"taxonomy":"product_tag","embeddable":true,"href":"https:\/\/senzorika-varga.si\/en\/wp-json\/wp\/v2\/product_tag?post=10658"}],"curies":[{"name":"wp","href":"https:\/\/api.w.org\/{rel}","templated":true}]}}