{"id":10656,"date":"2025-12-05T22:08:23","date_gmt":"2025-12-05T22:08:23","guid":{"rendered":"https:\/\/senzorika.ajvonidol.si\/?post_type=product&#038;p=10656"},"modified":"2025-12-27T19:42:56","modified_gmt":"2025-12-27T19:42:56","slug":"recni-kamni-senzoricna-pot","status":"publish","type":"product","link":"https:\/\/senzorika-varga.si\/en\/product\/recni-kamni-senzoricna-pot\/","title":{"rendered":"Re\u010dni kamni &#8211; Senzori\u010dna pot"},"content":{"rendered":"<p>Komplet Re\u010dnih kamnov je sestavljen iz \u0161estih plasti\u010dnih otokov z razli\u010dnimi teksturami, zasnovanih za ustvarjanje senzori\u010dnih poti. Razli\u010dne povr\u0161ine spodbujajo receptorje stopal in pomagajo pri razvoju motori\u010dnih sposobnosti, koordinacije in ravnote\u017eja. Razli\u010dne teksture otokov spodbujajo ob\u010dutek dotika, kar pomaga pri zaznavanju telesa in razvoju koncentracije. To je odli\u010dno orodje za senzori\u010dne vaje, primerno tako za terapijo kot za vsakodnevne telesne dejavnosti.<\/p>\n<p>Komplet vsebuje: 6 kosov<\/p>\n<p>Material: Plastika<\/p>\n<p>Dimenzije: 30 x 50 cm<\/p>\n<p>Starost: 3+<\/p>","protected":false},"excerpt":{"rendered":"<p>Komplet Re\u010dnih kamnov je sestavljen iz \u0161estih plasti\u010dnih otokov z razli\u010dnimi teksturami, zasnovanih za ustvarjanje senzori\u010dnih poti. Razli\u010dne povr\u0161ine spodbujajo receptorje stopal in pomagajo pri razvoju motori\u010dnih sposobnosti, koordinacije in ravnote\u017eja. Razli\u010dne teksture otokov spodbujajo ob\u010dutek dotika, kar pomaga pri zaznavanju telesa in razvoju koncentracije. To je odli\u010dno orodje za senzori\u010dne vaje, primerno tako za terapijo kot za vsakodnevne telesne dejavnosti.<\/p>\n<p>Komplet vsebuje: 6 kosov<\/p>\n<p>Material: Plastika<\/p>\n<p>Dimenzije: 30 x 50 cm<\/p>\n<p>Starost: 3+<\/p>","protected":false},"featured_media":12404,"menu_order":0,"comment_status":"open","ping_status":"closed","template":"","meta":[],"product_brand":[],"product_cat":[106,101,67,105],"product_tag":[],"class_list":{"0":"post-10656","1":"product","2":"type-product","3":"status-publish","4":"has-post-thumbnail","6":"product_cat-gibanje","7":"product_cat-motorika","8":"product_cat-ravnotezje","9":"product_cat-terapija","11":"first","12":"instock","13":"taxable","14":"shipping-taxable","15":"purchasable","16":"product-type-simple"},"jetpack_sharing_enabled":true,"_links":{"self":[{"href":"https:\/\/senzorika-varga.si\/en\/wp-json\/wp\/v2\/product\/10656","targetHints":{"allow":["GET"]}}],"collection":[{"href":"https:\/\/senzorika-varga.si\/en\/wp-json\/wp\/v2\/product"}],"about":[{"href":"https:\/\/senzorika-varga.si\/en\/wp-json\/wp\/v2\/types\/product"}],"replies":[{"embeddable":true,"href":"https:\/\/senzorika-varga.si\/en\/wp-json\/wp\/v2\/comments?post=10656"}],"version-history":[{"count":1,"href":"https:\/\/senzorika-varga.si\/en\/wp-json\/wp\/v2\/product\/10656\/revisions"}],"predecessor-version":[{"id":10657,"href":"https:\/\/senzorika-varga.si\/en\/wp-json\/wp\/v2\/product\/10656\/revisions\/10657"}],"wp:featuredmedia":[{"embeddable":true,"href":"https:\/\/senzorika-varga.si\/en\/wp-json\/wp\/v2\/media\/12404"}],"wp:attachment":[{"href":"https:\/\/senzorika-varga.si\/en\/wp-json\/wp\/v2\/media?parent=10656"}],"wp:term":[{"taxonomy":"product_brand","embeddable":true,"href":"https:\/\/senzorika-varga.si\/en\/wp-json\/wp\/v2\/product_brand?post=10656"},{"taxonomy":"product_cat","embeddable":true,"href":"https:\/\/senzorika-varga.si\/en\/wp-json\/wp\/v2\/product_cat?post=10656"},{"taxonomy":"product_tag","embeddable":true,"href":"https:\/\/senzorika-varga.si\/en\/wp-json\/wp\/v2\/product_tag?post=10656"}],"curies":[{"name":"wp","href":"https:\/\/api.w.org\/{rel}","templated":true}]}}