{"id":10652,"date":"2025-12-05T22:08:23","date_gmt":"2025-12-05T22:08:23","guid":{"rendered":"https:\/\/senzorika.ajvonidol.si\/?post_type=product&#038;p=10652"},"modified":"2025-12-27T19:42:55","modified_gmt":"2025-12-27T19:42:55","slug":"uravnotezne-skoljke","status":"publish","type":"product","link":"https:\/\/senzorika-varga.si\/en\/product\/uravnotezne-skoljke\/","title":{"rendered":"Uravnote\u017ene \u0161koljke"},"content":{"rendered":"<p>Komplet \u0161koljk za ravnote\u017eje vklju\u010duje \u0161tiri elemente, ki so idealni za ustvarjanje poti za ravnote\u017eje in senzori\u010dne poti, ki podpirajo razvoj motori\u010dnih sposobnosti in ravnote\u017eja. Vsak element je zasnovan z mislijo na stabilnost in varnost, kar omogo\u010da varno ravnote\u017eje, hkrati pa razvija koordinacijo na zabaven in spodbuden na\u010din. \u0160koljke so idealne za urejanje razli\u010dnih poti, prilagojenih potrebam uporabnikov.<\/p>\n<p>Dimenzije najmanj\u0161e \u0161koljke: 15,5 x 16 x 3,5 cm<\/p>\n<p>Dimenzije najve\u010dje \u0161koljke: 35 x 26 x 13 cm<\/p>\n<p>Material: Plastika<\/p>\n<p>Starost: 3+<\/p>","protected":false},"excerpt":{"rendered":"<p>Komplet \u0161koljk za ravnote\u017eje vklju\u010duje \u0161tiri elemente, ki so idealni za ustvarjanje poti za ravnote\u017eje in senzori\u010dne poti, ki podpirajo razvoj motori\u010dnih sposobnosti in ravnote\u017eja. Vsak element je zasnovan z mislijo na stabilnost in varnost, kar omogo\u010da varno ravnote\u017eje, hkrati pa razvija koordinacijo na zabaven in spodbuden na\u010din. \u0160koljke so idealne za urejanje razli\u010dnih poti, prilagojenih potrebam uporabnikov.<\/p>\n<p>Dimenzije najmanj\u0161e \u0161koljke: 15,5 x 16 x 3,5 cm<\/p>\n<p>Dimenzije najve\u010dje \u0161koljke: 35 x 26 x 13 cm<\/p>\n<p>Material: Plastika<\/p>\n<p>Starost: 3+<\/p>","protected":false},"featured_media":12395,"menu_order":0,"comment_status":"open","ping_status":"closed","template":"","meta":[],"product_brand":[],"product_cat":[106,101,67,105],"product_tag":[],"class_list":{"0":"post-10652","1":"product","2":"type-product","3":"status-publish","4":"has-post-thumbnail","6":"product_cat-gibanje","7":"product_cat-motorika","8":"product_cat-ravnotezje","9":"product_cat-terapija","11":"first","12":"instock","13":"taxable","14":"shipping-taxable","15":"purchasable","16":"product-type-simple"},"jetpack_sharing_enabled":true,"_links":{"self":[{"href":"https:\/\/senzorika-varga.si\/en\/wp-json\/wp\/v2\/product\/10652","targetHints":{"allow":["GET"]}}],"collection":[{"href":"https:\/\/senzorika-varga.si\/en\/wp-json\/wp\/v2\/product"}],"about":[{"href":"https:\/\/senzorika-varga.si\/en\/wp-json\/wp\/v2\/types\/product"}],"replies":[{"embeddable":true,"href":"https:\/\/senzorika-varga.si\/en\/wp-json\/wp\/v2\/comments?post=10652"}],"version-history":[{"count":1,"href":"https:\/\/senzorika-varga.si\/en\/wp-json\/wp\/v2\/product\/10652\/revisions"}],"predecessor-version":[{"id":10653,"href":"https:\/\/senzorika-varga.si\/en\/wp-json\/wp\/v2\/product\/10652\/revisions\/10653"}],"wp:featuredmedia":[{"embeddable":true,"href":"https:\/\/senzorika-varga.si\/en\/wp-json\/wp\/v2\/media\/12395"}],"wp:attachment":[{"href":"https:\/\/senzorika-varga.si\/en\/wp-json\/wp\/v2\/media?parent=10652"}],"wp:term":[{"taxonomy":"product_brand","embeddable":true,"href":"https:\/\/senzorika-varga.si\/en\/wp-json\/wp\/v2\/product_brand?post=10652"},{"taxonomy":"product_cat","embeddable":true,"href":"https:\/\/senzorika-varga.si\/en\/wp-json\/wp\/v2\/product_cat?post=10652"},{"taxonomy":"product_tag","embeddable":true,"href":"https:\/\/senzorika-varga.si\/en\/wp-json\/wp\/v2\/product_tag?post=10652"}],"curies":[{"name":"wp","href":"https:\/\/api.w.org\/{rel}","templated":true}]}}