{"id":10650,"date":"2025-12-05T22:08:23","date_gmt":"2025-12-05T22:08:23","guid":{"rendered":"https:\/\/senzorika.ajvonidol.si\/?post_type=product&#038;p=10650"},"modified":"2025-12-27T19:42:55","modified_gmt":"2025-12-27T19:42:55","slug":"riba-uravnotezna-senzoricna-pot","status":"publish","type":"product","link":"https:\/\/senzorika-varga.si\/en\/product\/riba-uravnotezna-senzoricna-pot\/","title":{"rendered":"Riba &#8211; Uravnote\u017ena senzori\u010dna pot"},"content":{"rendered":"<p>Ribe so sklop senzori\u010dnih elementov, ki podpirajo razvoj motori\u010dne koordinacije in ravnote\u017eja. Navdihnjene s podvodnim svetom, omogo\u010dajo ustvarjanje ustvarjalnih poti za ravnote\u017eje, ki spodbujajo gibanje na privla\u010den na\u010din. Raznolika tekstura povr\u0161ine in stabilna konstrukcija zagotavljata varnost med aktivnostmi, hkrati pa podpirata motori\u010dne sposobnosti in koncentracijo. Ergonomska oblika in edinstven videz naredita komplet idealen za izobra\u017eevalne in terapevtske namene.<\/p>\n<p>Material: plastika<\/p>\n<p>Dimenzije:<\/p>\n<p>D: 24 x 40 x 10 cm (1 kos)<\/p>\n<p>M: 20 x 24 x 8 cm (2 kosa)<\/p>\n<p>V: 15 x 25 x 4 cm (3 kosi)<\/p>\n<p>Starost: 3+<\/p>","protected":false},"excerpt":{"rendered":"<p>Ribe so sklop senzori\u010dnih elementov, ki podpirajo razvoj motori\u010dne koordinacije in ravnote\u017eja. Navdihnjene s podvodnim svetom, omogo\u010dajo ustvarjanje ustvarjalnih poti za ravnote\u017eje, ki spodbujajo gibanje na privla\u010den na\u010din. Raznolika tekstura povr\u0161ine in stabilna konstrukcija zagotavljata varnost med aktivnostmi, hkrati pa podpirata motori\u010dne sposobnosti in koncentracijo. Ergonomska oblika in edinstven videz naredita komplet idealen za izobra\u017eevalne in terapevtske namene.<\/p>\n<p>Material: plastika<\/p>\n<p>Dimenzije:<\/p>\n<p>D: 24 x 40 x 10 cm (1 kos)<\/p>\n<p>M: 20 x 24 x 8 cm (2 kosa)<\/p>\n<p>V: 15 x 25 x 4 cm (3 kosi)<\/p>\n<p>Starost: 3+<\/p>","protected":false},"featured_media":12391,"menu_order":0,"comment_status":"open","ping_status":"closed","template":"","meta":[],"product_brand":[],"product_cat":[106,101,67,105],"product_tag":[],"class_list":{"0":"post-10650","1":"product","2":"type-product","3":"status-publish","4":"has-post-thumbnail","6":"product_cat-gibanje","7":"product_cat-motorika","8":"product_cat-ravnotezje","9":"product_cat-terapija","11":"first","12":"instock","13":"taxable","14":"shipping-taxable","15":"purchasable","16":"product-type-simple"},"jetpack_sharing_enabled":true,"_links":{"self":[{"href":"https:\/\/senzorika-varga.si\/en\/wp-json\/wp\/v2\/product\/10650","targetHints":{"allow":["GET"]}}],"collection":[{"href":"https:\/\/senzorika-varga.si\/en\/wp-json\/wp\/v2\/product"}],"about":[{"href":"https:\/\/senzorika-varga.si\/en\/wp-json\/wp\/v2\/types\/product"}],"replies":[{"embeddable":true,"href":"https:\/\/senzorika-varga.si\/en\/wp-json\/wp\/v2\/comments?post=10650"}],"version-history":[{"count":1,"href":"https:\/\/senzorika-varga.si\/en\/wp-json\/wp\/v2\/product\/10650\/revisions"}],"predecessor-version":[{"id":10651,"href":"https:\/\/senzorika-varga.si\/en\/wp-json\/wp\/v2\/product\/10650\/revisions\/10651"}],"wp:featuredmedia":[{"embeddable":true,"href":"https:\/\/senzorika-varga.si\/en\/wp-json\/wp\/v2\/media\/12391"}],"wp:attachment":[{"href":"https:\/\/senzorika-varga.si\/en\/wp-json\/wp\/v2\/media?parent=10650"}],"wp:term":[{"taxonomy":"product_brand","embeddable":true,"href":"https:\/\/senzorika-varga.si\/en\/wp-json\/wp\/v2\/product_brand?post=10650"},{"taxonomy":"product_cat","embeddable":true,"href":"https:\/\/senzorika-varga.si\/en\/wp-json\/wp\/v2\/product_cat?post=10650"},{"taxonomy":"product_tag","embeddable":true,"href":"https:\/\/senzorika-varga.si\/en\/wp-json\/wp\/v2\/product_tag?post=10650"}],"curies":[{"name":"wp","href":"https:\/\/api.w.org\/{rel}","templated":true}]}}