{"id":10648,"date":"2025-12-05T22:08:22","date_gmt":"2025-12-05T22:08:22","guid":{"rendered":"https:\/\/senzorika.ajvonidol.si\/?post_type=product&#038;p=10648"},"modified":"2025-12-27T19:42:55","modified_gmt":"2025-12-27T19:42:55","slug":"lubje-uravnotezna-senzoricna-pot","status":"publish","type":"product","link":"https:\/\/senzorika-varga.si\/en\/product\/lubje-uravnotezna-senzoricna-pot\/","title":{"rendered":"Lubje &#8211; Uravnote\u017ena senzori\u010dna pot"},"content":{"rendered":"<p>Komplet drevesnih \u0161torov je zasnovan za ustvarjanje ravnote\u017eja in senzori\u010dnih poti, ki podpirajo razvoj motori\u010dne koordinacije in ravnote\u017eja. Z naravnimi, umirjenimi barvami se 8 \u0161torov brezhibno zlije z estetiko izobra\u017eevalnih prostorov in ustvarja prijetno okolje za telesne dejavnosti. Zaradi svoje robustne konstrukcije in nedrse\u010de povr\u0161ine so ti \u0161tori idealno orodje za varen razvoj telesne pripravljenosti.<\/p>\n<p>Material: Plastika<\/p>\n<p>Dimenzije: 32 x 32 x 27 cm<\/p>\n<p>Starost: 3+<\/p>","protected":false},"excerpt":{"rendered":"<p>Komplet drevesnih \u0161torov je zasnovan za ustvarjanje ravnote\u017eja in senzori\u010dnih poti, ki podpirajo razvoj motori\u010dne koordinacije in ravnote\u017eja. Z naravnimi, umirjenimi barvami se 8 \u0161torov brezhibno zlije z estetiko izobra\u017eevalnih prostorov in ustvarja prijetno okolje za telesne dejavnosti. Zaradi svoje robustne konstrukcije in nedrse\u010de povr\u0161ine so ti \u0161tori idealno orodje za varen razvoj telesne pripravljenosti.<\/p>\n<p>Material: Plastika<\/p>\n<p>Dimenzije: 32 x 32 x 27 cm<\/p>\n<p>Starost: 3+<\/p>","protected":false},"featured_media":12388,"menu_order":0,"comment_status":"open","ping_status":"closed","template":"","meta":[],"product_brand":[],"product_cat":[106,101,67,105],"product_tag":[],"class_list":{"0":"post-10648","1":"product","2":"type-product","3":"status-publish","4":"has-post-thumbnail","6":"product_cat-gibanje","7":"product_cat-motorika","8":"product_cat-ravnotezje","9":"product_cat-terapija","11":"first","12":"instock","13":"taxable","14":"shipping-taxable","15":"purchasable","16":"product-type-simple"},"jetpack_sharing_enabled":true,"_links":{"self":[{"href":"https:\/\/senzorika-varga.si\/en\/wp-json\/wp\/v2\/product\/10648","targetHints":{"allow":["GET"]}}],"collection":[{"href":"https:\/\/senzorika-varga.si\/en\/wp-json\/wp\/v2\/product"}],"about":[{"href":"https:\/\/senzorika-varga.si\/en\/wp-json\/wp\/v2\/types\/product"}],"replies":[{"embeddable":true,"href":"https:\/\/senzorika-varga.si\/en\/wp-json\/wp\/v2\/comments?post=10648"}],"version-history":[{"count":1,"href":"https:\/\/senzorika-varga.si\/en\/wp-json\/wp\/v2\/product\/10648\/revisions"}],"predecessor-version":[{"id":10649,"href":"https:\/\/senzorika-varga.si\/en\/wp-json\/wp\/v2\/product\/10648\/revisions\/10649"}],"wp:featuredmedia":[{"embeddable":true,"href":"https:\/\/senzorika-varga.si\/en\/wp-json\/wp\/v2\/media\/12388"}],"wp:attachment":[{"href":"https:\/\/senzorika-varga.si\/en\/wp-json\/wp\/v2\/media?parent=10648"}],"wp:term":[{"taxonomy":"product_brand","embeddable":true,"href":"https:\/\/senzorika-varga.si\/en\/wp-json\/wp\/v2\/product_brand?post=10648"},{"taxonomy":"product_cat","embeddable":true,"href":"https:\/\/senzorika-varga.si\/en\/wp-json\/wp\/v2\/product_cat?post=10648"},{"taxonomy":"product_tag","embeddable":true,"href":"https:\/\/senzorika-varga.si\/en\/wp-json\/wp\/v2\/product_tag?post=10648"}],"curies":[{"name":"wp","href":"https:\/\/api.w.org\/{rel}","templated":true}]}}