{"id":10646,"date":"2025-12-05T22:08:21","date_gmt":"2025-12-05T22:08:21","guid":{"rendered":"https:\/\/senzorika.ajvonidol.si\/?post_type=product&#038;p=10646"},"modified":"2025-12-27T19:42:55","modified_gmt":"2025-12-27T19:42:55","slug":"penasti-kamni-pot-zdravja","status":"publish","type":"product","link":"https:\/\/senzorika-varga.si\/en\/product\/penasti-kamni-pot-zdravja\/","title":{"rendered":"Penasti kamni &#8211; Pot zdravja"},"content":{"rendered":"<p>Penasti kamni omogo\u010dajo ustvarjanje senzori\u010dnih poti za zdravje. Vsak kamen ima teksturirano povr\u0161ino in razli\u010dne velikosti, kar podpira razvoj koordinacije, ravnote\u017eja in motori\u010dnih sposobnosti. Komplet vsebuje 5 pisanih elementov iz EPP materiala, ki je znan po svoji izjemni vzdr\u017eljivosti z najve\u010djo nosilnostjo do 180 kg.<\/p>\n<p>Dimenzije: 27,5 x 27,5 x 12 cm<\/p>\n<p>Starost: 3+<\/p>","protected":false},"excerpt":{"rendered":"<p>Penasti kamni omogo\u010dajo ustvarjanje senzori\u010dnih poti za zdravje. Vsak kamen ima teksturirano povr\u0161ino in razli\u010dne velikosti, kar podpira razvoj koordinacije, ravnote\u017eja in motori\u010dnih sposobnosti. Komplet vsebuje 5 pisanih elementov iz EPP materiala, ki je znan po svoji izjemni vzdr\u017eljivosti z najve\u010djo nosilnostjo do 180 kg.<\/p>\n<p>Dimenzije: 27,5 x 27,5 x 12 cm<\/p>\n<p>Starost: 3+<\/p>","protected":false},"featured_media":12385,"menu_order":0,"comment_status":"open","ping_status":"closed","template":"","meta":[],"product_brand":[],"product_cat":[106,101,67,105],"product_tag":[],"class_list":{"0":"post-10646","1":"product","2":"type-product","3":"status-publish","4":"has-post-thumbnail","6":"product_cat-gibanje","7":"product_cat-motorika","8":"product_cat-ravnotezje","9":"product_cat-terapija","11":"first","12":"instock","13":"taxable","14":"shipping-taxable","15":"purchasable","16":"product-type-simple"},"jetpack_sharing_enabled":true,"_links":{"self":[{"href":"https:\/\/senzorika-varga.si\/en\/wp-json\/wp\/v2\/product\/10646","targetHints":{"allow":["GET"]}}],"collection":[{"href":"https:\/\/senzorika-varga.si\/en\/wp-json\/wp\/v2\/product"}],"about":[{"href":"https:\/\/senzorika-varga.si\/en\/wp-json\/wp\/v2\/types\/product"}],"replies":[{"embeddable":true,"href":"https:\/\/senzorika-varga.si\/en\/wp-json\/wp\/v2\/comments?post=10646"}],"version-history":[{"count":1,"href":"https:\/\/senzorika-varga.si\/en\/wp-json\/wp\/v2\/product\/10646\/revisions"}],"predecessor-version":[{"id":10647,"href":"https:\/\/senzorika-varga.si\/en\/wp-json\/wp\/v2\/product\/10646\/revisions\/10647"}],"wp:featuredmedia":[{"embeddable":true,"href":"https:\/\/senzorika-varga.si\/en\/wp-json\/wp\/v2\/media\/12385"}],"wp:attachment":[{"href":"https:\/\/senzorika-varga.si\/en\/wp-json\/wp\/v2\/media?parent=10646"}],"wp:term":[{"taxonomy":"product_brand","embeddable":true,"href":"https:\/\/senzorika-varga.si\/en\/wp-json\/wp\/v2\/product_brand?post=10646"},{"taxonomy":"product_cat","embeddable":true,"href":"https:\/\/senzorika-varga.si\/en\/wp-json\/wp\/v2\/product_cat?post=10646"},{"taxonomy":"product_tag","embeddable":true,"href":"https:\/\/senzorika-varga.si\/en\/wp-json\/wp\/v2\/product_tag?post=10646"}],"curies":[{"name":"wp","href":"https:\/\/api.w.org\/{rel}","templated":true}]}}