{"id":10644,"date":"2025-12-05T22:08:21","date_gmt":"2025-12-05T22:08:21","guid":{"rendered":"https:\/\/senzorika.ajvonidol.si\/?post_type=product&#038;p=10644"},"modified":"2025-12-27T19:42:52","modified_gmt":"2025-12-27T19:42:52","slug":"blazina-za-senzoricno-ravnotezje-2","status":"publish","type":"product","link":"https:\/\/senzorika-varga.si\/en\/product\/blazina-za-senzoricno-ravnotezje-2\/","title":{"rendered":"Blazina za senzori\u010dno ravnote\u017eje"},"content":{"rendered":"<p>Idealno za stimulacijo celega telesa, masa\u017eo stopal ter vaje za koordinacijo in ravnote\u017eje. Za uporabo v razli\u010dnih polo\u017eajih: kle\u010de\u010d, stoje\u010d, le\u017ee\u010d in sede\u010d. Obe strani diska sta prekriti z mehkimi senzori\u010dnimi konicami. Premer 60 cm; material: guma; barva: oran\u017ena;<\/p>","protected":false},"excerpt":{"rendered":"<p>Idealno za stimulacijo celega telesa, masa\u017eo stopal ter vaje za koordinacijo in ravnote\u017eje. Za uporabo v razli\u010dnih polo\u017eajih: kle\u010de\u010d, stoje\u010d, le\u017ee\u010d in sede\u010d. Obe strani diska sta prekriti z mehkimi senzori\u010dnimi konicami. Premer 60 cm; material: guma; barva: oran\u017ena;<\/p>","protected":false},"featured_media":12384,"menu_order":0,"comment_status":"open","ping_status":"closed","template":"","meta":[],"product_brand":[],"product_cat":[106,101,67,105],"product_tag":[],"class_list":{"0":"post-10644","1":"product","2":"type-product","3":"status-publish","4":"has-post-thumbnail","6":"product_cat-gibanje","7":"product_cat-motorika","8":"product_cat-ravnotezje","9":"product_cat-terapija","11":"first","12":"instock","13":"taxable","14":"shipping-taxable","15":"purchasable","16":"product-type-simple"},"jetpack_sharing_enabled":true,"_links":{"self":[{"href":"https:\/\/senzorika-varga.si\/en\/wp-json\/wp\/v2\/product\/10644","targetHints":{"allow":["GET"]}}],"collection":[{"href":"https:\/\/senzorika-varga.si\/en\/wp-json\/wp\/v2\/product"}],"about":[{"href":"https:\/\/senzorika-varga.si\/en\/wp-json\/wp\/v2\/types\/product"}],"replies":[{"embeddable":true,"href":"https:\/\/senzorika-varga.si\/en\/wp-json\/wp\/v2\/comments?post=10644"}],"version-history":[{"count":1,"href":"https:\/\/senzorika-varga.si\/en\/wp-json\/wp\/v2\/product\/10644\/revisions"}],"predecessor-version":[{"id":10645,"href":"https:\/\/senzorika-varga.si\/en\/wp-json\/wp\/v2\/product\/10644\/revisions\/10645"}],"wp:featuredmedia":[{"embeddable":true,"href":"https:\/\/senzorika-varga.si\/en\/wp-json\/wp\/v2\/media\/12384"}],"wp:attachment":[{"href":"https:\/\/senzorika-varga.si\/en\/wp-json\/wp\/v2\/media?parent=10644"}],"wp:term":[{"taxonomy":"product_brand","embeddable":true,"href":"https:\/\/senzorika-varga.si\/en\/wp-json\/wp\/v2\/product_brand?post=10644"},{"taxonomy":"product_cat","embeddable":true,"href":"https:\/\/senzorika-varga.si\/en\/wp-json\/wp\/v2\/product_cat?post=10644"},{"taxonomy":"product_tag","embeddable":true,"href":"https:\/\/senzorika-varga.si\/en\/wp-json\/wp\/v2\/product_tag?post=10644"}],"curies":[{"name":"wp","href":"https:\/\/api.w.org\/{rel}","templated":true}]}}