{"id":10642,"date":"2025-12-05T22:08:21","date_gmt":"2025-12-05T22:08:21","guid":{"rendered":"https:\/\/senzorika.ajvonidol.si\/?post_type=product&#038;p=10642"},"modified":"2025-12-27T19:42:52","modified_gmt":"2025-12-27T19:42:52","slug":"senzoricni-klin-rdec","status":"publish","type":"product","link":"https:\/\/senzorika-varga.si\/en\/product\/senzoricni-klin-rdec\/","title":{"rendered":"Senzori\u010dni klin \u2013 rde\u010d"},"content":{"rendered":"<p>Senzori\u010dna blazina v obliki klina, napolnjena z zrakom. Med sedenjem razbremenjuje ledveno hrbtenico in pomaga ohranjati medenico v pravilnem polo\u017eaju. Poleg tega podpira procese pozornosti in koncentracije. Uporablja se lahko tudi za vaje za ravnote\u017eje in odpravljanje nepravilnosti v dr\u017ei. Povr\u0161ina blazine je prekrita z jezi\u010dki, ki spodbujajo ob\u010dutek dotika. dimenzije: 33 x 33 cm; nosilnost: do 150 kg, material: vinil; barva: rde\u010da.<\/p>","protected":false},"excerpt":{"rendered":"<p>Senzori\u010dna blazina v obliki klina, napolnjena z zrakom. Med sedenjem razbremenjuje ledveno hrbtenico in pomaga ohranjati medenico v pravilnem polo\u017eaju. Poleg tega podpira procese pozornosti in koncentracije. Uporablja se lahko tudi za vaje za ravnote\u017eje in odpravljanje nepravilnosti v dr\u017ei. Povr\u0161ina blazine je prekrita z jezi\u010dki, ki spodbujajo ob\u010dutek dotika. dimenzije: 33 x 33 cm; nosilnost: do 150 kg, material: vinil; barva: rde\u010da.<\/p>","protected":false},"featured_media":12383,"menu_order":0,"comment_status":"open","ping_status":"closed","template":"","meta":[],"product_brand":[],"product_cat":[106,101,67,105],"product_tag":[],"class_list":{"0":"post-10642","1":"product","2":"type-product","3":"status-publish","4":"has-post-thumbnail","6":"product_cat-gibanje","7":"product_cat-motorika","8":"product_cat-ravnotezje","9":"product_cat-terapija","11":"first","12":"instock","13":"taxable","14":"shipping-taxable","15":"purchasable","16":"product-type-simple"},"jetpack_sharing_enabled":true,"_links":{"self":[{"href":"https:\/\/senzorika-varga.si\/en\/wp-json\/wp\/v2\/product\/10642","targetHints":{"allow":["GET"]}}],"collection":[{"href":"https:\/\/senzorika-varga.si\/en\/wp-json\/wp\/v2\/product"}],"about":[{"href":"https:\/\/senzorika-varga.si\/en\/wp-json\/wp\/v2\/types\/product"}],"replies":[{"embeddable":true,"href":"https:\/\/senzorika-varga.si\/en\/wp-json\/wp\/v2\/comments?post=10642"}],"version-history":[{"count":1,"href":"https:\/\/senzorika-varga.si\/en\/wp-json\/wp\/v2\/product\/10642\/revisions"}],"predecessor-version":[{"id":10643,"href":"https:\/\/senzorika-varga.si\/en\/wp-json\/wp\/v2\/product\/10642\/revisions\/10643"}],"wp:featuredmedia":[{"embeddable":true,"href":"https:\/\/senzorika-varga.si\/en\/wp-json\/wp\/v2\/media\/12383"}],"wp:attachment":[{"href":"https:\/\/senzorika-varga.si\/en\/wp-json\/wp\/v2\/media?parent=10642"}],"wp:term":[{"taxonomy":"product_brand","embeddable":true,"href":"https:\/\/senzorika-varga.si\/en\/wp-json\/wp\/v2\/product_brand?post=10642"},{"taxonomy":"product_cat","embeddable":true,"href":"https:\/\/senzorika-varga.si\/en\/wp-json\/wp\/v2\/product_cat?post=10642"},{"taxonomy":"product_tag","embeddable":true,"href":"https:\/\/senzorika-varga.si\/en\/wp-json\/wp\/v2\/product_tag?post=10642"}],"curies":[{"name":"wp","href":"https:\/\/api.w.org\/{rel}","templated":true}]}}