{"id":10640,"date":"2025-12-05T22:08:21","date_gmt":"2025-12-05T22:08:21","guid":{"rendered":"https:\/\/senzorika.ajvonidol.si\/?post_type=product&#038;p=10640"},"modified":"2025-12-27T19:42:52","modified_gmt":"2025-12-27T19:42:52","slug":"senzoricni-disk-zelen","status":"publish","type":"product","link":"https:\/\/senzorika-varga.si\/en\/product\/senzoricni-disk-zelen\/","title":{"rendered":"Senzori\u010dni disk \u2013 zelen"},"content":{"rendered":"<p>Senzori\u010dni disk se lahko uporablja za vaje za ravnote\u017eje v stoje\u010dem in sede\u010dem polo\u017eaju, za odpravljanje motenj dr\u017ee in za terapijo senzori\u010dne integracije. Spro\u0161\u010da in krepi hrbtne mi\u0161ice ter spodbuja pravilno dr\u017eo med sedenjem. Opremljen je s posebnimi jezi\u010dki, ki s spodbujanjem senzori\u010dnih receptorjev, npr. na stopalih, spro\u0161\u010dajo mi\u0161ice in izbolj\u0161ujejo prekrvavitev. Izdelan je iz visokokakovostnih materialov, odporen na po\u0161kodbe in enostaven za \u010di\u0161\u010denje. Disk je mogo\u010de napihniti in prilagoditi njegovo trdoto in konveksnost individualnim potrebam. Premer: 38,5 cm, obremenitev: do 150 kg; material: vinil; barva: zelena.<\/p>","protected":false},"excerpt":{"rendered":"<p>Senzori\u010dni disk se lahko uporablja za vaje za ravnote\u017eje v stoje\u010dem in sede\u010dem polo\u017eaju, za odpravljanje motenj dr\u017ee in za terapijo senzori\u010dne integracije. Spro\u0161\u010da in krepi hrbtne mi\u0161ice ter spodbuja pravilno dr\u017eo med sedenjem. Opremljen je s posebnimi jezi\u010dki, ki s spodbujanjem senzori\u010dnih receptorjev, npr. na stopalih, spro\u0161\u010dajo mi\u0161ice in izbolj\u0161ujejo prekrvavitev. Izdelan je iz visokokakovostnih materialov, odporen na po\u0161kodbe in enostaven za \u010di\u0161\u010denje. Disk je mogo\u010de napihniti in prilagoditi njegovo trdoto in konveksnost individualnim potrebam. Premer: 38,5 cm, obremenitev: do 150 kg; material: vinil; barva: zelena.<\/p>","protected":false},"featured_media":12382,"menu_order":0,"comment_status":"open","ping_status":"closed","template":"","meta":[],"product_brand":[],"product_cat":[106,101,67,105],"product_tag":[],"class_list":{"0":"post-10640","1":"product","2":"type-product","3":"status-publish","4":"has-post-thumbnail","6":"product_cat-gibanje","7":"product_cat-motorika","8":"product_cat-ravnotezje","9":"product_cat-terapija","11":"first","12":"instock","13":"taxable","14":"shipping-taxable","15":"purchasable","16":"product-type-simple"},"jetpack_sharing_enabled":true,"_links":{"self":[{"href":"https:\/\/senzorika-varga.si\/en\/wp-json\/wp\/v2\/product\/10640","targetHints":{"allow":["GET"]}}],"collection":[{"href":"https:\/\/senzorika-varga.si\/en\/wp-json\/wp\/v2\/product"}],"about":[{"href":"https:\/\/senzorika-varga.si\/en\/wp-json\/wp\/v2\/types\/product"}],"replies":[{"embeddable":true,"href":"https:\/\/senzorika-varga.si\/en\/wp-json\/wp\/v2\/comments?post=10640"}],"version-history":[{"count":1,"href":"https:\/\/senzorika-varga.si\/en\/wp-json\/wp\/v2\/product\/10640\/revisions"}],"predecessor-version":[{"id":10641,"href":"https:\/\/senzorika-varga.si\/en\/wp-json\/wp\/v2\/product\/10640\/revisions\/10641"}],"wp:featuredmedia":[{"embeddable":true,"href":"https:\/\/senzorika-varga.si\/en\/wp-json\/wp\/v2\/media\/12382"}],"wp:attachment":[{"href":"https:\/\/senzorika-varga.si\/en\/wp-json\/wp\/v2\/media?parent=10640"}],"wp:term":[{"taxonomy":"product_brand","embeddable":true,"href":"https:\/\/senzorika-varga.si\/en\/wp-json\/wp\/v2\/product_brand?post=10640"},{"taxonomy":"product_cat","embeddable":true,"href":"https:\/\/senzorika-varga.si\/en\/wp-json\/wp\/v2\/product_cat?post=10640"},{"taxonomy":"product_tag","embeddable":true,"href":"https:\/\/senzorika-varga.si\/en\/wp-json\/wp\/v2\/product_tag?post=10640"}],"curies":[{"name":"wp","href":"https:\/\/api.w.org\/{rel}","templated":true}]}}