{"id":10634,"date":"2025-12-05T22:08:21","date_gmt":"2025-12-05T22:08:21","guid":{"rendered":"https:\/\/senzorika.ajvonidol.si\/?post_type=product&#038;p=10634"},"modified":"2025-12-27T19:42:52","modified_gmt":"2025-12-27T19:42:52","slug":"senzoricne-poloble-v-obliki-ananasa","status":"publish","type":"product","link":"https:\/\/senzorika-varga.si\/en\/product\/senzoricne-poloble-v-obliki-ananasa\/","title":{"rendered":"Senzori\u010dne poloble v obliki ananasa"},"content":{"rendered":"<p>Senzori\u010dne pol\u017eoge izbolj\u0161ujejo dinami\u010dno ravnote\u017eje in zavedanje telesa. Pomagajo pri laj\u0161anju stresa in izbolj\u0161ajo krvni obtok. Poleg tega se lahko uporabljajo za razvoj koordinacije, vzdr\u017eljivosti in za trening razli\u010dnih mi\u0161i\u010dnih skupin. Odli\u010dne so za masa\u017eo, zlasti za masa\u017eo stopal. Primerne za otroke in odrasle. Specifikacije izdelka: 8 kosov; premer: 16 cm; 8 barv: rumena, oran\u017ena, rde\u010da, zelena, modra, temno modra, srebrna, roza; material: plastika; starost: 3+<br \/>\nBarve se lahko razlikujejo.<\/p>","protected":false},"excerpt":{"rendered":"<p>Senzori\u010dne pol\u017eoge izbolj\u0161ujejo dinami\u010dno ravnote\u017eje in zavedanje telesa. Pomagajo pri laj\u0161anju stresa in izbolj\u0161ajo krvni obtok. Poleg tega se lahko uporabljajo za razvoj koordinacije, vzdr\u017eljivosti in za trening razli\u010dnih mi\u0161i\u010dnih skupin. Odli\u010dne so za masa\u017eo, zlasti za masa\u017eo stopal. Primerne za otroke in odrasle. Specifikacije izdelka: 8 kosov; premer: 16 cm; 8 barv: rumena, oran\u017ena, rde\u010da, zelena, modra, temno modra, srebrna, roza; material: plastika; starost: 3+<br \/>\nBarve se lahko razlikujejo.<\/p>","protected":false},"featured_media":12378,"menu_order":0,"comment_status":"open","ping_status":"closed","template":"","meta":[],"product_brand":[],"product_cat":[106,101,67,105],"product_tag":[],"class_list":{"0":"post-10634","1":"product","2":"type-product","3":"status-publish","4":"has-post-thumbnail","6":"product_cat-gibanje","7":"product_cat-motorika","8":"product_cat-ravnotezje","9":"product_cat-terapija","11":"first","12":"instock","13":"taxable","14":"shipping-taxable","15":"purchasable","16":"product-type-simple"},"jetpack_sharing_enabled":true,"_links":{"self":[{"href":"https:\/\/senzorika-varga.si\/en\/wp-json\/wp\/v2\/product\/10634","targetHints":{"allow":["GET"]}}],"collection":[{"href":"https:\/\/senzorika-varga.si\/en\/wp-json\/wp\/v2\/product"}],"about":[{"href":"https:\/\/senzorika-varga.si\/en\/wp-json\/wp\/v2\/types\/product"}],"replies":[{"embeddable":true,"href":"https:\/\/senzorika-varga.si\/en\/wp-json\/wp\/v2\/comments?post=10634"}],"version-history":[{"count":1,"href":"https:\/\/senzorika-varga.si\/en\/wp-json\/wp\/v2\/product\/10634\/revisions"}],"predecessor-version":[{"id":10635,"href":"https:\/\/senzorika-varga.si\/en\/wp-json\/wp\/v2\/product\/10634\/revisions\/10635"}],"wp:featuredmedia":[{"embeddable":true,"href":"https:\/\/senzorika-varga.si\/en\/wp-json\/wp\/v2\/media\/12378"}],"wp:attachment":[{"href":"https:\/\/senzorika-varga.si\/en\/wp-json\/wp\/v2\/media?parent=10634"}],"wp:term":[{"taxonomy":"product_brand","embeddable":true,"href":"https:\/\/senzorika-varga.si\/en\/wp-json\/wp\/v2\/product_brand?post=10634"},{"taxonomy":"product_cat","embeddable":true,"href":"https:\/\/senzorika-varga.si\/en\/wp-json\/wp\/v2\/product_cat?post=10634"},{"taxonomy":"product_tag","embeddable":true,"href":"https:\/\/senzorika-varga.si\/en\/wp-json\/wp\/v2\/product_tag?post=10634"}],"curies":[{"name":"wp","href":"https:\/\/api.w.org\/{rel}","templated":true}]}}