{"id":10626,"date":"2025-12-05T22:08:19","date_gmt":"2025-12-05T22:08:19","guid":{"rendered":"https:\/\/senzorika.ajvonidol.si\/?post_type=product&#038;p=10626"},"modified":"2025-12-27T19:42:51","modified_gmt":"2025-12-27T19:42:51","slug":"akrilne-zoge-2","status":"publish","type":"product","link":"https:\/\/senzorika-varga.si\/en\/product\/akrilne-zoge-2\/","title":{"rendered":"Akrilne \u017eoge"},"content":{"rendered":"<p>Akrilne \u017eogice so prozorne, lahke senzori\u010dne igra\u010de, ki uporabnike vklju\u010dijo v igro in motori\u010dne vaje. \u017dogice so izdelane iz visokokakovostnega akrila in imajo gladko povr\u0161ino, ki zagotavlja prijetno otipno izku\u0161njo. Zaradi svoje prozornosti so vizualno privla\u010dne, ne\u017een odsev svetlobe pa spodbuja vid. Te \u017eogice so idealne za vaje koordinacije rok in o\u010di ter za dejavnosti, ki razvijajo ro\u010dne spretnosti in koncentracijo.<\/p>\n<p>Material: Akril<\/p>\n<p>Dimenzije: Premer 6 cm<\/p>\n<p>Starost: 3+<\/p>\n<p>Opomba: Barve se lahko razlikujejo.<\/p>","protected":false},"excerpt":{"rendered":"<p>Akrilne \u017eogice so prozorne, lahke senzori\u010dne igra\u010de, ki uporabnike vklju\u010dijo v igro in motori\u010dne vaje. \u017dogice so izdelane iz visokokakovostnega akrila in imajo gladko povr\u0161ino, ki zagotavlja prijetno otipno izku\u0161njo. Zaradi svoje prozornosti so vizualno privla\u010dne, ne\u017een odsev svetlobe pa spodbuja vid. Te \u017eogice so idealne za vaje koordinacije rok in o\u010di ter za dejavnosti, ki razvijajo ro\u010dne spretnosti in koncentracijo.<\/p>\n<p>Material: Akril<\/p>\n<p>Dimenzije: Premer 6 cm<\/p>\n<p>Starost: 3+<\/p>\n<p>Opomba: Barve se lahko razlikujejo.<\/p>","protected":false},"featured_media":12373,"menu_order":0,"comment_status":"open","ping_status":"closed","template":"","meta":[],"product_brand":[],"product_cat":[84],"product_tag":[],"class_list":{"0":"post-10626","1":"product","2":"type-product","3":"status-publish","4":"has-post-thumbnail","6":"product_cat-taktilno-razlikovanje","8":"first","9":"instock","10":"taxable","11":"shipping-taxable","12":"purchasable","13":"product-type-simple"},"jetpack_sharing_enabled":true,"_links":{"self":[{"href":"https:\/\/senzorika-varga.si\/en\/wp-json\/wp\/v2\/product\/10626","targetHints":{"allow":["GET"]}}],"collection":[{"href":"https:\/\/senzorika-varga.si\/en\/wp-json\/wp\/v2\/product"}],"about":[{"href":"https:\/\/senzorika-varga.si\/en\/wp-json\/wp\/v2\/types\/product"}],"replies":[{"embeddable":true,"href":"https:\/\/senzorika-varga.si\/en\/wp-json\/wp\/v2\/comments?post=10626"}],"version-history":[{"count":1,"href":"https:\/\/senzorika-varga.si\/en\/wp-json\/wp\/v2\/product\/10626\/revisions"}],"predecessor-version":[{"id":10627,"href":"https:\/\/senzorika-varga.si\/en\/wp-json\/wp\/v2\/product\/10626\/revisions\/10627"}],"wp:featuredmedia":[{"embeddable":true,"href":"https:\/\/senzorika-varga.si\/en\/wp-json\/wp\/v2\/media\/12373"}],"wp:attachment":[{"href":"https:\/\/senzorika-varga.si\/en\/wp-json\/wp\/v2\/media?parent=10626"}],"wp:term":[{"taxonomy":"product_brand","embeddable":true,"href":"https:\/\/senzorika-varga.si\/en\/wp-json\/wp\/v2\/product_brand?post=10626"},{"taxonomy":"product_cat","embeddable":true,"href":"https:\/\/senzorika-varga.si\/en\/wp-json\/wp\/v2\/product_cat?post=10626"},{"taxonomy":"product_tag","embeddable":true,"href":"https:\/\/senzorika-varga.si\/en\/wp-json\/wp\/v2\/product_tag?post=10626"}],"curies":[{"name":"wp","href":"https:\/\/api.w.org\/{rel}","templated":true}]}}