{"id":10622,"date":"2025-12-05T22:08:19","date_gmt":"2025-12-05T22:08:19","guid":{"rendered":"https:\/\/senzorika.ajvonidol.si\/?post_type=product&#038;p=10622"},"modified":"2025-12-27T19:42:48","modified_gmt":"2025-12-27T19:42:48","slug":"akrilne-zoge","status":"publish","type":"product","link":"https:\/\/senzorika-varga.si\/en\/product\/akrilne-zoge\/","title":{"rendered":"Akrilne \u017eoge"},"content":{"rendered":"<p>\u017delva s senzori\u010dnimi \u017eogicami je vsestranski komplet, ki podpira tako motori\u010dni kot senzori\u010dni razvoj. Barvita \u017eelva deluje kot posoda, ki vsebuje komplet \u017eogic razli\u010dnih tekstur in velikosti. Vsaka \u017eogica spodbuja ob\u010dutek dotika, spodbuja ro\u010dne vaje in senzori\u010dno integracijo. \u017delvo lahko uporabljate tako v skupinski igri kot pri individualnih dejavnostih, kar podpira razvoj motori\u010dne koordinacije in taktilne zaznave.<\/p>\n<p>Starost: 6 mesecev+<\/p>\n<p>Material: plastika<\/p>\n<p>Dimenzije:<\/p>\n<p>&#8211; \u017eelva: 21 x 28 x 10 cm<\/p>\n<p>&#8211; \u017eogice: premer 7 cm<\/p>","protected":false},"excerpt":{"rendered":"<p>\u017delva s senzori\u010dnimi \u017eogicami je vsestranski komplet, ki podpira tako motori\u010dni kot senzori\u010dni razvoj. Barvita \u017eelva deluje kot posoda, ki vsebuje komplet \u017eogic razli\u010dnih tekstur in velikosti. Vsaka \u017eogica spodbuja ob\u010dutek dotika, spodbuja ro\u010dne vaje in senzori\u010dno integracijo. \u017delvo lahko uporabljate tako v skupinski igri kot pri individualnih dejavnostih, kar podpira razvoj motori\u010dne koordinacije in taktilne zaznave.<\/p>\n<p>Starost: 6 mesecev+<\/p>\n<p>Material: plastika<\/p>\n<p>Dimenzije:<\/p>\n<p>&#8211; \u017eelva: 21 x 28 x 10 cm<\/p>\n<p>&#8211; \u017eogice: premer 7 cm<\/p>","protected":false},"featured_media":12369,"menu_order":0,"comment_status":"open","ping_status":"closed","template":"","meta":[],"product_brand":[],"product_cat":[84],"product_tag":[],"class_list":{"0":"post-10622","1":"product","2":"type-product","3":"status-publish","4":"has-post-thumbnail","6":"product_cat-taktilno-razlikovanje","8":"first","9":"instock","10":"taxable","11":"shipping-taxable","12":"purchasable","13":"product-type-simple"},"jetpack_sharing_enabled":true,"_links":{"self":[{"href":"https:\/\/senzorika-varga.si\/en\/wp-json\/wp\/v2\/product\/10622","targetHints":{"allow":["GET"]}}],"collection":[{"href":"https:\/\/senzorika-varga.si\/en\/wp-json\/wp\/v2\/product"}],"about":[{"href":"https:\/\/senzorika-varga.si\/en\/wp-json\/wp\/v2\/types\/product"}],"replies":[{"embeddable":true,"href":"https:\/\/senzorika-varga.si\/en\/wp-json\/wp\/v2\/comments?post=10622"}],"version-history":[{"count":1,"href":"https:\/\/senzorika-varga.si\/en\/wp-json\/wp\/v2\/product\/10622\/revisions"}],"predecessor-version":[{"id":10623,"href":"https:\/\/senzorika-varga.si\/en\/wp-json\/wp\/v2\/product\/10622\/revisions\/10623"}],"wp:featuredmedia":[{"embeddable":true,"href":"https:\/\/senzorika-varga.si\/en\/wp-json\/wp\/v2\/media\/12369"}],"wp:attachment":[{"href":"https:\/\/senzorika-varga.si\/en\/wp-json\/wp\/v2\/media?parent=10622"}],"wp:term":[{"taxonomy":"product_brand","embeddable":true,"href":"https:\/\/senzorika-varga.si\/en\/wp-json\/wp\/v2\/product_brand?post=10622"},{"taxonomy":"product_cat","embeddable":true,"href":"https:\/\/senzorika-varga.si\/en\/wp-json\/wp\/v2\/product_cat?post=10622"},{"taxonomy":"product_tag","embeddable":true,"href":"https:\/\/senzorika-varga.si\/en\/wp-json\/wp\/v2\/product_tag?post=10622"}],"curies":[{"name":"wp","href":"https:\/\/api.w.org\/{rel}","templated":true}]}}