{"id":10616,"date":"2025-12-05T22:08:19","date_gmt":"2025-12-05T22:08:19","guid":{"rendered":"https:\/\/senzorika.ajvonidol.si\/?post_type=product&#038;p=10616"},"modified":"2025-12-27T19:42:47","modified_gmt":"2025-12-27T19:42:47","slug":"komplet-polarne-zoge","status":"publish","type":"product","link":"https:\/\/senzorika-varga.si\/en\/product\/komplet-polarne-zoge\/","title":{"rendered":"Komplet polarne \u017eoge"},"content":{"rendered":"<p>Komplet Polar Ball je zbirka mehkih, prijetnih na dotik \u017eogic iz flisa, zasnovanih za spodbujanje senzori\u010dnega razvoja. Vsaka \u017eogica ponuja edinstvene taktilne ob\u010dutke zaradi mehkobe materiala, kar zagotavlja udobje in u\u017eitek med uporabo. Ta komplet je idealen za vaje, ki razvijajo fino motoriko in koordinacijo rok in o\u010di, ter spodbujajo sprostitev in pomiritev. \u017dogice se lahko uporabljajo pri razli\u010dnih individualnih ali skupinskih vajah.<\/p>\n<p>Material: Flis<\/p>\n<p>Dimenzije: 5 cm<\/p>\n<p>Komplet vsebuje: 50 pisanih \u017eogic<\/p>","protected":false},"excerpt":{"rendered":"<p>Komplet Polar Ball je zbirka mehkih, prijetnih na dotik \u017eogic iz flisa, zasnovanih za spodbujanje senzori\u010dnega razvoja. Vsaka \u017eogica ponuja edinstvene taktilne ob\u010dutke zaradi mehkobe materiala, kar zagotavlja udobje in u\u017eitek med uporabo. Ta komplet je idealen za vaje, ki razvijajo fino motoriko in koordinacijo rok in o\u010di, ter spodbujajo sprostitev in pomiritev. \u017dogice se lahko uporabljajo pri razli\u010dnih individualnih ali skupinskih vajah.<\/p>\n<p>Material: Flis<\/p>\n<p>Dimenzije: 5 cm<\/p>\n<p>Komplet vsebuje: 50 pisanih \u017eogic<\/p>","protected":false},"featured_media":12360,"menu_order":0,"comment_status":"open","ping_status":"closed","template":"","meta":[],"product_brand":[],"product_cat":[84],"product_tag":[],"class_list":{"0":"post-10616","1":"product","2":"type-product","3":"status-publish","4":"has-post-thumbnail","6":"product_cat-taktilno-razlikovanje","8":"first","9":"instock","10":"taxable","11":"shipping-taxable","12":"purchasable","13":"product-type-simple"},"jetpack_sharing_enabled":true,"_links":{"self":[{"href":"https:\/\/senzorika-varga.si\/en\/wp-json\/wp\/v2\/product\/10616","targetHints":{"allow":["GET"]}}],"collection":[{"href":"https:\/\/senzorika-varga.si\/en\/wp-json\/wp\/v2\/product"}],"about":[{"href":"https:\/\/senzorika-varga.si\/en\/wp-json\/wp\/v2\/types\/product"}],"replies":[{"embeddable":true,"href":"https:\/\/senzorika-varga.si\/en\/wp-json\/wp\/v2\/comments?post=10616"}],"version-history":[{"count":1,"href":"https:\/\/senzorika-varga.si\/en\/wp-json\/wp\/v2\/product\/10616\/revisions"}],"predecessor-version":[{"id":10617,"href":"https:\/\/senzorika-varga.si\/en\/wp-json\/wp\/v2\/product\/10616\/revisions\/10617"}],"wp:featuredmedia":[{"embeddable":true,"href":"https:\/\/senzorika-varga.si\/en\/wp-json\/wp\/v2\/media\/12360"}],"wp:attachment":[{"href":"https:\/\/senzorika-varga.si\/en\/wp-json\/wp\/v2\/media?parent=10616"}],"wp:term":[{"taxonomy":"product_brand","embeddable":true,"href":"https:\/\/senzorika-varga.si\/en\/wp-json\/wp\/v2\/product_brand?post=10616"},{"taxonomy":"product_cat","embeddable":true,"href":"https:\/\/senzorika-varga.si\/en\/wp-json\/wp\/v2\/product_cat?post=10616"},{"taxonomy":"product_tag","embeddable":true,"href":"https:\/\/senzorika-varga.si\/en\/wp-json\/wp\/v2\/product_tag?post=10616"}],"curies":[{"name":"wp","href":"https:\/\/api.w.org\/{rel}","templated":true}]}}