{"id":10610,"date":"2025-12-05T22:08:18","date_gmt":"2025-12-05T22:08:18","guid":{"rendered":"https:\/\/senzorika.ajvonidol.si\/?post_type=product&#038;p=10610"},"modified":"2025-12-27T19:42:47","modified_gmt":"2025-12-27T19:42:47","slug":"velika-senzoricna-zoga-jezek","status":"publish","type":"product","link":"https:\/\/senzorika-varga.si\/en\/product\/velika-senzoricna-zoga-jezek\/","title":{"rendered":"Velika senzori\u010dna \u017eoga &#8211; Je\u017eek"},"content":{"rendered":"<p>Otroci si lahko me\u010dejo \u017eogo ali ciljajo v vedro, se z njo igrajo in jo stiskajo v rokah. \u017doga se lahko odbija od tal za urjenje refleksov. Vstavki na \u017eogi omogo\u010dajo, da se odbija v nepredvidljive smeri, zato igra\u010da spodbuja razvoj motori\u010dnih sposobnosti, koordinacije rok in o\u010di ter spretnosti.<\/p>\n<p>1 kos; Dimenzije: premer 10 cm;<\/p>\n<p>Starost: 1+<\/p>","protected":false},"excerpt":{"rendered":"<p>Otroci si lahko me\u010dejo \u017eogo ali ciljajo v vedro, se z njo igrajo in jo stiskajo v rokah. \u017doga se lahko odbija od tal za urjenje refleksov. Vstavki na \u017eogi omogo\u010dajo, da se odbija v nepredvidljive smeri, zato igra\u010da spodbuja razvoj motori\u010dnih sposobnosti, koordinacije rok in o\u010di ter spretnosti.<\/p>\n<p>1 kos; Dimenzije: premer 10 cm;<\/p>\n<p>Starost: 1+<\/p>","protected":false},"featured_media":12355,"menu_order":0,"comment_status":"open","ping_status":"closed","template":"","meta":[],"product_brand":[],"product_cat":[84],"product_tag":[],"class_list":{"0":"post-10610","1":"product","2":"type-product","3":"status-publish","4":"has-post-thumbnail","6":"product_cat-taktilno-razlikovanje","8":"first","9":"instock","10":"taxable","11":"shipping-taxable","12":"purchasable","13":"product-type-simple"},"jetpack_sharing_enabled":true,"_links":{"self":[{"href":"https:\/\/senzorika-varga.si\/en\/wp-json\/wp\/v2\/product\/10610","targetHints":{"allow":["GET"]}}],"collection":[{"href":"https:\/\/senzorika-varga.si\/en\/wp-json\/wp\/v2\/product"}],"about":[{"href":"https:\/\/senzorika-varga.si\/en\/wp-json\/wp\/v2\/types\/product"}],"replies":[{"embeddable":true,"href":"https:\/\/senzorika-varga.si\/en\/wp-json\/wp\/v2\/comments?post=10610"}],"version-history":[{"count":1,"href":"https:\/\/senzorika-varga.si\/en\/wp-json\/wp\/v2\/product\/10610\/revisions"}],"predecessor-version":[{"id":10611,"href":"https:\/\/senzorika-varga.si\/en\/wp-json\/wp\/v2\/product\/10610\/revisions\/10611"}],"wp:featuredmedia":[{"embeddable":true,"href":"https:\/\/senzorika-varga.si\/en\/wp-json\/wp\/v2\/media\/12355"}],"wp:attachment":[{"href":"https:\/\/senzorika-varga.si\/en\/wp-json\/wp\/v2\/media?parent=10610"}],"wp:term":[{"taxonomy":"product_brand","embeddable":true,"href":"https:\/\/senzorika-varga.si\/en\/wp-json\/wp\/v2\/product_brand?post=10610"},{"taxonomy":"product_cat","embeddable":true,"href":"https:\/\/senzorika-varga.si\/en\/wp-json\/wp\/v2\/product_cat?post=10610"},{"taxonomy":"product_tag","embeddable":true,"href":"https:\/\/senzorika-varga.si\/en\/wp-json\/wp\/v2\/product_tag?post=10610"}],"curies":[{"name":"wp","href":"https:\/\/api.w.org\/{rel}","templated":true}]}}