{"id":10602,"date":"2025-12-05T22:08:17","date_gmt":"2025-12-05T22:08:17","guid":{"rendered":"https:\/\/senzorika.ajvonidol.si\/?post_type=product&#038;p=10602"},"modified":"2025-12-27T19:42:44","modified_gmt":"2025-12-27T19:42:44","slug":"senzoricni-mehurcki-komplet-8-srednje-velikih-zogic","status":"publish","type":"product","link":"https:\/\/senzorika-varga.si\/en\/product\/senzoricni-mehurcki-komplet-8-srednje-velikih-zogic\/","title":{"rendered":"Senzori\u010dni mehur\u010dki &#8211; komplet 8 srednje velikih \u017eogic"},"content":{"rendered":"<p>Otroci si lahko me\u010dejo \u017eoge ali ciljajo v vedro, se z njimi igrajo in jih stiskajo v rokah. \u017doge se lahko tudi odbijajo od tal za urjenje refleksov. Vstavki na \u017eogah omogo\u010dajo, da se odbijajo v nepredvidljive smeri, zato igra\u010da spodbuja razvoj motori\u010dnih sposobnosti, koordinacije rok in o\u010di ter spretnosti.<\/p>\n<p>6 kosov: veliki kraterji (rde\u010di), majhni kraterji (kobaltovi), sto\u017eci (turkizni), veliki mehur\u010dki (limetna rumena), srednji mehur\u010dki (roza), vstavki (oran\u017eni)<\/p>\n<p>Dimenzije: premer 10 cm<\/p>\n<p>Starost: 1+<\/p>","protected":false},"excerpt":{"rendered":"<p>Otroci si lahko me\u010dejo \u017eoge ali ciljajo v vedro, se z njimi igrajo in jih stiskajo v rokah. \u017doge se lahko tudi odbijajo od tal za urjenje refleksov. Vstavki na \u017eogah omogo\u010dajo, da se odbijajo v nepredvidljive smeri, zato igra\u010da spodbuja razvoj motori\u010dnih sposobnosti, koordinacije rok in o\u010di ter spretnosti.<\/p>\n<p>6 kosov: veliki kraterji (rde\u010di), majhni kraterji (kobaltovi), sto\u017eci (turkizni), veliki mehur\u010dki (limetna rumena), srednji mehur\u010dki (roza), vstavki (oran\u017eni)<\/p>\n<p>Dimenzije: premer 10 cm<\/p>\n<p>Starost: 1+<\/p>","protected":false},"featured_media":12348,"menu_order":0,"comment_status":"open","ping_status":"closed","template":"","meta":[],"product_brand":[],"product_cat":[84],"product_tag":[],"class_list":{"0":"post-10602","1":"product","2":"type-product","3":"status-publish","4":"has-post-thumbnail","6":"product_cat-taktilno-razlikovanje","8":"first","9":"instock","10":"taxable","11":"shipping-taxable","12":"purchasable","13":"product-type-simple"},"jetpack_sharing_enabled":true,"_links":{"self":[{"href":"https:\/\/senzorika-varga.si\/en\/wp-json\/wp\/v2\/product\/10602","targetHints":{"allow":["GET"]}}],"collection":[{"href":"https:\/\/senzorika-varga.si\/en\/wp-json\/wp\/v2\/product"}],"about":[{"href":"https:\/\/senzorika-varga.si\/en\/wp-json\/wp\/v2\/types\/product"}],"replies":[{"embeddable":true,"href":"https:\/\/senzorika-varga.si\/en\/wp-json\/wp\/v2\/comments?post=10602"}],"version-history":[{"count":1,"href":"https:\/\/senzorika-varga.si\/en\/wp-json\/wp\/v2\/product\/10602\/revisions"}],"predecessor-version":[{"id":10603,"href":"https:\/\/senzorika-varga.si\/en\/wp-json\/wp\/v2\/product\/10602\/revisions\/10603"}],"wp:featuredmedia":[{"embeddable":true,"href":"https:\/\/senzorika-varga.si\/en\/wp-json\/wp\/v2\/media\/12348"}],"wp:attachment":[{"href":"https:\/\/senzorika-varga.si\/en\/wp-json\/wp\/v2\/media?parent=10602"}],"wp:term":[{"taxonomy":"product_brand","embeddable":true,"href":"https:\/\/senzorika-varga.si\/en\/wp-json\/wp\/v2\/product_brand?post=10602"},{"taxonomy":"product_cat","embeddable":true,"href":"https:\/\/senzorika-varga.si\/en\/wp-json\/wp\/v2\/product_cat?post=10602"},{"taxonomy":"product_tag","embeddable":true,"href":"https:\/\/senzorika-varga.si\/en\/wp-json\/wp\/v2\/product_tag?post=10602"}],"curies":[{"name":"wp","href":"https:\/\/api.w.org\/{rel}","templated":true}]}}