{"id":1059,"date":"2025-11-03T21:50:54","date_gmt":"2025-11-03T21:50:54","guid":{"rendered":"https:\/\/senzorika.ajvonidol.si\/?post_type=product&#038;p=1059"},"modified":"2025-12-31T08:33:54","modified_gmt":"2025-12-31T08:33:54","slug":"prevleka-za-mazazno-blazino","status":"publish","type":"product","link":"https:\/\/senzorika-varga.si\/en\/product\/prevleka-za-mazazno-blazino\/","title":{"rendered":"Prevleka za masa\u017eno blazino"},"content":{"rendered":"<div><!--block-->Uporabljajte le z masa\u017eno blazino (9RMPF), ki ne segreva.&nbsp; Masa\u017ena blazina (9RMPF) ni vklju\u010dena v ceno.<\/div>","protected":false},"excerpt":{"rendered":"<p>Prevleka za masa\u017eno blazino<\/p>","protected":false},"featured_media":8752,"menu_order":0,"comment_status":"open","ping_status":"closed","template":"","meta":[],"product_brand":[],"product_cat":[96,95,125,99],"product_tag":[],"class_list":{"0":"post-1059","1":"product","2":"type-product","3":"status-publish","4":"has-post-thumbnail","6":"product_cat-masaza","7":"product_cat-propriocepcija","8":"product_cat-snoezelen","9":"product_cat-vibracije","11":"first","12":"instock","13":"taxable","14":"shipping-taxable","15":"purchasable","16":"product-type-simple"},"jetpack_sharing_enabled":true,"_links":{"self":[{"href":"https:\/\/senzorika-varga.si\/en\/wp-json\/wp\/v2\/product\/1059","targetHints":{"allow":["GET"]}}],"collection":[{"href":"https:\/\/senzorika-varga.si\/en\/wp-json\/wp\/v2\/product"}],"about":[{"href":"https:\/\/senzorika-varga.si\/en\/wp-json\/wp\/v2\/types\/product"}],"replies":[{"embeddable":true,"href":"https:\/\/senzorika-varga.si\/en\/wp-json\/wp\/v2\/comments?post=1059"}],"version-history":[{"count":1,"href":"https:\/\/senzorika-varga.si\/en\/wp-json\/wp\/v2\/product\/1059\/revisions"}],"predecessor-version":[{"id":1060,"href":"https:\/\/senzorika-varga.si\/en\/wp-json\/wp\/v2\/product\/1059\/revisions\/1060"}],"wp:featuredmedia":[{"embeddable":true,"href":"https:\/\/senzorika-varga.si\/en\/wp-json\/wp\/v2\/media\/8752"}],"wp:attachment":[{"href":"https:\/\/senzorika-varga.si\/en\/wp-json\/wp\/v2\/media?parent=1059"}],"wp:term":[{"taxonomy":"product_brand","embeddable":true,"href":"https:\/\/senzorika-varga.si\/en\/wp-json\/wp\/v2\/product_brand?post=1059"},{"taxonomy":"product_cat","embeddable":true,"href":"https:\/\/senzorika-varga.si\/en\/wp-json\/wp\/v2\/product_cat?post=1059"},{"taxonomy":"product_tag","embeddable":true,"href":"https:\/\/senzorika-varga.si\/en\/wp-json\/wp\/v2\/product_tag?post=1059"}],"curies":[{"name":"wp","href":"https:\/\/api.w.org\/{rel}","templated":true}]}}